{"id":1131,"date":"2020-04-16T13:05:06","date_gmt":"2020-04-16T11:05:06","guid":{"rendered":"https:\/\/www.polic.si\/?post_type=product&#038;p=1131"},"modified":"2020-04-17T17:09:39","modified_gmt":"2020-04-17T15:09:39","slug":"ekoloska-malvazija-2014","status":"publish","type":"product","link":"https:\/\/www.polic.si\/it\/product\/ekoloska-malvazija-2014\/","title":{"rendered":"Malvasia ecologica 2014"},"content":{"rendered":"<p>[et_pb_section fb_built=&#8221;1&#8243; _builder_version=&#8221;4.4.3&#8243; custom_padding=&#8221;0px||0px||false|false&#8221; hover_enabled=&#8221;0&#8243;][et_pb_row column_structure=&#8221;1_2,1_2&#8243; _builder_version=&#8221;4.4.3&#8243; background_size=&#8221;initial&#8221; background_position=&#8221;top_left&#8221; background_repeat=&#8221;repeat&#8221; width=&#8221;100%&#8221; hover_enabled=&#8221;0&#8243;][et_pb_column type=&#8221;1_2&#8243; _builder_version=&#8221;3.25&#8243; custom_padding=&#8221;|||&#8221; custom_padding__hover=&#8221;|||&#8221;][et_pb_wc_images _builder_version=&#8221;3.0.47&#8243;][\/et_pb_wc_images][\/et_pb_column][et_pb_column type=&#8221;1_2&#8243; _builder_version=&#8221;3.25&#8243; custom_padding=&#8221;|||&#8221; custom_padding__hover=&#8221;|||&#8221;][et_pb_wc_title admin_label=&#8221;Woo Title&#8221; _builder_version=&#8221;3.0.47&#8243;][\/et_pb_wc_title][et_pb_wc_description description_type=&#8221;description&#8221; admin_label=&#8221;opis&#8221; _builder_version=&#8221;4.4.3&#8243;][\/et_pb_wc_description][et_pb_divider color=&#8221;#000000&#8243; divider_position=&#8221;center&#8221; _builder_version=&#8221;4.4.3&#8243;][\/et_pb_divider][et_pb_wc_description admin_label=&#8221;kolicine&#8221; _builder_version=&#8221;4.4.3&#8243;][\/et_pb_wc_description][et_pb_divider color=&#8221;#000000&#8243; divider_position=&#8221;center&#8221; admin_label=&#8221;Divider&#8221; _builder_version=&#8221;4.4.3&#8243;][\/et_pb_divider][et_pb_button button_url=&#8221;https:\/\/www.polic.si\/kontakt\/&#8221; button_text=&#8221;Glede nakupa nas prosim kontaktirajte&#8221; _builder_version=&#8221;4.4.3&#8243;][\/et_pb_button][\/et_pb_column][\/et_pb_row][\/et_pb_section][et_pb_section fb_built=&#8221;1&#8243; _builder_version=&#8221;4.4.3&#8243; custom_margin=&#8221;-1px|||||&#8221; custom_padding=&#8221;0px||0px||true|false&#8221;][et_pb_row make_equal=&#8221;on&#8221; _builder_version=&#8221;4.4.3&#8243; width=&#8221;100%&#8221;][et_pb_column type=&#8221;4_4&#8243; _builder_version=&#8221;4.4.3&#8243;][et_pb_divider color=&#8221;#000000&#8243; divider_position=&#8221;center&#8221; _builder_version=&#8221;4.4.3&#8243;][\/et_pb_divider][et_pb_text _builder_version=&#8221;4.4.3&#8243; text_font=&#8221;sofia PRO|500|||||||&#8221; text_font_size=&#8221;31px&#8221; text_orientation=&#8221;center&#8221; custom_margin=&#8221;30px||30px||true|false&#8221;]<\/p>\n<h1>na\u0161a ostala vina<\/h1>\n<p>[\/et_pb_text][et_pb_shop type=&#8221;product_category&#8221; posts_number=&#8221;4&#8243; columns_number=&#8221;4&#8243; icon_hover_color=&#8221;#e61a79&#8243; hover_overlay_color=&#8221;rgba(230,26,121,0.13)&#8221; _builder_version=&#8221;4.4.3&#8243; title_font_size=&#8221;17px&#8221; text_orientation=&#8221;center&#8221; width=&#8221;100%&#8221; custom_margin=&#8221;0px|0px|0px|0px|true|true&#8221; custom_padding=&#8221;0px||0px||true|false&#8221; child_filter_brightness=&#8221;110%&#8221; box_shadow_style_image=&#8221;preset3&#8243; box_shadow_color_image=&#8221;rgba(0,0,0,0.24)&#8221;][\/et_pb_shop][\/et_pb_column][\/et_pb_row][\/et_pb_section]<\/p>\n","protected":false},"excerpt":{"rendered":"<p>Quantitavi limitati: <strong>2500 bottiglie<\/strong><br \/>\nTipo: <strong>Secco<\/strong><br \/>\nContenuto d\u2019 alcol: <strong>Alc 12.5% vol.<\/strong><br \/>\nQuantit\u00e0: <strong>750 ml<\/strong><\/p>","protected":false},"featured_media":1132,"template":"","meta":{"_et_pb_use_builder":"on","_et_pb_old_content":"Ekolo\u0161ka Malvazija; rumena, gladka, svilnata v ustih in dobro zaokro\u017eena s pridihom zrelega sadja in citrusov na koncu njene aromati\u010dne vztrajnosti in elegantnega okusa, je plod pazljivega ro\u010dnega obirnanja te autohtone Istrske sorte grozdja. Vino je dodelano s postopkom maceracije in skladno s Hado znanostjo ter starodavnimi tradicionalnimi praksami.","_et_gb_content_width":""},"product_brand":[],"product_cat":[22],"product_tag":[],"class_list":{"0":"post-1131","1":"product","2":"type-product","3":"status-publish","4":"has-post-thumbnail","6":"product_cat-vina","8":"first","9":"instock","10":"shipping-taxable","11":"product-type-simple"},"_links":{"self":[{"href":"https:\/\/www.polic.si\/it\/wp-json\/wp\/v2\/product\/1131","targetHints":{"allow":["GET"]}}],"collection":[{"href":"https:\/\/www.polic.si\/it\/wp-json\/wp\/v2\/product"}],"about":[{"href":"https:\/\/www.polic.si\/it\/wp-json\/wp\/v2\/types\/product"}],"wp:featuredmedia":[{"embeddable":true,"href":"https:\/\/www.polic.si\/it\/wp-json\/wp\/v2\/media\/1132"}],"wp:attachment":[{"href":"https:\/\/www.polic.si\/it\/wp-json\/wp\/v2\/media?parent=1131"}],"wp:term":[{"taxonomy":"product_brand","embeddable":true,"href":"https:\/\/www.polic.si\/it\/wp-json\/wp\/v2\/product_brand?post=1131"},{"taxonomy":"product_cat","embeddable":true,"href":"https:\/\/www.polic.si\/it\/wp-json\/wp\/v2\/product_cat?post=1131"},{"taxonomy":"product_tag","embeddable":true,"href":"https:\/\/www.polic.si\/it\/wp-json\/wp\/v2\/product_tag?post=1131"}],"curies":[{"name":"wp","href":"https:\/\/api.w.org\/{rel}","templated":true}]}}