{"id":45,"date":"2020-03-17T17:08:49","date_gmt":"2020-03-17T15:08:49","guid":{"rendered":"https:\/\/www.polic.si\/?page_id=45"},"modified":"2021-04-15T10:47:55","modified_gmt":"2021-04-15T08:47:55","slug":"kontakt","status":"publish","type":"page","link":"https:\/\/www.polic.si\/it\/kontakt\/","title":{"rendered":"contatti"},"content":{"rendered":"<p>[et_pb_section fb_built=&#8221;1&#8243; _builder_version=&#8221;4.4.3&#8243; background_color=&#8221;#c8d300&#8243; background_enable_color=&#8221;off&#8221; background_enable_image=&#8221;off&#8221; custom_margin=&#8221;||0px||false|false&#8221; custom_margin_tablet=&#8221;150px||||false|false&#8221; custom_margin_phone=&#8221;&#8221; custom_margin_last_edited=&#8221;on|desktop&#8221;][et_pb_row column_structure=&#8221;1_2,1_2&#8243; _builder_version=&#8221;4.4.3&#8243; width=&#8221;100%&#8221; width_tablet=&#8221;&#8221; width_phone=&#8221;&#8221; width_last_edited=&#8221;on|tablet&#8221; custom_margin=&#8221;0px||0px||true|false&#8221; custom_margin_tablet=&#8221;-140px||||false|false&#8221; custom_margin_phone=&#8221;&#8221; custom_margin_last_edited=&#8221;on|desktop&#8221; custom_padding=&#8221;0px||0px||true|false&#8221;][et_pb_column type=&#8221;1_2&#8243; _builder_version=&#8221;4.4.3&#8243; background_enable_color=&#8221;off&#8221; position_origin_r=&#8221;bottom_left&#8221; z_index=&#8221;500&#8243;][et_pb_text _builder_version=&#8221;4.4.5&#8243; text_line_height=&#8221;1.6em&#8221; header_font=&#8221;||||||||&#8221; header_text_align=&#8221;right&#8221; header_text_color=&#8221;#000000&#8243; header_font_size=&#8221;49px&#8221; header_2_font=&#8221;Baskervville||||||||&#8221; header_2_text_align=&#8221;left&#8221; header_2_text_color=&#8221;#000000&#8243; header_2_font_size=&#8221;48px&#8221; header_3_font=&#8221;sofia PRO||||||||&#8221; header_3_text_align=&#8221;right&#8221; header_3_font_size=&#8221;17px&#8221; header_3_line_height=&#8221;1.5em&#8221; background_color=&#8221;#ffffff&#8221; custom_padding=&#8221;20px|20px|20px|20px|false|true&#8221; custom_padding_tablet=&#8221;&#8221; custom_padding_phone=&#8221;&#8221; custom_padding_last_edited=&#8221;on|phone&#8221; header_2_font_size_tablet=&#8221;&#8221; header_2_font_size_phone=&#8221;40px&#8221; header_2_font_size_last_edited=&#8221;on|tablet&#8221;]<\/p>\n<h2 style=\"text-align: right;\">Kontakt<\/h2>\n<h3>Veselimo se va\u0161ega obiska, lepo vabljeni na kozarec vina, na dobro hrano ali zgolj na sve\u017ei istrski zrak.<\/h3>\n<p>[\/et_pb_text][\/et_pb_column][et_pb_column type=&#8221;1_2&#8243; _builder_version=&#8221;4.4.3&#8243; positioning=&#8221;none&#8221;][et_pb_image src=&#8221;https:\/\/www.polic.si\/wp-content\/uploads\/2020\/04\/vines-2.jpg&#8221; _builder_version=&#8221;4.4.3&#8243; transform_scale=&#8221;145%|145%&#8221; transform_scale_tablet=&#8221;&#8221; transform_scale_phone=&#8221;&#8221; transform_scale_last_edited=&#8221;on|desktop&#8221; transform_translate_tablet=&#8221;&#8221; transform_translate_phone=&#8221;&#8221; transform_translate_last_edited=&#8221;on|desktop&#8221; transform_rotate_tablet=&#8221;&#8221; transform_rotate_phone=&#8221;&#8221; transform_rotate_last_edited=&#8221;on|desktop&#8221; transform_skew_tablet=&#8221;&#8221; transform_skew_phone=&#8221;&#8221; transform_skew_last_edited=&#8221;on|desktop&#8221; transform_origin_tablet=&#8221;&#8221; transform_origin_phone=&#8221;&#8221; transform_origin_last_edited=&#8221;on|desktop&#8221; transform_styles_last_edited=&#8221;on|desktop&#8221; width=&#8221;100%&#8221; transform_styles_tablet=&#8221;&#8221; transform_styles_phone=&#8221;&#8221;][\/et_pb_image][\/et_pb_column][\/et_pb_row][\/et_pb_section][et_pb_section fb_built=&#8221;1&#8243; _builder_version=&#8221;4.4.2&#8243; background_color=&#8221;rgba(142,0,61,0.1)&#8221; custom_margin=&#8221;12px|||||&#8221;][et_pb_row column_structure=&#8221;1_2,1_2&#8243; _builder_version=&#8221;4.4.2&#8243;][et_pb_column type=&#8221;1_2&#8243; _builder_version=&#8221;4.4.2&#8243;][et_pb_image src=&#8221;https:\/\/www.polic.si\/wp-content\/uploads\/2020\/05\/bottle-2.jpg&#8221; title_text=&#8221;bottle 2&#8243; _builder_version=&#8221;4.4.5&#8243; positioning=&#8221;relative&#8221; position_origin_r=&#8221;bottom_right&#8221; vertical_offset=&#8221;150px&#8221; vertical_offset_tablet=&#8221;&#8221; vertical_offset_phone=&#8221;80px&#8221; vertical_offset_last_edited=&#8221;on|phone&#8221; animation_style=&#8221;slide&#8221; animation_direction=&#8221;top&#8221;][\/et_pb_image][et_pb_sidebar _builder_version=&#8221;4.4.2&#8243;][\/et_pb_sidebar][et_pb_text _builder_version=&#8221;4.4.5&#8243; background_color=&#8221;#8e1a4c&#8221; custom_margin=&#8221;0px||||false|false&#8221; custom_padding=&#8221;25px|24px|25px|24px|true|true&#8221; animation_style=&#8221;slide&#8221; animation_direction=&#8221;top&#8221; link_font_size__hover_enabled=&#8221;on|hover&#8221; link_font_size__hover=&#8221;32px&#8221;]<\/p>\n<h2><span style=\"color: #ffffff;\">Prosimo vas, da nas kontaktirate preko e-po\u0161te:\u00a0<a style=\"color: #ffffff;\" href=\"mailto:posestvo@polic.si\">posestvo@polic.si<\/a>\u00a0ali na telefon\u00a0+386 51 666 777\u00a0ali preko katerega od socialnih omre\u017eij.<\/span><\/h2>\n<p>[\/et_pb_text][\/et_pb_column][et_pb_column type=&#8221;1_2&#8243; _builder_version=&#8221;4.4.3&#8243;][et_pb_text quote_border_weight=&#8221;0px&#8221; quote_border_color=&#8221;rgba(0,0,0,0)&#8221; _builder_version=&#8221;4.9.4&#8243; link_text_color=&#8221;#8e1a4c&#8221; quote_font=&#8221;sofia PRO||||||||&#8221; quote_text_align=&#8221;left&#8221; quote_text_color=&#8221;#000000&#8243; quote_font_size=&#8221;19px&#8221; quote_line_height=&#8221;1.3em&#8221; hover_enabled=&#8221;0&#8243; sticky_enabled=&#8221;0&#8243;]<\/p>\n<h1 style=\"text-align: left;\">POSESTVO POLI\u010c TRU\u0160KE<\/h1>\n<h3 style=\"text-align: left;\"><a href=\"https:\/\/goo.gl\/maps\/JegyhybUWe3tvvk1A\">Tru\u0161ke 40, 6273 Marezige, Slovenija<\/a><\/h3>\n<h3 style=\"text-align: left;\">e<span>\u00a0<\/span><a href=\"mailto:posestvo@polic.si\">posestvo@polic.si<\/a><\/h3>\n<h3 style=\"text-align: left;\">t +386 51 666 777<\/h3>\n<p>[\/et_pb_text][et_pb_text quote_border_weight=&#8221;0px&#8221; quote_border_color=&#8221;rgba(0,0,0,0)&#8221; _builder_version=&#8221;4.4.5&#8243; quote_font=&#8221;sofia PRO||||||||&#8221; quote_text_align=&#8221;left&#8221; quote_text_color=&#8221;#000000&#8243; quote_font_size=&#8221;19px&#8221; quote_line_height=&#8221;1.3em&#8221;]<\/p>\n<p>Vse na\u0161e izdelke lahko naro\u010dite preko spleta in vam jih po\u0161ljemo na dom. Prosimo, po\u0161ljite nam va\u0161e povpra\u0161evanje preko elektronske po\u0161te. V najkraj\u0161em \u010dasu vam bomo posredovali na\u0161o najbolj\u0161o ponudbo.<\/p>\n<p>[\/et_pb_text][et_pb_divider color=&#8221;#000000&#8243; divider_position=&#8221;center&#8221; _builder_version=&#8221;4.4.3&#8243;][\/et_pb_divider][et_pb_contact_form email=&#8221;posestvo@polic.si&#8221; submit_button_text=&#8221;Po\u0161lji&#8221; _builder_version=&#8221;4.4.2&#8243; form_field_background_color=&#8221;#ffffff&#8221; width=&#8221;100%&#8221;][et_pb_contact_field field_id=&#8221;ime&#8221; field_title=&#8221;Ime&#8221; allowed_symbols=&#8221;letters&#8221; _builder_version=&#8221;4.4.2&#8243; background_enable_color=&#8221;off&#8221; button_text_size__hover_enabled=&#8221;off&#8221; button_one_text_size__hover_enabled=&#8221;off&#8221; button_two_text_size__hover_enabled=&#8221;off&#8221; button_text_color__hover_enabled=&#8221;off&#8221; button_one_text_color__hover_enabled=&#8221;off&#8221; button_two_text_color__hover_enabled=&#8221;off&#8221; button_border_width__hover_enabled=&#8221;off&#8221; button_one_border_width__hover_enabled=&#8221;off&#8221; button_two_border_width__hover_enabled=&#8221;off&#8221; button_border_color__hover_enabled=&#8221;off&#8221; button_one_border_color__hover_enabled=&#8221;off&#8221; button_two_border_color__hover_enabled=&#8221;off&#8221; button_border_radius__hover_enabled=&#8221;off&#8221; button_one_border_radius__hover_enabled=&#8221;off&#8221; button_two_border_radius__hover_enabled=&#8221;off&#8221; button_letter_spacing__hover_enabled=&#8221;off&#8221; button_one_letter_spacing__hover_enabled=&#8221;off&#8221; button_two_letter_spacing__hover_enabled=&#8221;off&#8221; button_bg_color__hover_enabled=&#8221;off&#8221; button_one_bg_color__hover_enabled=&#8221;off&#8221; button_two_bg_color__hover_enabled=&#8221;off&#8221;][\/et_pb_contact_field][et_pb_contact_field field_id=&#8221;Email&#8221; field_title=&#8221;Va\u0161a e-po\u0161ta&#8221; field_type=&#8221;email&#8221; _builder_version=&#8221;4.4.2&#8243; button_text_size__hover_enabled=&#8221;off&#8221; button_one_text_size__hover_enabled=&#8221;off&#8221; button_two_text_size__hover_enabled=&#8221;off&#8221; button_text_color__hover_enabled=&#8221;off&#8221; button_one_text_color__hover_enabled=&#8221;off&#8221; button_two_text_color__hover_enabled=&#8221;off&#8221; button_border_width__hover_enabled=&#8221;off&#8221; button_one_border_width__hover_enabled=&#8221;off&#8221; button_two_border_width__hover_enabled=&#8221;off&#8221; button_border_color__hover_enabled=&#8221;off&#8221; button_one_border_color__hover_enabled=&#8221;off&#8221; button_two_border_color__hover_enabled=&#8221;off&#8221; button_border_radius__hover_enabled=&#8221;off&#8221; button_one_border_radius__hover_enabled=&#8221;off&#8221; button_two_border_radius__hover_enabled=&#8221;off&#8221; button_letter_spacing__hover_enabled=&#8221;off&#8221; button_one_letter_spacing__hover_enabled=&#8221;off&#8221; button_two_letter_spacing__hover_enabled=&#8221;off&#8221; button_bg_color__hover_enabled=&#8221;off&#8221; button_one_bg_color__hover_enabled=&#8221;off&#8221; button_two_bg_color__hover_enabled=&#8221;off&#8221;][\/et_pb_contact_field][et_pb_contact_field field_id=&#8221;Message&#8221; field_title=&#8221;Sporo\u010dilo&#8221; field_type=&#8221;text&#8221; fullwidth_field=&#8221;on&#8221; _builder_version=&#8221;4.4.2&#8243; button_text_size__hover_enabled=&#8221;off&#8221; button_one_text_size__hover_enabled=&#8221;off&#8221; button_two_text_size__hover_enabled=&#8221;off&#8221; button_text_color__hover_enabled=&#8221;off&#8221; button_one_text_color__hover_enabled=&#8221;off&#8221; button_two_text_color__hover_enabled=&#8221;off&#8221; button_border_width__hover_enabled=&#8221;off&#8221; button_one_border_width__hover_enabled=&#8221;off&#8221; button_two_border_width__hover_enabled=&#8221;off&#8221; button_border_color__hover_enabled=&#8221;off&#8221; button_one_border_color__hover_enabled=&#8221;off&#8221; button_two_border_color__hover_enabled=&#8221;off&#8221; button_border_radius__hover_enabled=&#8221;off&#8221; button_one_border_radius__hover_enabled=&#8221;off&#8221; button_two_border_radius__hover_enabled=&#8221;off&#8221; button_letter_spacing__hover_enabled=&#8221;off&#8221; button_one_letter_spacing__hover_enabled=&#8221;off&#8221; button_two_letter_spacing__hover_enabled=&#8221;off&#8221; button_bg_color__hover_enabled=&#8221;off&#8221; button_one_bg_color__hover_enabled=&#8221;off&#8221; button_two_bg_color__hover_enabled=&#8221;off&#8221;][\/et_pb_contact_field][\/et_pb_contact_form][\/et_pb_column][\/et_pb_row][\/et_pb_section][et_pb_section fb_built=&#8221;1&#8243; module_id=&#8221;vkaj&#8221; _builder_version=&#8221;4.4.5&#8243; background_color=&#8221;#ffffff&#8221; custom_margin=&#8221;0px||0px||true|false&#8221; custom_padding=&#8221;||0px||false|false&#8221;][et_pb_row column_structure=&#8221;1_3,1_3,1_3&#8243; _builder_version=&#8221;4.4.5&#8243; custom_margin=&#8221;||0px||false|false&#8221; custom_margin_tablet=&#8221;&#8221; custom_margin_phone=&#8221;&#8221; custom_margin_last_edited=&#8221;on|desktop&#8221; custom_padding=&#8221;||0px||false|false&#8221;][et_pb_column type=&#8221;1_3&#8243; _builder_version=&#8221;4.4.5&#8243;][et_pb_text _builder_version=&#8221;4.4.5&#8243; header_font=&#8221;Baskervville||||||||&#8221; header_text_align=&#8221;left&#8221; header_font_size=&#8221;40px&#8221; header_2_font=&#8221;Baskervville||||||||&#8221; header_2_text_align=&#8221;left&#8221; header_2_font_size=&#8221;48px&#8221; header_font_size_tablet=&#8221;&#8221; header_font_size_phone=&#8221;&#8221; header_font_size_last_edited=&#8221;on|desktop&#8221; header_2_font_size_tablet=&#8221;&#8221; header_2_font_size_phone=&#8221;40px&#8221; header_2_font_size_last_edited=&#8221;on|tablet&#8221;]<\/p>\n<h1><span>Kje nas najdete<\/span><\/h1>\n<p>[\/et_pb_text][et_pb_divider color=&#8221;#000000&#8243; _builder_version=&#8221;4.4.2&#8243; locked=&#8221;off&#8221;][\/et_pb_divider][et_pb_text _builder_version=&#8221;4.4.5&#8243; custom_padding=&#8221;||12px|||&#8221;]<\/p>\n<p><span>Na\u0161i buti\u010dni izdelki so proizvedeni v zelo omejenih koli\u010dinah. Na voljo so v skrbno izbranih restavracijah, vinotekah, hotelih in vinskih barih po svetu. Skladno z na\u0161imi prepri\u010danji, prodajamo svoje buti\u010dne izdelke samo ljudem, s katerimi delimo podobna \u017eivljenjska videnja, izvrstnim restavracijam, ki jih z veseljem priporo\u010damo, kot tudi hotele in vinske bare. Zaradi omejenih koli\u010din izbiramo po pravilu &#8220;eden na lokacijo&#8221;.<\/span><\/p>\n<p>[\/et_pb_text][\/et_pb_column][et_pb_column type=&#8221;1_3&#8243; _builder_version=&#8221;4.4.2&#8243;][et_pb_text _builder_version=&#8221;4.4.5&#8243; link_font=&#8221;sofia PRO||||||||&#8221; link_text_color=&#8221;#000000&#8243; link_font_size=&#8221;16px&#8221; custom_padding=&#8221;||10px|||&#8221; link_font_size__hover_enabled=&#8221;on|hover&#8221; link_font_size__hover=&#8221;22px&#8221;]<\/p>\n<p><span>Na spodnjem seznamu so restavracije, ki jih priporo\u010damo, kjer najdete tudi na\u0161e buti\u010dne izdelke v Sloveniji:<\/span><\/p>\n<p><span style=\"text-decoration: underline;\"><a href=\"https:\/\/jb-slo.com\" target=\"_blank\" rel=\"noopener noreferrer\">JB &#8211; sredi\u0161\u010de Ljubljane<\/a><\/span><br \/><span style=\"text-decoration: underline;\"> <a href=\"https:\/\/www.facebook.com\/gostilna.jakominkubed\/\" target=\"_blank\" rel=\"noopener noreferrer\">Jakomin &#8211; Kubed<\/a><\/span><br \/><span style=\"text-decoration: underline;\"> <a href=\"https:\/\/stara-gostilna.com\" target=\"_blank\" rel=\"noopener noreferrer\">Stara Gostilna &#8211; Piran<\/a><\/span><br \/><span style=\"text-decoration: underline;\"> <a href=\"http:\/\/www.gostilnasonja.si\" target=\"_blank\" rel=\"noopener noreferrer\">Sonja &#8211; Izola<\/a><\/span><br \/><span style=\"text-decoration: underline;\"> <a href=\"https:\/\/www.ostarija.eu\" target=\"_blank\" rel=\"noopener noreferrer\">O\u0161tarija &#8211; Portoro\u017e<\/a><\/span><\/p>\n<p>Vinoteke in vinski bari<br \/> <span style=\"text-decoration: underline;\"><a href=\"http:\/\/okusiistre.com\" target=\"_blank\" rel=\"noopener noreferrer\">Okusi Istre &#8211; Koper<\/a><\/span><br \/><span style=\"text-decoration: underline;\"> <a href=\"https:\/\/www.visitizola.com\/map\/vinoteka-1001-vino\" target=\"_blank\" rel=\"noopener noreferrer\">1001 Vino &#8211; Izola<\/a><\/span><\/p>\n<p><span><\/span><\/p>\n<p><span>Za sezname v drugih dr\u017eavah, nas povpra\u0161ajte. Izva\u017eamo v: Italijo, Avstrijo, Hrva\u0161ko, Francijo, Nizozemsko, \u0160vico, Veliko Britanijo, ZDA, Tajsko, Malezijo, Avstralijo, Singapur.<\/span><\/p>\n<p><span>Vsi na\u0161i izdelki so na voljo tudi preko spletnega naro\u010dila. Prosimo, po\u0161ljite nam va\u0161e <a href=\"mailto:posestvo@polic.si\">povpra\u0161evanje<\/a> in odgovorili bomo z na\u0161o najbolj\u0161o ponudbo v najkraj\u0161em mo\u017enem \u010dasu.<\/span><\/p>\n<p>[\/et_pb_text][\/et_pb_column][et_pb_column type=&#8221;1_3&#8243; _builder_version=&#8221;4.4.5&#8243; position_origin_r=&#8221;bottom_right&#8221; vertical_offset=&#8221;130px&#8221; vertical_offset_tablet=&#8221;0px&#8221; vertical_offset_phone=&#8221;0px&#8221; vertical_offset_last_edited=&#8221;on|desktop&#8221;][et_pb_image src=&#8221;https:\/\/www.polic.si\/wp-content\/uploads\/2020\/05\/POLIC-vine-IN.jpg&#8221; title_text=&#8221;POLIC-vine-IN&#8221; _builder_version=&#8221;4.4.5&#8243; animation_style=&#8221;fade&#8221;][\/et_pb_image][et_pb_image src=&#8221;https:\/\/www.polic.si\/wp-content\/uploads\/2020\/03\/headermain.jpg&#8221; title_text=&#8221;headermain&#8221; disabled_on=&#8221;on|on|off&#8221; _builder_version=&#8221;4.4.5&#8243;][\/et_pb_image][\/et_pb_column][\/et_pb_row][\/et_pb_section][et_pb_section fb_built=&#8221;1&#8243; disabled_on=&#8221;off|off|off&#8221; _builder_version=&#8221;4.4.3&#8243; custom_padding=&#8221;0px||||false|false&#8221;][et_pb_row _builder_version=&#8221;4.4.2&#8243;][et_pb_column type=&#8221;4_4&#8243; _builder_version=&#8221;4.4.2&#8243;][et_pb_divider color=&#8221;#000000&#8243; _builder_version=&#8221;4.4.2&#8243;][\/et_pb_divider][et_pb_text _builder_version=&#8221;4.4.2&#8243;]<\/p>\n<h1 style=\"text-align: center;\">instagram<\/h1>\n<p>[\/et_pb_text][et_pb_text _builder_version=&#8221;4.4.2&#8243; custom_margin=&#8221;0px||0px||true|false&#8221; custom_padding=&#8221;0px||0px||true|false&#8221;]<\/p>\n<p><span>\n<div id=\"sb_instagram\"  class=\"sbi sbi_mob_col_1 sbi_tab_col_2 sbi_col_6\" style=\"padding-bottom: 6px; width: 100%; height: 100%;\"\t data-feedid=\"*1\"  data-res=\"auto\" data-cols=\"6\" data-colsmobile=\"1\" data-colstablet=\"2\" data-num=\"6\" data-nummobile=\"\" data-item-padding=\"3\"\t data-shortcode-atts=\"{}\"  data-postid=\"45\" data-locatornonce=\"9f062849c8\" data-imageaspectratio=\"1:1\" data-sbi-flags=\"favorLocal,gdpr\">\n\t\n\t<div id=\"sbi_images\"  style=\"gap: 6px;\">\n\t\t\t<\/div>\n\n\t<div id=\"sbi_load\" >\n\n\t\n\t\n<\/div>\n\t\t<span class=\"sbi_resized_image_data\" data-feed-id=\"*1\"\n\t\t  data-resized=\"[]\">\n\t<\/span>\n\t<\/div>\n\n<\/span><\/p>\n<p>[\/et_pb_text][\/et_pb_column][\/et_pb_row][\/et_pb_section]<\/p>\n","protected":false},"excerpt":{"rendered":"<p>Kontakt Veselimo se va\u0161ega obiska, lepo vabljeni na kozarec vina, na dobro hrano ali zgolj na sve\u017ei istrski zrak.Prosimo vas, da nas kontaktirate preko e-po\u0161te:\u00a0posestvo@polic.si\u00a0ali na telefon\u00a0+386 51 666 777\u00a0ali preko katerega od socialnih omre\u017eij.POSESTVO POLI\u010c TRU\u0160KE Tru\u0161ke 40, 6273 Marezige, Slovenija e\u00a0posestvo@polic.si t +386 51 666 777Vse na\u0161e izdelke lahko naro\u010dite preko spleta in [&hellip;]<\/p>\n","protected":false},"author":2,"featured_media":0,"parent":0,"menu_order":0,"comment_status":"closed","ping_status":"closed","template":"","meta":{"_et_pb_use_builder":"on","_et_pb_old_content":"<!-- wp:divi\/placeholder \/-->","_et_gb_content_width":"","footnotes":""},"class_list":["post-45","page","type-page","status-publish","hentry"],"_links":{"self":[{"href":"https:\/\/www.polic.si\/it\/wp-json\/wp\/v2\/pages\/45","targetHints":{"allow":["GET"]}}],"collection":[{"href":"https:\/\/www.polic.si\/it\/wp-json\/wp\/v2\/pages"}],"about":[{"href":"https:\/\/www.polic.si\/it\/wp-json\/wp\/v2\/types\/page"}],"author":[{"embeddable":true,"href":"https:\/\/www.polic.si\/it\/wp-json\/wp\/v2\/users\/2"}],"replies":[{"embeddable":true,"href":"https:\/\/www.polic.si\/it\/wp-json\/wp\/v2\/comments?post=45"}],"version-history":[{"count":50,"href":"https:\/\/www.polic.si\/it\/wp-json\/wp\/v2\/pages\/45\/revisions"}],"predecessor-version":[{"id":2125,"href":"https:\/\/www.polic.si\/it\/wp-json\/wp\/v2\/pages\/45\/revisions\/2125"}],"wp:attachment":[{"href":"https:\/\/www.polic.si\/it\/wp-json\/wp\/v2\/media?parent=45"}],"curies":[{"name":"wp","href":"https:\/\/api.w.org\/{rel}","templated":true}]}}