{"id":41,"date":"2020-03-17T17:08:09","date_gmt":"2020-03-17T15:08:09","guid":{"rendered":"https:\/\/www.polic.si\/?page_id=41"},"modified":"2020-06-26T23:58:26","modified_gmt":"2020-06-26T21:58:26","slug":"kozmetika","status":"publish","type":"page","link":"https:\/\/www.polic.si\/it\/kozmetika\/","title":{"rendered":"prodotti cosmetici"},"content":{"rendered":"<p>[et_pb_section fb_built=&#8221;1&#8243; _builder_version=&#8221;4.4.3&#8243; background_color=&#8221;#c8d300&#8243; background_enable_color=&#8221;off&#8221; background_enable_image=&#8221;off&#8221; min_height=&#8221;408px&#8221; custom_margin=&#8221;||0px||false|false&#8221; custom_margin_tablet=&#8221;150px||||false|false&#8221; custom_margin_phone=&#8221;&#8221; custom_margin_last_edited=&#8221;on|desktop&#8221;][et_pb_row column_structure=&#8221;1_2,1_2&#8243; make_equal=&#8221;on&#8221; _builder_version=&#8221;4.4.3&#8243; width=&#8221;100%&#8221; width_tablet=&#8221;&#8221; width_phone=&#8221;&#8221; width_last_edited=&#8221;on|desktop&#8221; custom_margin=&#8221;0px||0px||true|false&#8221; custom_margin_tablet=&#8221;-140px||||false|false&#8221; custom_margin_phone=&#8221;&#8221; custom_margin_last_edited=&#8221;on|desktop&#8221; custom_padding=&#8221;0px||0px||true|false&#8221;][et_pb_column type=&#8221;1_2&#8243; _builder_version=&#8221;4.4.3&#8243; background_enable_color=&#8221;off&#8221; positioning=&#8221;none&#8221; position_origin_r=&#8221;bottom_left&#8221;][et_pb_image src=&#8221;https:\/\/www.polic.si\/wp-content\/uploads\/2020\/03\/1.jpeg&#8221; _builder_version=&#8221;4.4.3&#8243; transform_scale=&#8221;145%|145%&#8221; transform_scale_tablet=&#8221;&#8221; transform_scale_phone=&#8221;&#8221; transform_scale_last_edited=&#8221;on|desktop&#8221; transform_translate_tablet=&#8221;&#8221; transform_translate_phone=&#8221;&#8221; transform_translate_last_edited=&#8221;on|desktop&#8221; transform_rotate_tablet=&#8221;&#8221; transform_rotate_phone=&#8221;&#8221; transform_rotate_last_edited=&#8221;on|desktop&#8221; transform_skew_tablet=&#8221;&#8221; transform_skew_phone=&#8221;&#8221; transform_skew_last_edited=&#8221;on|desktop&#8221; transform_origin_tablet=&#8221;&#8221; transform_origin_phone=&#8221;&#8221; transform_origin_last_edited=&#8221;on|desktop&#8221; transform_styles_last_edited=&#8221;on|desktop&#8221; width=&#8221;100%&#8221; transform_styles_tablet=&#8221;&#8221; transform_styles_phone=&#8221;&#8221;][\/et_pb_image][\/et_pb_column][et_pb_column type=&#8221;1_2&#8243; _builder_version=&#8221;4.4.3&#8243; positioning=&#8221;none&#8221;][et_pb_text _builder_version=&#8221;4.4.5&#8243; text_line_height=&#8221;1.6em&#8221; header_font=&#8221;Baskervville||on||||||&#8221; header_text_align=&#8221;left&#8221; header_text_color=&#8221;#000000&#8243; header_font_size=&#8221;48px&#8221; header_2_font=&#8221;sofia PRO||||on||||&#8221; header_2_text_align=&#8221;left&#8221; header_2_text_color=&#8221;#000000&#8243; header_3_font=&#8221;sofia PRO||||||||&#8221; header_3_font_size=&#8221;17px&#8221; header_3_line_height=&#8221;1.5em&#8221; background_color=&#8221;#ffffff&#8221; custom_padding=&#8221;20px|20px|20px|20px|false|true&#8221; custom_padding_tablet=&#8221;&#8221; custom_padding_phone=&#8221;&#8221; custom_padding_last_edited=&#8221;on|phone&#8221; header_font_size_tablet=&#8221;&#8221; header_font_size_phone=&#8221;40px&#8221; header_font_size_last_edited=&#8221;on|desktop&#8221; header_2_font_size_tablet=&#8221;&#8221; header_2_font_size_phone=&#8221;26px&#8221; header_2_font_size_last_edited=&#8221;on|phone&#8221; header_2_font_size__hover_enabled=&#8221;on|desktop&#8221; header_2_font_size__hover=&#8221;30px&#8221;]<\/p>\n<h1>Uglasi se s svojo melodijo<\/h1>\n<h3><span>I\u2019m resource In\u0161titut<\/span> je za\u0161\u010ditni znak <strong>\u00bb\u017eive, naravne linije izdelkov\u00ab<\/strong>, ki jo sestavljajo izklju\u010dno rastlinske surovine, razli\u010dni mikroorganizmi, encimi, minerali ter s fermentacijo nastali keratini in proteini.<\/h3>\n<p>[\/et_pb_text][\/et_pb_column][\/et_pb_row][\/et_pb_section][et_pb_section fb_built=&#8221;1&#8243; module_id=&#8221;obiscitenas&#8221; _builder_version=&#8221;4.4.3&#8243; background_color=&#8221;#bad8e0&#8243; custom_margin=&#8221;3px||||false|false&#8221;][et_pb_row column_structure=&#8221;1_2,1_2&#8243; _builder_version=&#8221;4.4.2&#8243;][et_pb_column type=&#8221;1_2&#8243; _builder_version=&#8221;4.4.2&#8243;][et_pb_divider color=&#8221;#000000&#8243; divider_position=&#8221;center&#8221; disabled_on=&#8221;on|on|off&#8221; _builder_version=&#8221;4.4.3&#8243;][\/et_pb_divider][et_pb_text quote_border_weight=&#8221;0px&#8221; quote_border_color=&#8221;rgba(0,0,0,0)&#8221; _builder_version=&#8221;4.4.5&#8243; quote_font=&#8221;sofia PRO||||||||&#8221; quote_text_align=&#8221;left&#8221; quote_text_color=&#8221;#000000&#8243; quote_font_size=&#8221;19px&#8221; quote_line_height=&#8221;1.3em&#8221; custom_padding=&#8221;|||0px||&#8221;]<\/p>\n<p>\u017diveti naravno ne pomeni samo zdravo prehranjevanje in lo\u010devanje odpadkov. Je \u017eivljenjski slog povezan z vsakdanjimi navadami, tudi z higijeno. <em>&#8220;Si kar je\u0161, si kar pije\u0161&#8221;<\/em>, lahko marsikje sli\u0161imo. Veliko ljudi se trudi jesti kolikor lahko naravno, ekolo\u0161ko, zdravo, za tem pa se preve\u010dkrat tu\u0161ira s kemikalijami, lase si prepogosto umiva s kemikalijami in kar je najhuje, veliko kemikalij si nanesejo na svoje obraze\u2026 To je vsakdanjik.<\/p>\n<p>Z raziskovanjem olja grozdnih pe\u0161k smo ugotovili, da ga uporabljajo priznane kozmeti\u010dne hi\u0161e v njihovih proizvodih vi\u0161jega cenovnega razreda kot posebno sestavino. Zelo podobne ugotovitve veljajo tudi za olj\u010dno olje in oljke. Ker pa nismo strokovnjaki na podro\u010dju kozmetike in lahko le ponudimo najbolj\u0161o ekolo\u0161ko sestavino, smo za\u010deli sodelovati z ljudmi s katerimi delimo zelo podobne ideje in prepri\u010danja, z nem\u0161kim in\u0161titutom <span>I\u2019m resource<\/span>.<\/p>\n<p><span>I\u2019m resource In\u0161titut<\/span> je za\u0161\u010ditni znak <strong>\u00bb\u017eive, naravne linije izdelkov\u00ab<\/strong>, ki jo sestavljajo izklju\u010dno rastlinske surovine, razli\u010dni mikroorganizmi, encimi, minerali ter s fermentacijo nastali keratini in proteini. Vsak izdelek vsebuje edinstveno me\u0161anico razli\u010dnih <span style=\"color: #008080;\"><strong>mikroorganizmov<\/strong><\/span>, ki poskrbijo za \u0161tevilne blagodejne u\u010dinke na lase, ko\u017eo in po\u010dutje. Ob uporabi izdelkov vas \u010daka edinstvena izku\u0161nja, saj vam omogo\u010di neposreden stik z <strong>\u00bb\u017eivim delom narave\u00ab<\/strong>, kar prina\u0161a ob\u010dutek \u010distosti, sve\u017eine, \u017eivahnosti in vitalnosti.<\/p>\n<p>[\/et_pb_text][\/et_pb_column][et_pb_column type=&#8221;1_2&#8243; _builder_version=&#8221;4.4.2&#8243;][et_pb_image src=&#8221;https:\/\/www.polic.si\/wp-content\/uploads\/2020\/04\/vine-seeds-2.jpg&#8221; _builder_version=&#8221;4.4.3&#8243; positioning=&#8221;relative&#8221; position_origin_r=&#8221;bottom_right&#8221; vertical_offset=&#8221;150px&#8221; vertical_offset_tablet=&#8221;20px&#8221; vertical_offset_phone=&#8221;0px&#8221; vertical_offset_last_edited=&#8221;on|phone&#8221; animation_style=&#8221;slide&#8221; animation_direction=&#8221;top&#8221;][\/et_pb_image][et_pb_text _builder_version=&#8221;4.4.5&#8243; background_color=&#8221;#ffffff&#8221; custom_margin=&#8221;-98px||||false|false&#8221; custom_margin_tablet=&#8221;&#8221; custom_margin_phone=&#8221;-100px||||false|false&#8221; custom_margin_last_edited=&#8221;on|desktop&#8221; custom_padding=&#8221;34px|24px|12px|24px|false|true&#8221; animation_direction=&#8221;top&#8221; link_option_url=&#8221;https:\/\/bioladen.bio\/en\/resource-en\/&#8221; link_option_url_new_window=&#8221;on&#8221; link_font_size__hover_enabled=&#8221;on|hover&#8221; link_font_size__hover=&#8221;32px&#8221; transform_styles__hover_enabled=&#8221;on|hover&#8221; transform_scale__hover_enabled=&#8221;on|hover&#8221; transform_translate__hover_enabled=&#8221;on|desktop&#8221; transform_rotate__hover_enabled=&#8221;on|desktop&#8221; transform_skew__hover_enabled=&#8221;on|desktop&#8221; transform_origin__hover_enabled=&#8221;on|desktop&#8221; transform_scale__hover=&#8221;110%|110%&#8221;]<\/p>\n<h2 style=\"text-align: center;\">\u00a0<img loading=\"lazy\" decoding=\"async\" src=\"https:\/\/www.polic.si\/wp-content\/uploads\/2020\/05\/iam-resource-Institut-300x96.jpg\" width=\"300\" height=\"96\" alt=\"\" class=\"wp-image-2058 alignnone size-medium\" \/><\/h2>\n<p>[\/et_pb_text][\/et_pb_column][\/et_pb_row][\/et_pb_section][et_pb_section fb_built=&#8221;1&#8243; _builder_version=&#8221;4.4.2&#8243; background_enable_color=&#8221;off&#8221;][et_pb_row column_structure=&#8221;1_2,1_2&#8243; _builder_version=&#8221;4.4.2&#8243;][et_pb_column type=&#8221;1_2&#8243; _builder_version=&#8221;4.4.2&#8243;][et_pb_image src=&#8221;https:\/\/www.polic.si\/wp-content\/uploads\/2020\/04\/cosmo-2.jpg&#8221; _builder_version=&#8221;4.4.2&#8243; positioning=&#8221;relative&#8221; position_origin_r=&#8221;bottom_right&#8221; vertical_offset=&#8221;115px&#8221; vertical_offset_tablet=&#8221;0px&#8221; vertical_offset_phone=&#8221;0px&#8221; vertical_offset_last_edited=&#8221;on|desktop&#8221; animation_style=&#8221;slide&#8221; animation_direction=&#8221;top&#8221;][\/et_pb_image][et_pb_text _builder_version=&#8221;4.4.8&#8243; background_color=&#8221;#5fc4e1&#8243; custom_margin=&#8221;-55px||||false|false&#8221; custom_padding=&#8221;24px|24px|24px|24px|true|true&#8221; animation_style=&#8221;slide&#8221; animation_direction=&#8221;top&#8221; hover_enabled=&#8221;0&#8243; link_font_size__hover_enabled=&#8221;on|hover&#8221; link_font_size__hover=&#8221;32px&#8221;]<\/p>\n<h2>Vsi trije produkti vsebujejo na\u0161e ekolo\u0161ke sestavine iz vinograda in olj\u010dnika, narejeni so pri nem\u0161kem I&#8217;m Resource in\u0161titutu.<\/h2>\n<p>[\/et_pb_text][\/et_pb_column][et_pb_column type=&#8221;1_2&#8243; _builder_version=&#8221;4.4.2&#8243;][et_pb_text _builder_version=&#8221;4.4.5&#8243; header_font=&#8221;Baskervville||||||||&#8221; header_text_align=&#8221;left&#8221; header_font_size=&#8221;48px&#8221; header_2_font=&#8221;Baskervville||||||||&#8221; header_2_text_align=&#8221;left&#8221; header_2_font_size=&#8221;48px&#8221; header_font_size_tablet=&#8221;&#8221; header_font_size_phone=&#8221;40px&#8221; header_font_size_last_edited=&#8221;on|desktop&#8221; header_2_font_size_tablet=&#8221;&#8221; header_2_font_size_phone=&#8221;40px&#8221; header_2_font_size_last_edited=&#8221;on|tablet&#8221;]<\/p>\n<h1>Poli\u010d kozmetika sestavlja<\/h1>\n<p>[\/et_pb_text][et_pb_divider color=&#8221;#000000&#8243; divider_position=&#8221;center&#8221; disabled_on=&#8221;on|on|off&#8221; _builder_version=&#8221;4.4.3&#8243; min_height=&#8221;21px&#8221;][\/et_pb_divider][et_pb_text quote_border_weight=&#8221;0px&#8221; quote_border_color=&#8221;rgba(0,0,0,0)&#8221; _builder_version=&#8221;4.4.5&#8243; quote_font=&#8221;sofia PRO||||||||&#8221; quote_text_align=&#8221;left&#8221; quote_text_color=&#8221;#000000&#8243; quote_font_size=&#8221;19px&#8221; quote_line_height=&#8221;1.3em&#8221;]<\/p>\n<h3>\u0160ampon The Grape<\/h3>\n<p>narejen iz na\u0161ega ekolo\u0161kega grozdja, vina, vinskih usedlin in olja grozdnih pe\u0161k, vse v so\u017eitju z mikroorganizmi.<\/p>\n<h3>\u0160ampon The Olive<\/h3>\n<p>narejen iz na\u0161ega ekolo\u0161kega ektra devi\u0161kega olj\u010dnega olja, oljk in oljnih usedlin, vse v so\u017eitju z mikroorganizmi.<\/p>\n<h3>Gel za tu\u0161iranje<\/h3>\n<p>The Shower Gel<\/p>\n<p>Delamo na razvoju novih izdelkov kot so peelingi, serumi in kreme za obraz itd.<\/p>\n<p>[\/et_pb_text][\/et_pb_column][\/et_pb_row][\/et_pb_section][et_pb_section fb_built=&#8221;1&#8243; disabled_on=&#8221;on|off|off&#8221; _builder_version=&#8221;4.4.2&#8243; custom_padding=&#8221;0px||||false|false&#8221;][et_pb_row _builder_version=&#8221;4.4.2&#8243;][et_pb_column type=&#8221;4_4&#8243; _builder_version=&#8221;4.4.2&#8243;][et_pb_divider color=&#8221;#000000&#8243; _builder_version=&#8221;4.4.2&#8243;][\/et_pb_divider][et_pb_text _builder_version=&#8221;4.4.2&#8243;]<\/p>\n<h1 style=\"text-align: center;\">instagram<\/h1>\n<p>[\/et_pb_text][et_pb_text _builder_version=&#8221;4.4.2&#8243; custom_margin=&#8221;0px||0px||true|false&#8221; custom_padding=&#8221;0px||0px||true|false&#8221;]<\/p>\n<p><span>\n<div id=\"sb_instagram\"  class=\"sbi sbi_mob_col_1 sbi_tab_col_2 sbi_col_6\" style=\"padding-bottom: 6px; width: 100%; height: 100%;\"\t data-feedid=\"*1\"  data-res=\"auto\" data-cols=\"6\" data-colsmobile=\"1\" data-colstablet=\"2\" data-num=\"6\" data-nummobile=\"\" data-item-padding=\"3\"\t data-shortcode-atts=\"{}\"  data-postid=\"41\" data-locatornonce=\"f08021fdb2\" data-imageaspectratio=\"1:1\" data-sbi-flags=\"favorLocal,gdpr\">\n\t\n\t<div id=\"sbi_images\"  style=\"gap: 6px;\">\n\t\t\t<\/div>\n\n\t<div id=\"sbi_load\" >\n\n\t\n\t\n<\/div>\n\t\t<span class=\"sbi_resized_image_data\" data-feed-id=\"*1\"\n\t\t  data-resized=\"[]\">\n\t<\/span>\n\t<\/div>\n\n<\/span><\/p>\n<p>[\/et_pb_text][\/et_pb_column][\/et_pb_row][\/et_pb_section]<\/p>\n","protected":false},"excerpt":{"rendered":"<p>Uglasi se s svojo melodijo I\u2019m resource In\u0161titut je za\u0161\u010ditni znak \u00bb\u017eive, naravne linije izdelkov\u00ab, ki jo sestavljajo izklju\u010dno rastlinske surovine, razli\u010dni mikroorganizmi, encimi, minerali ter s fermentacijo nastali keratini in proteini.\u017diveti naravno ne pomeni samo zdravo prehranjevanje in lo\u010devanje odpadkov. Je \u017eivljenjski slog povezan z vsakdanjimi navadami, tudi z higijeno. &#8220;Si kar je\u0161, si [&hellip;]<\/p>\n","protected":false},"author":2,"featured_media":0,"parent":0,"menu_order":0,"comment_status":"closed","ping_status":"closed","template":"","meta":{"_et_pb_use_builder":"on","_et_pb_old_content":"<!-- wp:divi\/placeholder \/-->","_et_gb_content_width":"","footnotes":""},"class_list":["post-41","page","type-page","status-publish","hentry"],"_links":{"self":[{"href":"https:\/\/www.polic.si\/it\/wp-json\/wp\/v2\/pages\/41","targetHints":{"allow":["GET"]}}],"collection":[{"href":"https:\/\/www.polic.si\/it\/wp-json\/wp\/v2\/pages"}],"about":[{"href":"https:\/\/www.polic.si\/it\/wp-json\/wp\/v2\/types\/page"}],"author":[{"embeddable":true,"href":"https:\/\/www.polic.si\/it\/wp-json\/wp\/v2\/users\/2"}],"replies":[{"embeddable":true,"href":"https:\/\/www.polic.si\/it\/wp-json\/wp\/v2\/comments?post=41"}],"version-history":[{"count":46,"href":"https:\/\/www.polic.si\/it\/wp-json\/wp\/v2\/pages\/41\/revisions"}],"predecessor-version":[{"id":2079,"href":"https:\/\/www.polic.si\/it\/wp-json\/wp\/v2\/pages\/41\/revisions\/2079"}],"wp:attachment":[{"href":"https:\/\/www.polic.si\/it\/wp-json\/wp\/v2\/media?parent=41"}],"curies":[{"name":"wp","href":"https:\/\/api.w.org\/{rel}","templated":true}]}}