{"id":39,"date":"2020-03-17T17:07:59","date_gmt":"2020-03-17T15:07:59","guid":{"rendered":"https:\/\/www.polic.si\/?page_id=39"},"modified":"2023-04-20T23:42:59","modified_gmt":"2023-04-20T21:42:59","slug":"oljcno-olje","status":"publish","type":"page","link":"https:\/\/www.polic.si\/it\/oljcno-olje\/","title":{"rendered":"olio d'oliva"},"content":{"rendered":"<p>[et_pb_section fb_built=&#8221;1&#8243; _builder_version=&#8221;4.16&#8243; background_color=&#8221;#c8d300&#8243; background_enable_color=&#8221;off&#8221; background_enable_image=&#8221;off&#8221; custom_margin=&#8221;||0px||false|false&#8221; custom_margin_tablet=&#8221;150px||||false|false&#8221; custom_margin_phone=&#8221;&#8221; custom_margin_last_edited=&#8221;on|desktop&#8221; global_colors_info=&#8221;{}&#8221;][et_pb_row column_structure=&#8221;1_2,1_2&#8243; _builder_version=&#8221;4.16&#8243; width=&#8221;100%&#8221; width_tablet=&#8221;&#8221; width_phone=&#8221;&#8221; width_last_edited=&#8221;on|tablet&#8221; custom_margin=&#8221;0px||0px||true|false&#8221; custom_margin_tablet=&#8221;-140px||||false|false&#8221; custom_margin_phone=&#8221;&#8221; custom_margin_last_edited=&#8221;on|desktop&#8221; custom_padding=&#8221;0px||0px||true|false&#8221; global_colors_info=&#8221;{}&#8221;][et_pb_column type=&#8221;1_2&#8243; _builder_version=&#8221;4.16&#8243; background_enable_color=&#8221;off&#8221; position_origin_r=&#8221;bottom_left&#8221; z_index=&#8221;500&#8243; global_colors_info=&#8221;{}&#8221;][et_pb_text _builder_version=&#8221;4.16&#8243; text_line_height=&#8221;1.6em&#8221; header_font=&#8221;Baskervville||||||||&#8221; header_text_align=&#8221;right&#8221; header_text_color=&#8221;#000000&#8243; header_font_size=&#8221;48px&#8221; header_2_font=&#8221;Baskervville||||||||&#8221; header_2_text_align=&#8221;left&#8221; header_2_text_color=&#8221;#000000&#8243; header_2_font_size=&#8221;48px&#8221; header_3_font=&#8221;sofia PRO||||||||&#8221; header_3_font_size=&#8221;17px&#8221; header_3_line_height=&#8221;1.5em&#8221; background_color=&#8221;#ffffff&#8221; custom_padding=&#8221;20px|20px|20px|20px|false|true&#8221; custom_padding_tablet=&#8221;&#8221; custom_padding_phone=&#8221;&#8221; custom_padding_last_edited=&#8221;on|phone&#8221; header_font_size_tablet=&#8221;&#8221; header_font_size_phone=&#8221;40px&#8221; header_font_size_last_edited=&#8221;on|desktop&#8221; header_2_font_size_tablet=&#8221;&#8221; header_2_font_size_phone=&#8221;40px&#8221; header_2_font_size_last_edited=&#8221;on|tablet&#8221; global_colors_info=&#8221;{}&#8221;]<\/p>\n<h1 style=\"text-align: right;\">Olj\u010dno olje<\/h1>\n<h3 style=\"text-align: right;\">Na posestvu imamo olj\u010dnik, ki \u0161teje okoli stoosemdeset oljk, starih od 2 do 30 let. Tudi v olj\u010dniku se tako kot v vinogradu dr\u017eimo biodinami\u010dnih na\u010del, ter pridelujemo ekolo\u0161ko ekstra devi\u0161ko olj\u010dno olje.<\/h3>\n<p>[\/et_pb_text][\/et_pb_column][et_pb_column type=&#8221;1_2&#8243; _builder_version=&#8221;4.16&#8243; positioning=&#8221;none&#8221; global_colors_info=&#8221;{}&#8221;][et_pb_image src=&#8221;https:\/\/www.polic.si\/wp-content\/uploads\/2020\/04\/olive.jpg&#8221; _builder_version=&#8221;4.16&#8243; transform_scale=&#8221;145%|145%&#8221; transform_scale_tablet=&#8221;&#8221; transform_scale_phone=&#8221;&#8221; transform_scale_last_edited=&#8221;on|desktop&#8221; transform_translate_tablet=&#8221;&#8221; transform_translate_phone=&#8221;&#8221; transform_translate_last_edited=&#8221;on|desktop&#8221; transform_rotate_tablet=&#8221;&#8221; transform_rotate_phone=&#8221;&#8221; transform_rotate_last_edited=&#8221;on|desktop&#8221; transform_skew_tablet=&#8221;&#8221; transform_skew_phone=&#8221;&#8221; transform_skew_last_edited=&#8221;on|desktop&#8221; transform_origin_tablet=&#8221;&#8221; transform_origin_phone=&#8221;&#8221; transform_origin_last_edited=&#8221;on|desktop&#8221; transform_styles_last_edited=&#8221;on|desktop&#8221; width=&#8221;100%&#8221; transform_styles_tablet=&#8221;&#8221; transform_styles_phone=&#8221;&#8221; global_colors_info=&#8221;{}&#8221;][\/et_pb_image][\/et_pb_column][\/et_pb_row][\/et_pb_section][et_pb_section fb_built=&#8221;1&#8243; _builder_version=&#8221;4.16&#8243; background_color=&#8221;#e9f2bf&#8221; global_colors_info=&#8221;{}&#8221;][et_pb_row column_structure=&#8221;1_2,1_2&#8243; _builder_version=&#8221;4.16&#8243; custom_margin=&#8221;||-90px||false|false&#8221; custom_margin_tablet=&#8221;||0px||false|false&#8221; custom_margin_phone=&#8221;||0px||false|false&#8221; custom_margin_last_edited=&#8221;on|tablet&#8221; global_colors_info=&#8221;{}&#8221;][et_pb_column type=&#8221;1_2&#8243; _builder_version=&#8221;4.16&#8243; global_colors_info=&#8221;{}&#8221;][et_pb_image src=&#8221;https:\/\/www.polic.si\/wp-content\/uploads\/2020\/04\/olive-2.jpg&#8221; _builder_version=&#8221;4.16&#8243; positioning=&#8221;relative&#8221; position_origin_r=&#8221;bottom_right&#8221; vertical_offset=&#8221;150px&#8221; vertical_offset_tablet=&#8221;&#8221; vertical_offset_phone=&#8221;80px&#8221; vertical_offset_last_edited=&#8221;on|desktop&#8221; animation_style=&#8221;slide&#8221; animation_direction=&#8221;top&#8221; global_colors_info=&#8221;{}&#8221;][\/et_pb_image][\/et_pb_column][et_pb_column type=&#8221;1_2&#8243; _builder_version=&#8221;4.16&#8243; custom_padding=&#8221;|0px|||false|false&#8221; custom_padding_tablet=&#8221;|0px|||false|false&#8221; custom_padding_phone=&#8221;|0px|||false|false&#8221; custom_padding_last_edited=&#8221;on|desktop&#8221; global_colors_info=&#8221;{}&#8221;][et_pb_divider color=&#8221;#000000&#8243; divider_position=&#8221;center&#8221; divider_weight=&#8221;1px&#8221; disabled_on=&#8221;on|on|off&#8221; _builder_version=&#8221;4.16&#8243; global_colors_info=&#8221;{}&#8221;][\/et_pb_divider][et_pb_text quote_border_weight=&#8221;0px&#8221; quote_border_color=&#8221;rgba(0,0,0,0)&#8221; _builder_version=&#8221;4.16&#8243; quote_font=&#8221;sofia PRO||||||||&#8221; quote_text_align=&#8221;left&#8221; quote_text_color=&#8221;#000000&#8243; quote_font_size=&#8221;19px&#8221; quote_line_height=&#8221;1.3em&#8221; global_colors_info=&#8221;{}&#8221;]<\/p>\n<p>Na\u0161e olje je stisnjeno iz me\u0161anice oljk Belica in Leccino, ali sorte Maurino, je polnega \u017elahtnega okusa, kar ga naredi kot idealnega spremljevalca avtohtonih jedi, ki jih ponudimo v kleti ob degustaciji.<\/p>\n<p>Ekolo\u0161ko pridelane oljke so ro\u010dno obrane na posestvu, kjer se negujejo skladno s Hado znanostjo in starodavnimi tradicionalnimi praksami.<\/p>\n<p>[\/et_pb_text][et_pb_image src=&#8221;https:\/\/www.polic.si\/wp-content\/uploads\/2022\/12\/AAI-2023-3-Gold.png&#8221; title_text=&#8221;AAI-2023-3-Gold&#8221; url=&#8221;https:\/\/aristoleo.com\/aristoleo-awards-2023-winners-december\/&#8221; url_new_window=&#8221;on&#8221; align_tablet=&#8221;center&#8221; align_phone=&#8221;center&#8221; align_last_edited=&#8221;on|desktop&#8221; _builder_version=&#8221;4.19.4&#8243; _module_preset=&#8221;default&#8221; width=&#8221;36%&#8221; width_tablet=&#8221;41%&#8221; width_phone=&#8221;51%&#8221; width_last_edited=&#8221;on|desktop&#8221; animation_style=&#8221;slide&#8221; animation_direction=&#8221;top&#8221; global_colors_info=&#8221;{}&#8221;][\/et_pb_image][et_pb_image src=&#8221;https:\/\/www.polic.si\/wp-content\/uploads\/2023\/04\/SENSORY-OLIO-NUOVO-DAYS-PREMIUM-GOLD-high-resolution.png&#8221; title_text=&#8221;SENSORY-OLIO-NUOVO-DAYS-PREMIUM-GOLD-high-resolution&#8221; url=&#8221;https:\/\/www.olio-nuovo-day.com\/huiles\/polic\/&#8221; url_new_window=&#8221;on&#8221; align_tablet=&#8221;center&#8221; align_phone=&#8221;center&#8221; align_last_edited=&#8221;on|desktop&#8221; _builder_version=&#8221;4.20.4&#8243; _module_preset=&#8221;default&#8221; width=&#8221;36%&#8221; width_tablet=&#8221;41%&#8221; width_phone=&#8221;51%&#8221; width_last_edited=&#8221;on|desktop&#8221; animation_style=&#8221;slide&#8221; animation_direction=&#8221;top&#8221; hover_enabled=&#8221;0&#8243; global_colors_info=&#8221;{}&#8221; sticky_enabled=&#8221;0&#8243;][\/et_pb_image][et_pb_text _builder_version=&#8221;4.16&#8243; background_color=&#8221;#c8d300&#8243; custom_margin=&#8221;45px||45px||true|false&#8221; custom_padding=&#8221;24px|24px|24px|24px|true|true&#8221; animation_style=&#8221;slide&#8221; animation_direction=&#8221;top&#8221; global_colors_info=&#8221;{}&#8221; link_font_size__hover_enabled=&#8221;on|hover&#8221; link_font_size__hover=&#8221;32px&#8221;]<\/p>\n<h2>Ekolo\u0161ko olj\u010dno olje Poli\u010d pridelujemo z ob\u010dutkom, neskon\u010dnim spo\u0161tovanjem okolja in enakima deloma potrpe\u017ejivosti in modrosti.<\/h2>\n<p>[\/et_pb_text][\/et_pb_column][\/et_pb_row][\/et_pb_section][et_pb_section fb_built=&#8221;1&#8243; _builder_version=&#8221;4.16&#8243; global_colors_info=&#8221;{}&#8221;][et_pb_row column_structure=&#8221;1_5,3_5,1_5&#8243; use_custom_gutter=&#8221;on&#8221; gutter_width=&#8221;1&#8243; make_equal=&#8221;on&#8221; _builder_version=&#8221;4.16&#8243; width=&#8221;90%&#8221; global_colors_info=&#8221;{}&#8221;][et_pb_column type=&#8221;1_5&#8243; _builder_version=&#8221;4.16&#8243; background_color=&#8221;#e84e24&#8243; global_colors_info=&#8221;{}&#8221;][et_pb_text _builder_version=&#8221;4.16&#8243; link_font=&#8221;||||||||&#8221; link_text_align=&#8221;left&#8221; background_color=&#8221;rgba(0,0,0,0)&#8221; custom_padding=&#8221;16px|16px|16px|16px|true|true&#8221; link_font_size_tablet=&#8221;&#8221; link_font_size_phone=&#8221;&#8221; link_font_size_last_edited=&#8221;on|desktop&#8221; global_colors_info=&#8221;{}&#8221; link_font_size__hover=&#8221;32px&#8221; link_font_size__hover_enabled=&#8221;on|hover&#8221;]<\/p>\n<h1><a href=\"https:\/\/www.polic.si\/obiscite-nas\/\">degustiraj \/ jej \/ poro\u010di se \/ \u017euraj \/ \u0161tudiraj \/ u\u010di se \/ jadraj \/ u\u017eivaj\u00a0<span style=\"text-decoration: line-through;\"> \u00a0 \u00a0 \u00a0 \u00a0<\/span><\/a><\/h1>\n<p>Veliko zanimivega je pri nas in veliko lahko ponudimo.<\/p>\n<p>[\/et_pb_text][\/et_pb_column][et_pb_column type=&#8221;3_5&#8243; _builder_version=&#8221;4.16&#8243; background_color=&#8221;#c8d300&#8243; global_colors_info=&#8221;{}&#8221;][et_pb_image src=&#8221;https:\/\/www.polic.si\/wp-content\/uploads\/2020\/04\/food-IN.jpg&#8221; _builder_version=&#8221;4.16&#8243; global_colors_info=&#8221;{}&#8221;][\/et_pb_image][\/et_pb_column][et_pb_column type=&#8221;1_5&#8243; _builder_version=&#8221;4.16&#8243; background_color=&#8221;#c5d6e0&#8243; background_image=&#8221;https:\/\/www.polic.si\/wp-content\/uploads\/2020\/04\/cosmo-POLIC_logo.png&#8221; background_size=&#8221;contain&#8221; background_position=&#8221;bottom_center&#8221; global_colors_info=&#8221;{}&#8221;][et_pb_text _builder_version=&#8221;4.16&#8243; link_font=&#8221;||||||||&#8221; link_text_align=&#8221;left&#8221; background_color=&#8221;#5fc4e1&#8243; custom_padding=&#8221;16px|16px|16px|16px|true|true&#8221; link_font_size_tablet=&#8221;&#8221; link_font_size_phone=&#8221;&#8221; link_font_size_last_edited=&#8221;on|desktop&#8221; global_colors_info=&#8221;{}&#8221; link_font_size__hover_enabled=&#8221;on|hover&#8221; link_font_size__hover=&#8221;32px&#8221;]<\/p>\n<h1><a href=\"https:\/\/www.polic.si\/kozmetika\/\">kozmetika\u00a0<span style=\"text-decoration: line-through;\"> \u00a0 \u00a0 \u00a0<\/span><\/a><\/h1>\n<p><span>\u017diveti naravno ne pomeni samo zdravo prehranjevanje in lo\u010devanje odpadkov.<\/span><\/p>\n<p>[\/et_pb_text][\/et_pb_column][\/et_pb_row][\/et_pb_section]<\/p>\n","protected":false},"excerpt":{"rendered":"<p>Olj\u010dno olje Na posestvu imamo olj\u010dnik, ki \u0161teje okoli stoosemdeset oljk, starih od 2 do 30 let. Tudi v olj\u010dniku se tako kot v vinogradu dr\u017eimo biodinami\u010dnih na\u010del, ter pridelujemo ekolo\u0161ko ekstra devi\u0161ko olj\u010dno olje.Na\u0161e olje je stisnjeno iz me\u0161anice oljk Belica in Leccino, ali sorte Maurino, je polnega \u017elahtnega okusa, kar ga naredi kot [&hellip;]<\/p>\n","protected":false},"author":2,"featured_media":0,"parent":0,"menu_order":0,"comment_status":"closed","ping_status":"closed","template":"","meta":{"_et_pb_use_builder":"on","_et_pb_old_content":"","_et_gb_content_width":"","footnotes":""},"class_list":["post-39","page","type-page","status-publish","hentry"],"_links":{"self":[{"href":"https:\/\/www.polic.si\/it\/wp-json\/wp\/v2\/pages\/39","targetHints":{"allow":["GET"]}}],"collection":[{"href":"https:\/\/www.polic.si\/it\/wp-json\/wp\/v2\/pages"}],"about":[{"href":"https:\/\/www.polic.si\/it\/wp-json\/wp\/v2\/types\/page"}],"author":[{"embeddable":true,"href":"https:\/\/www.polic.si\/it\/wp-json\/wp\/v2\/users\/2"}],"replies":[{"embeddable":true,"href":"https:\/\/www.polic.si\/it\/wp-json\/wp\/v2\/comments?post=39"}],"version-history":[{"count":54,"href":"https:\/\/www.polic.si\/it\/wp-json\/wp\/v2\/pages\/39\/revisions"}],"predecessor-version":[{"id":2227,"href":"https:\/\/www.polic.si\/it\/wp-json\/wp\/v2\/pages\/39\/revisions\/2227"}],"wp:attachment":[{"href":"https:\/\/www.polic.si\/it\/wp-json\/wp\/v2\/media?parent=39"}],"curies":[{"name":"wp","href":"https:\/\/api.w.org\/{rel}","templated":true}]}}