{"id":351,"date":"2020-04-01T17:03:18","date_gmt":"2020-04-01T15:03:18","guid":{"rendered":"https:\/\/www.polic.si\/?page_id=351"},"modified":"2020-05-07T14:12:56","modified_gmt":"2020-05-07T12:12:56","slug":"institucija","status":"publish","type":"page","link":"https:\/\/www.polic.si\/it\/institucija\/","title":{"rendered":"istituto"},"content":{"rendered":"<p>[et_pb_section fb_built=&#8221;1&#8243; _builder_version=&#8221;4.4.3&#8243; background_color=&#8221;#c8d300&#8243; background_enable_color=&#8221;off&#8221; background_enable_image=&#8221;off&#8221; custom_margin=&#8221;||0px||false|false&#8221; custom_margin_tablet=&#8221;150px||||false|false&#8221; custom_margin_phone=&#8221;&#8221; custom_margin_last_edited=&#8221;on|desktop&#8221;][et_pb_row column_structure=&#8221;1_2,1_2&#8243; _builder_version=&#8221;4.4.3&#8243; width=&#8221;100%&#8221; width_tablet=&#8221;&#8221; width_phone=&#8221;&#8221; width_last_edited=&#8221;on|tablet&#8221; custom_margin=&#8221;0px||0px||true|false&#8221; custom_margin_tablet=&#8221;-140px||||false|false&#8221; custom_margin_phone=&#8221;&#8221; custom_margin_last_edited=&#8221;on|desktop&#8221; custom_padding=&#8221;0px||0px||true|false&#8221;][et_pb_column type=&#8221;1_2&#8243; _builder_version=&#8221;4.4.3&#8243; background_enable_color=&#8221;off&#8221; position_origin_r=&#8221;bottom_left&#8221; z_index=&#8221;500&#8243;][et_pb_text _builder_version=&#8221;4.4.5&#8243; text_line_height=&#8221;1.6em&#8221; header_font=&#8221;Baskervville||||||||&#8221; header_text_align=&#8221;right&#8221; header_text_color=&#8221;#000000&#8243; header_font_size=&#8221;48px&#8221; header_2_font=&#8221;sofia PRO||||on||||&#8221; header_2_text_align=&#8221;right&#8221; header_2_text_color=&#8221;#000000&#8243; header_3_font=&#8221;sofia PRO||||||||&#8221; header_3_font_size=&#8221;17px&#8221; header_3_line_height=&#8221;1.5em&#8221; background_color=&#8221;#ffffff&#8221; custom_padding=&#8221;20px|20px|20px|20px|false|true&#8221; custom_padding_tablet=&#8221;&#8221; custom_padding_phone=&#8221;&#8221; custom_padding_last_edited=&#8221;on|phone&#8221; hover_enabled=&#8221;0&#8243; header_font_size_tablet=&#8221;&#8221; header_font_size_phone=&#8221;40px&#8221; header_font_size_last_edited=&#8221;on|phone&#8221; header_2_font_size_tablet=&#8221;&#8221; header_2_font_size_phone=&#8221;26px&#8221; header_2_font_size_last_edited=&#8221;on|phone&#8221; header_2_font_size__hover_enabled=&#8221;on|desktop&#8221; header_2_font_size__hover=&#8221;30px&#8221;]<\/p>\n<h1 style=\"text-align: right;\">Institucija<\/h1>\n<h2 style=\"text-align: right;\"><span><a href=\"https:\/\/www.polic.si\/institucija\/#vino\">Vino<\/a><\/span><\/h2>\n<h2 style=\"text-align: right;\"><a href=\"https:\/\/www.polic.si\/institucija\/#grozdne\">Grozdne pe\u0161ke<\/a><\/h2>\n<h2 style=\"text-align: right;\"><span><a href=\"https:\/\/www.polic.si\/institucija\/#vkaj\">V kaj verjamemo<\/a><\/span><\/h2>\n<h3 style=\"text-align: right;\">Vse ve\u010d prijateljev in obiskovalcev pravi, da so obiskali institucijo in ne preprosto vinsko posestvo.<\/h3>\n<p>[\/et_pb_text][\/et_pb_column][et_pb_column type=&#8221;1_2&#8243; _builder_version=&#8221;4.4.3&#8243; positioning=&#8221;none&#8221;][et_pb_image src=&#8221;https:\/\/www.polic.si\/wp-content\/uploads\/2020\/04\/keller.jpg&#8221; _builder_version=&#8221;4.4.3&#8243; transform_scale=&#8221;145%|145%&#8221; transform_scale_tablet=&#8221;&#8221; transform_scale_phone=&#8221;&#8221; transform_scale_last_edited=&#8221;on|desktop&#8221; transform_translate_tablet=&#8221;&#8221; transform_translate_phone=&#8221;&#8221; transform_translate_last_edited=&#8221;on|desktop&#8221; transform_rotate_tablet=&#8221;&#8221; transform_rotate_phone=&#8221;&#8221; transform_rotate_last_edited=&#8221;on|desktop&#8221; transform_skew_tablet=&#8221;&#8221; transform_skew_phone=&#8221;&#8221; transform_skew_last_edited=&#8221;on|desktop&#8221; transform_origin_tablet=&#8221;&#8221; transform_origin_phone=&#8221;&#8221; transform_origin_last_edited=&#8221;on|desktop&#8221; transform_styles_last_edited=&#8221;on|desktop&#8221; width=&#8221;100%&#8221; transform_styles_tablet=&#8221;&#8221; transform_styles_phone=&#8221;&#8221;][\/et_pb_image][\/et_pb_column][\/et_pb_row][\/et_pb_section][et_pb_section fb_built=&#8221;1&#8243; custom_padding_last_edited=&#8221;on|desktop&#8221; module_id=&#8221;vino&#8221; _builder_version=&#8221;4.4.2&#8243; background_color=&#8221;#f4e69f&#8221; min_height=&#8221;783px&#8221; custom_margin=&#8221;12px|||||&#8221; custom_margin_tablet=&#8221;&#8221; custom_margin_phone=&#8221;&#8221; custom_margin_last_edited=&#8221;on|phone&#8221; custom_padding_tablet=&#8221;&#8221; custom_padding_phone=&#8221;||28px||false|false&#8221;][et_pb_row column_structure=&#8221;1_2,1_2&#8243; _builder_version=&#8221;4.4.2&#8243; custom_padding=&#8221;||0px||false|false&#8221;][et_pb_column type=&#8221;1_2&#8243; _builder_version=&#8221;4.4.2&#8243;][et_pb_image src=&#8221;https:\/\/www.polic.si\/wp-content\/uploads\/2020\/03\/headermain.jpg&#8221; _builder_version=&#8221;4.4.2&#8243; positioning=&#8221;relative&#8221; position_origin_r=&#8221;bottom_right&#8221; vertical_offset=&#8221;200px&#8221; vertical_offset_tablet=&#8221;150px&#8221; vertical_offset_phone=&#8221;80px&#8221; vertical_offset_last_edited=&#8221;on|tablet&#8221; animation_style=&#8221;slide&#8221; animation_direction=&#8221;top&#8221;][\/et_pb_image][et_pb_text _builder_version=&#8221;4.4.5&#8243; background_color=&#8221;#f6ca21&#8243; custom_margin=&#8221;-90px||||false|false&#8221; custom_margin_tablet=&#8221;0px||||false|false&#8221; custom_margin_phone=&#8221;&#8221; custom_margin_last_edited=&#8221;on|phone&#8221; custom_padding=&#8221;24px|24px|24px|24px|true|true&#8221; animation_style=&#8221;slide&#8221; animation_direction=&#8221;top&#8221; link_font_size__hover_enabled=&#8221;on|hover&#8221; link_font_size__hover=&#8221;32px&#8221;]<\/p>\n<h2>Po\u010da\u0161\u010deni smo kako nas drugi nazivajo, vendar smo vinsko posestvo, kjer izvajamo veliko raziskav in \u0161tudij in kjer radi eksperimentiramo.<\/h2>\n<h2>Radi potiskamo meje in naredimo stvari, ki jih ne moremo kupiti ali dobiti drugje.<\/h2>\n<p>[\/et_pb_text][\/et_pb_column][et_pb_column type=&#8221;1_2&#8243; _builder_version=&#8221;4.4.2&#8243;][et_pb_text _builder_version=&#8221;4.4.3&#8243; header_font=&#8221;Baskervville||||||||&#8221; header_text_align=&#8221;left&#8221; header_font_size=&#8221;48px&#8221; header_2_font=&#8221;Baskervville||||||||&#8221; header_2_text_align=&#8221;left&#8221; header_2_font_size=&#8221;48px&#8221; header_font_size_tablet=&#8221;&#8221; header_font_size_phone=&#8221;40px&#8221; header_font_size_last_edited=&#8221;on|phone&#8221; header_2_font_size_tablet=&#8221;&#8221; header_2_font_size_phone=&#8221;40px&#8221; header_2_font_size_last_edited=&#8221;on|tablet&#8221;]<\/p>\n<h1>Vino<\/h1>\n<p>[\/et_pb_text][et_pb_divider color=&#8221;#000000&#8243; divider_position=&#8221;center&#8221; disabled_on=&#8221;off|off|off&#8221; _builder_version=&#8221;4.4.3&#8243;][\/et_pb_divider][et_pb_text quote_border_weight=&#8221;0px&#8221; quote_border_color=&#8221;rgba(0,0,0,0)&#8221; _builder_version=&#8221;4.4.5&#8243; quote_font=&#8221;sofia PRO||||||||&#8221; quote_text_align=&#8221;left&#8221; quote_text_color=&#8221;#000000&#8243; quote_font_size=&#8221;19px&#8221; quote_line_height=&#8221;1.3em&#8221;]<\/p>\n<p>Za\u010deli smo z vinom, to\u010dneje z belim vinom. Poleg pre\u010dudovitih rde\u010dih vin z mnogimi svetovnimi zlatimi nagradami in priznanji smo ponosni, da lahko ponudimo bela vina z dolgo maceracijo. To so bela vina z dolgim \u200b\u200bstikom z grozdno ko\u017eico, pri \u010demer je na\u0161 obi\u010dajni postopek od leta 2015 dalje 2 leti v stiku z grozdno ko\u017eico, kar pomeni dve leti pred pre\u0161anjem vina.<\/p>\n<p>Ne uporabljamo dodatkov in filtrov, osredoto\u010deni smo, da pred polnjenjem ne uporabljamo \u017evepla. Pri polnjenju dodamo \u017eveplo v minimalnih koli\u010dinah, kar ima za posledico vina s skupnimi koli\u010dinami \u017evepla 9 mg ali najve\u010d 30 mg.<\/p>\n<p>[\/et_pb_text][\/et_pb_column][\/et_pb_row][\/et_pb_section][et_pb_section fb_built=&#8221;1&#8243; module_id=&#8221;grozdne&#8221; _builder_version=&#8221;4.4.5&#8243; background_enable_color=&#8221;off&#8221; custom_margin=&#8221;||-50px||false|false&#8221; custom_margin_tablet=&#8221;||0px||false|false&#8221; custom_margin_phone=&#8221;&#8221; custom_margin_last_edited=&#8221;on|desktop&#8221; custom_padding=&#8221;||0px||false|false&#8221; locked=&#8221;off&#8221;][et_pb_row column_structure=&#8221;1_2,1_2&#8243; _builder_version=&#8221;4.4.2&#8243; min_height=&#8221;579px&#8221; custom_margin=&#8221;||||false|true&#8221;][et_pb_column type=&#8221;1_2&#8243; _builder_version=&#8221;4.4.2&#8243;][et_pb_text _builder_version=&#8221;4.4.5&#8243; header_font=&#8221;Baskervville||||||||&#8221; header_text_align=&#8221;right&#8221; header_font_size=&#8221;48px&#8221; header_2_font=&#8221;Baskervville||||||||&#8221; header_2_text_align=&#8221;left&#8221; header_2_font_size=&#8221;48px&#8221; header_font_size_tablet=&#8221;&#8221; header_font_size_phone=&#8221;40px&#8221; header_font_size_last_edited=&#8221;on|phone&#8221; header_2_font_size_tablet=&#8221;&#8221; header_2_font_size_phone=&#8221;40px&#8221; header_2_font_size_last_edited=&#8221;on|tablet&#8221;]<\/p>\n<h1>Grozdne pe\u0161ke<\/h1>\n<p>[\/et_pb_text][et_pb_divider color=&#8221;#000000&#8243; disabled_on=&#8221;on|on|off&#8221; _builder_version=&#8221;4.4.2&#8243;][\/et_pb_divider][et_pb_text quote_border_weight=&#8221;0px&#8221; quote_border_color=&#8221;rgba(0,0,0,0)&#8221; _builder_version=&#8221;4.4.5&#8243; link_text_color=&#8221;#f4c300&#8243; quote_font=&#8221;sofia PRO||||||||&#8221; quote_text_align=&#8221;left&#8221; quote_text_color=&#8221;#000000&#8243; quote_font_size=&#8221;19px&#8221; quote_line_height=&#8221;1.3em&#8221; custom_padding=&#8221;||1px|0px||&#8221;]<\/p>\n<p>Na na\u0161em posestvu smo razvili in izdelali ves postopek in ve\u010dino strojev za pridobivanje \u010distih grozdnih pe\u0161k in njihovega olja. Ko smo dobili olje, smo preu\u010devali, kaj sledi, in naredili smo moko iz grozdnih pe\u0161k. \u0160ele na tej to\u010dki smo za\u010deli razmi\u0161ljati, kje naj to uporabimo. Tako smo pri\u0161li do odli\u010dne hrane in <span style=\"color: #ff9900;\"><a href=\"https:\/\/www.polic.si\/kozmetika\/\" style=\"color: #ff9900;\">kozmetike<\/a><\/span> z \u017eivimi mikroorganizmi.<\/p>\n<blockquote><\/blockquote>\n<p>[\/et_pb_text][\/et_pb_column][et_pb_column type=&#8221;1_2&#8243; _builder_version=&#8221;4.4.2&#8243;][et_pb_image src=&#8221;https:\/\/www.polic.si\/wp-content\/uploads\/2020\/04\/vine-seeds-2.jpg&#8221; _builder_version=&#8221;4.4.2&#8243; positioning=&#8221;relative&#8221; position_origin_r=&#8221;bottom_right&#8221; vertical_offset=&#8221;220px&#8221; vertical_offset_tablet=&#8221;0px&#8221; vertical_offset_phone=&#8221;0px&#8221; vertical_offset_last_edited=&#8221;on|phone&#8221; animation_style=&#8221;fade&#8221; animation_direction=&#8221;top&#8221;][\/et_pb_image][\/et_pb_column][\/et_pb_row][\/et_pb_section][et_pb_section fb_built=&#8221;1&#8243; module_id=&#8221;vkaj&#8221; _builder_version=&#8221;4.4.2&#8243; background_color=&#8221;#f4e69f&#8221;][et_pb_row column_structure=&#8221;1_3,1_3,1_3&#8243; _builder_version=&#8221;4.4.2&#8243;][et_pb_column type=&#8221;1_3&#8243; _builder_version=&#8221;4.4.2&#8243; position_origin_r=&#8221;bottom_right&#8221; vertical_offset=&#8221;215px&#8221; vertical_offset_tablet=&#8221;0px&#8221; vertical_offset_phone=&#8221;0px&#8221; vertical_offset_last_edited=&#8221;on|desktop&#8221;][et_pb_image src=&#8221;https:\/\/www.polic.si\/wp-content\/uploads\/2020\/04\/vines-c.jpg&#8221; _builder_version=&#8221;4.4.2&#8243; animation_style=&#8221;fade&#8221;][\/et_pb_image][et_pb_text _builder_version=&#8221;4.4.5&#8243; background_color=&#8221;#f6ca21&#8243; custom_margin=&#8221;0px||||false|false&#8221; custom_margin_tablet=&#8221;0px||||false|false&#8221; custom_margin_phone=&#8221;&#8221; custom_margin_last_edited=&#8221;on|tablet&#8221; custom_padding=&#8221;24px|24px|24px|24px|true|true&#8221; animation_style=&#8221;slide&#8221; animation_direction=&#8221;top&#8221; link_font_size__hover_enabled=&#8221;on|hover&#8221; link_font_size__hover=&#8221;32px&#8221;]<\/p>\n<h2>Luna, Starodavne tradicionalne navade in Hado znanost = brez kemikalij in z veliko lepe glasbe<\/h2>\n<p>[\/et_pb_text][et_pb_image src=&#8221;https:\/\/www.polic.si\/wp-content\/uploads\/2020\/04\/vine-1.jpg&#8221; disabled_on=&#8221;on|on|off&#8221; _builder_version=&#8221;4.4.2&#8243;][\/et_pb_image][\/et_pb_column][et_pb_column type=&#8221;1_3&#8243; _builder_version=&#8221;4.4.2&#8243;][et_pb_text _builder_version=&#8221;4.4.3&#8243; header_font=&#8221;Baskervville||||||||&#8221; header_text_align=&#8221;left&#8221; header_font_size=&#8221;40px&#8221; header_2_font=&#8221;Baskervville||||||||&#8221; header_2_text_align=&#8221;left&#8221; header_2_font_size=&#8221;48px&#8221; header_font_size_tablet=&#8221;&#8221; header_font_size_phone=&#8221;&#8221; header_font_size_last_edited=&#8221;on|desktop&#8221; header_2_font_size_tablet=&#8221;&#8221; header_2_font_size_phone=&#8221;40px&#8221; header_2_font_size_last_edited=&#8221;on|tablet&#8221;]<\/p>\n<h1>V kaj verjamemo<\/h1>\n<p>[\/et_pb_text][et_pb_divider color=&#8221;#000000&#8243; _builder_version=&#8221;4.4.2&#8243; locked=&#8221;off&#8221;][\/et_pb_divider][et_pb_text _builder_version=&#8221;4.4.5&#8243; custom_padding=&#8221;||3px|||&#8221;]<\/p>\n<p>Masaru Emoto \u6c5f \u672c \u52dd, je bil japonski avtor in psevdoznanec, ki je dejal, da \u010dlove\u0161ka zavest vpliva na molekularno strukturo vode. Emotova domneva se je z leti razvijala, njegovo zgodnje delo pa se je vrtelo okoli psevdoznanstvenih hipotez, da bi voda lahko reagirala na pozitivne misli in besede in da je onesna\u017eeno vodo mogo\u010de o\u010distiti z molitvijo in pozitivno vizualizacijo.<\/p>\n<p>Raziskovanje Emotovih del in objav nas je privedlo do zanimanja, kako bi odreagiralo vino, saj vsebuje veliko vode. V na\u0161i vinski kleti neprestano igra prijetna pozitivna in umirjena glasba, enako v vinogradih glede na letni \u010das in dozorevanje grozdja. Na\u0161a vina so tako vedno izpostavljena prijetnim pozitivnim vibracijam.<\/p>\n<p>Skladno z starodavnimi ekolo\u0161kimi navadami in bio dinami\u010dnimi metodami ter z na\u0161imi prepri\u010danji, v na\u0161ih vinogradih in na\u0161em olj\u010dnem nasadu ni prostora za \u0161kodljive kemikalije. Vino pridelujemo v vinogradu in ga v vinski kleti le donegujemo. To zahteva izjemno skrb za higieno, kjer je tehnologija po na\u0161em mnenju ve\u010d kot dobrodo\u0161la. Vsi postopki \u010di\u0161\u010denja vinske kleti in vinskih sodov temeljijo na visokem vodnem tlaku z izmenjavo visoko in nizke temperature ter kon\u010dnim parjenjem, da smo ve\u010d kot prepri\u010dani, da je vse dovolj \u010disto.<\/p>\n<p>[\/et_pb_text][\/et_pb_column][et_pb_column type=&#8221;1_3&#8243; _builder_version=&#8221;4.4.2&#8243;][et_pb_text _builder_version=&#8221;4.4.5&#8243; custom_padding=&#8221;||10px|||&#8221;]<\/p>\n<p>Ro\u010dno obiranje grozdja opravljamo pazljivo velikokrat v rokavicah, ko grozdje prispe pred klet, ga z vibracijami skrbno lo\u010dimo od pecljev, izberemo najbolj\u0161e grozdne jagode na avtomatski prebiralni mizi sestavljeni iz vrte\u010dih se valjev, v prizadevanju, da \u010dim bolj zmanj\u0161amo pritiske na grozdnje in morebitne oku\u017ebe. Grozdne jagode ve\u010dinoma cele potujejo v fermentacijsko posodo.<\/p>\n<p>Pred trgatvijo imamo v vinogradu veliko dela. Med deli je tudi \u0161kropljenje. Ve\u010dinoma uporabljamo mo\u010dljivo \u017eveplo in se sku\u0161amo kolikor se da izogniti bakru. V\u010dasih pa je potreben tudi slednji, v odvisnosti od vremena. Kakor koli \u017ee, \u010de ga moramo uporabiti, to storimo dale\u010d pod dovoljenimi koli\u010dinami v ekolo\u0161ki pridelavi. Tu se pojavi te\u017eava, medtem ko \u0161kropite obi\u010dajno oseba, ki vozi traktor in \u0161kropi vinograd, nima pravilne za\u0161\u010dite. Hitrost je pribli\u017eno konstantna, kar pomeni, da dejansko grozdje dobi majhno koli\u010dino \u0161kropiva. Te\u017eava je oseba, ki je na traktorju ve\u010d ur. Ta je izpostavljena veliki koli\u010dini \u0161kropiva. Si predstavljate, da ljudje to po\u010dnejo brez filtra ali celo brez maske? Predstavljajte si, da ljudje to po\u010dnejo v obi\u010dajnem kmetijstvu, kjer se uporabljajo sistemati\u010dni strupi in strupene kemikalije? To je razlog, zakaj \u017eelimo imeti \u00bbavtonomni traktor\u00ab, saj ne \u017eelimo, da se na\u0161i prijatelji in zaposleni zastrupljajo, \u010de tudi samo z \u017eveplom.<\/p>\n<p>Toda \u0161kropljenje se uporablja samo za zdravljenje bolezni. Bolezni posku\u0161amo prepre\u010diti in \u010dim manj \u0161kropiti. S podnebnimi spremembami prihajajo tudi druge te\u017eave. To\u010da lahko uni\u010di vse. V bli\u017enji okolici so posestva, ki so zaradi to\u010de izgubila celo letino. Na drugi strani morajo pre\u017eiveti, pla\u010dati ra\u010dune in \u017eiveti naprej. Vsi potrebujemo elektriko in zdaj je \u201czelena energija\u201d zelo dobrodo\u0161la. Predstavljajte si, da bi zaustavili jedrske elektrarne, ker bomo imeli vsi dovolj zelene energije. To bo mogo\u010de. Razvijamo prvo za\u0161\u010dito pred to\u010do z integriranimi visoko u\u010dinkovitimi son\u010dnimi celicami, ki bodo za\u0161\u010ditile vinograd in hkrati proizvajale elektriko.<\/p>\n<p>[\/et_pb_text][\/et_pb_column][\/et_pb_row][\/et_pb_section][et_pb_section fb_built=&#8221;1&#8243; _builder_version=&#8221;4.4.1&#8243;][et_pb_row column_structure=&#8221;1_5,3_5,1_5&#8243; use_custom_gutter=&#8221;on&#8221; gutter_width=&#8221;1&#8243; make_equal=&#8221;on&#8221; _builder_version=&#8221;4.4.5&#8243; width=&#8221;90%&#8221; custom_margin=&#8221;0px|auto||auto|false|false&#8221;][et_pb_column type=&#8221;1_5&#8243; _builder_version=&#8221;4.4.1&#8243; background_color=&#8221;#e61a79&#8243;][et_pb_text _builder_version=&#8221;4.4.5&#8243; link_font=&#8221;||||||||&#8221; link_text_align=&#8221;left&#8221; background_color=&#8221;rgba(0,0,0,0)&#8221; custom_padding=&#8221;30px|20px|30px|20px|true|true&#8221; link_font_size_tablet=&#8221;&#8221; link_font_size_phone=&#8221;&#8221; link_font_size_last_edited=&#8221;on|desktop&#8221; link_font_size__hover=&#8221;32px&#8221; link_font_size__hover_enabled=&#8221;on|hover&#8221;]<\/p>\n<h1><a href=\"https:\/\/www.polic.si\/vinaco\/\">vina&amp;Co\u00a0<span style=\"text-decoration: line-through;\">\u00a0 \u00a0 \u00a0 \u00a0\u00a0<\/span><\/a><\/h1>\n<p>izjemno nekonvencionalna<\/p>\n<p>[\/et_pb_text][\/et_pb_column][et_pb_column type=&#8221;3_5&#8243; _builder_version=&#8221;4.4.1&#8243;][et_pb_image src=&#8221;https:\/\/www.polic.si\/wp-content\/uploads\/2020\/03\/vine-bottle-3.jpg&#8221; _builder_version=&#8221;4.4.1&#8243;][\/et_pb_image][\/et_pb_column][et_pb_column type=&#8221;1_5&#8243; _builder_version=&#8221;4.4.5&#8243; background_enable_color=&#8221;off&#8221; background_image=&#8221;https:\/\/www.polic.si\/wp-content\/uploads\/2020\/04\/olive-2.jpg&#8221;][et_pb_text _builder_version=&#8221;4.4.5&#8243; link_font=&#8221;||||||||&#8221; link_text_align=&#8221;left&#8221; background_color=&#8221;#c8d300&#8243; custom_padding=&#8221;30px|20px|30px|20px|true|true&#8221; link_font_size_tablet=&#8221;&#8221; link_font_size_phone=&#8221;&#8221; link_font_size_last_edited=&#8221;on|desktop&#8221; link_font_size__hover_enabled=&#8221;on|hover&#8221; link_font_size__hover=&#8221;32px&#8221;]<\/p>\n<h1><a href=\"https:\/\/www.polic.si\/oljcno-olje\/\">olj\u010dno olje\u00a0<span style=\"text-decoration: line-through;\"> \u00a0 \u00a0 \u00a0<\/span><\/a><\/h1>\n<p>Tudi v olj\u010dniku se tako kot v vinogradu dr\u017eimo biodinami\u010dnih na\u010del, ter pridelujemo ekolo\u0161ko olj\u010dno olje.<\/p>\n<p>[\/et_pb_text][\/et_pb_column][\/et_pb_row][\/et_pb_section]<\/p>\n","protected":false},"excerpt":{"rendered":"<p>Institucija Vino Grozdne pe\u0161ke V kaj verjamemo Vse ve\u010d prijateljev in obiskovalcev pravi, da so obiskali institucijo in ne preprosto vinsko posestvo. Po\u010da\u0161\u010deni smo kako nas drugi nazivajo, vendar smo vinsko posestvo, kjer izvajamo veliko raziskav in \u0161tudij in kjer radi eksperimentiramo. Radi potiskamo meje in naredimo stvari, ki jih ne moremo kupiti ali dobiti [&hellip;]<\/p>\n","protected":false},"author":2,"featured_media":0,"parent":0,"menu_order":0,"comment_status":"closed","ping_status":"closed","template":"","meta":{"_et_pb_use_builder":"on","_et_pb_old_content":"<!-- wp:divi\/placeholder \/-->","_et_gb_content_width":"","footnotes":""},"class_list":["post-351","page","type-page","status-publish","hentry"],"_links":{"self":[{"href":"https:\/\/www.polic.si\/it\/wp-json\/wp\/v2\/pages\/351","targetHints":{"allow":["GET"]}}],"collection":[{"href":"https:\/\/www.polic.si\/it\/wp-json\/wp\/v2\/pages"}],"about":[{"href":"https:\/\/www.polic.si\/it\/wp-json\/wp\/v2\/types\/page"}],"author":[{"embeddable":true,"href":"https:\/\/www.polic.si\/it\/wp-json\/wp\/v2\/users\/2"}],"replies":[{"embeddable":true,"href":"https:\/\/www.polic.si\/it\/wp-json\/wp\/v2\/comments?post=351"}],"version-history":[{"count":56,"href":"https:\/\/www.polic.si\/it\/wp-json\/wp\/v2\/pages\/351\/revisions"}],"predecessor-version":[{"id":1980,"href":"https:\/\/www.polic.si\/it\/wp-json\/wp\/v2\/pages\/351\/revisions\/1980"}],"wp:attachment":[{"href":"https:\/\/www.polic.si\/it\/wp-json\/wp\/v2\/media?parent=351"}],"curies":[{"name":"wp","href":"https:\/\/api.w.org\/{rel}","templated":true}]}}