{"id":30,"date":"2020-03-17T17:02:54","date_gmt":"2020-03-17T15:02:54","guid":{"rendered":"https:\/\/www.polic.si\/?page_id=30"},"modified":"2022-12-15T18:22:47","modified_gmt":"2022-12-15T16:22:47","slug":"vinaco","status":"publish","type":"page","link":"https:\/\/www.polic.si\/it\/vinaco\/","title":{"rendered":"vino&amp;Co"},"content":{"rendered":"<p>[et_pb_section fb_built=&#8221;1&#8243; _builder_version=&#8221;4.16&#8243; background_color=&#8221;#c8d300&#8243; background_enable_color=&#8221;off&#8221; background_enable_image=&#8221;off&#8221; min_height=&#8221;408px&#8221; custom_margin=&#8221;||0px||false|false&#8221; custom_margin_tablet=&#8221;150px||||false|false&#8221; custom_margin_phone=&#8221;&#8221; custom_margin_last_edited=&#8221;on|desktop&#8221; global_colors_info=&#8221;{}&#8221;][et_pb_row column_structure=&#8221;1_2,1_2&#8243; make_equal=&#8221;on&#8221; _builder_version=&#8221;4.16&#8243; width=&#8221;100%&#8221; width_tablet=&#8221;&#8221; width_phone=&#8221;&#8221; width_last_edited=&#8221;on|desktop&#8221; custom_margin=&#8221;0px||0px||true|false&#8221; custom_margin_tablet=&#8221;-140px||||false|false&#8221; custom_margin_phone=&#8221;&#8221; custom_margin_last_edited=&#8221;on|desktop&#8221; custom_padding=&#8221;0px||0px||true|false&#8221; global_colors_info=&#8221;{}&#8221;][et_pb_column type=&#8221;1_2&#8243; _builder_version=&#8221;4.16&#8243; background_enable_color=&#8221;off&#8221; positioning=&#8221;none&#8221; position_origin_r=&#8221;bottom_left&#8221; global_colors_info=&#8221;{}&#8221;][et_pb_image src=&#8221;https:\/\/www.polic.si\/wp-content\/uploads\/2020\/04\/vine-bottle-2.jpg&#8221; _builder_version=&#8221;4.16&#8243; transform_scale=&#8221;145%|145%&#8221; transform_scale_tablet=&#8221;&#8221; transform_scale_phone=&#8221;&#8221; transform_scale_last_edited=&#8221;on|desktop&#8221; transform_translate_tablet=&#8221;&#8221; transform_translate_phone=&#8221;&#8221; transform_translate_last_edited=&#8221;on|desktop&#8221; transform_rotate_tablet=&#8221;&#8221; transform_rotate_phone=&#8221;&#8221; transform_rotate_last_edited=&#8221;on|desktop&#8221; transform_skew_tablet=&#8221;&#8221; transform_skew_phone=&#8221;&#8221; transform_skew_last_edited=&#8221;on|desktop&#8221; transform_origin_tablet=&#8221;&#8221; transform_origin_phone=&#8221;&#8221; transform_origin_last_edited=&#8221;on|desktop&#8221; transform_styles_last_edited=&#8221;on|desktop&#8221; width=&#8221;100%&#8221; transform_styles_tablet=&#8221;&#8221; transform_styles_phone=&#8221;&#8221; global_colors_info=&#8221;{}&#8221;][\/et_pb_image][\/et_pb_column][et_pb_column type=&#8221;1_2&#8243; _builder_version=&#8221;4.16&#8243; positioning=&#8221;none&#8221; global_colors_info=&#8221;{}&#8221;][et_pb_text _builder_version=&#8221;4.16&#8243; text_line_height=&#8221;1.6em&#8221; header_font=&#8221;Baskervville||||||||&#8221; header_text_align=&#8221;right&#8221; header_text_color=&#8221;#000000&#8243; header_font_size=&#8221;48px&#8221; header_2_font=&#8221;sofia PRO||||on||||&#8221; header_2_text_align=&#8221;left&#8221; header_2_text_color=&#8221;#000000&#8243; header_3_font=&#8221;sofia PRO||||||||&#8221; header_3_font_size=&#8221;17px&#8221; header_3_line_height=&#8221;1.5em&#8221; background_color=&#8221;#ffffff&#8221; custom_padding=&#8221;20px|20px|20px|20px|false|true&#8221; custom_padding_tablet=&#8221;&#8221; custom_padding_phone=&#8221;&#8221; custom_padding_last_edited=&#8221;on|phone&#8221; header_font_size_tablet=&#8221;&#8221; header_font_size_phone=&#8221;40px&#8221; header_font_size_last_edited=&#8221;on|phone&#8221; header_2_font_size_tablet=&#8221;&#8221; header_2_font_size_phone=&#8221;26px&#8221; header_2_font_size_last_edited=&#8221;on|phone&#8221; global_colors_info=&#8221;{}&#8221; header_2_font_size__hover_enabled=&#8221;on|desktop&#8221; header_2_font_size__hover=&#8221;30px&#8221;]<\/p>\n<h1 style=\"text-align: left;\">Vina&amp;Co<\/h1>\n<h2 style=\"text-align: left;\"><a href=\"https:\/\/www.polic.si\/vinaco\/#nasavina\">Na\u0161a vina<\/a><\/h2>\n<h2 style=\"text-align: left;\"><a href=\"https:\/\/www.polic.si\/vinaco\/#grozdnepeske\">Grozdne pe\u0161ke<\/a><\/h2>\n<h2 style=\"text-align: left;\"><a href=\"https:\/\/www.polic.si\/vinaco\/#oljeinmoka\">Olje in moka grozdnih pe\u0161k<\/a><\/h2>\n<h3 style=\"text-align: left;\">Samo najbolj\u0161e, kar narava daje. Luna, Starodavne tradicionalne navade, Vrhunska tehnologija in na\u0161e Invencije\u2026<\/h3>\n<p>[\/et_pb_text][\/et_pb_column][\/et_pb_row][\/et_pb_section][et_pb_section fb_built=&#8221;1&#8243; module_id=&#8221;nasavina&#8221; _builder_version=&#8221;4.16&#8243; background_color=&#8221;#e5c7d8&#8243; custom_margin=&#8221;3px||||false|false&#8221; global_colors_info=&#8221;{}&#8221;][et_pb_row _builder_version=&#8221;4.16&#8243; global_colors_info=&#8221;{}&#8221;][et_pb_column type=&#8221;4_4&#8243; _builder_version=&#8221;4.16&#8243; global_colors_info=&#8221;{}&#8221;][et_pb_text _builder_version=&#8221;4.16&#8243; header_font=&#8221;Baskervville||||||||&#8221; header_font_size=&#8221;48px&#8221; min_height=&#8221;33px&#8221; custom_padding=&#8221;||3px|||&#8221; header_font_size_tablet=&#8221;&#8221; header_font_size_phone=&#8221;40px&#8221; header_font_size_last_edited=&#8221;on|phone&#8221; global_colors_info=&#8221;{}&#8221;]<\/p>\n<h1 style=\"text-align: center;\">Na\u0161a vina<\/h1>\n<p>[\/et_pb_text][et_pb_divider color=&#8221;#000000&#8243; disabled_on=&#8221;on|on|off&#8221; _builder_version=&#8221;4.16&#8243; global_colors_info=&#8221;{}&#8221;][\/et_pb_divider][et_pb_shop columns_number=&#8221;4&#8243; icon_hover_color=&#8221;#e61a79&#8243; hover_overlay_color=&#8221;rgba(230,26,121,0.13)&#8221; _builder_version=&#8221;4.16&#8243; title_font_size=&#8221;17px&#8221; background_enable_color=&#8221;off&#8221; text_orientation=&#8221;center&#8221; child_filter_brightness=&#8221;110%&#8221; border_color_all_image=&#8221;#dbdbdb&#8221; box_shadow_style_image=&#8221;preset1&#8243; box_shadow_color_image=&#8221;rgba(0,0,0,0.24)&#8221; global_colors_info=&#8221;{}&#8221;][\/et_pb_shop][\/et_pb_column][\/et_pb_row][\/et_pb_section][et_pb_section fb_built=&#8221;1&#8243; module_id=&#8221;grozdnepeske&#8221; _builder_version=&#8221;4.16&#8243; global_colors_info=&#8221;{}&#8221;][et_pb_row column_structure=&#8221;1_2,1_2&#8243; _builder_version=&#8221;4.16&#8243; global_colors_info=&#8221;{}&#8221;][et_pb_column type=&#8221;1_2&#8243; _builder_version=&#8221;4.16&#8243; global_colors_info=&#8221;{}&#8221;][et_pb_image src=&#8221;https:\/\/www.polic.si\/wp-content\/uploads\/2020\/04\/vine-seeds-2.jpg&#8221; _builder_version=&#8221;4.16&#8243; positioning=&#8221;relative&#8221; position_origin_r=&#8221;bottom_right&#8221; vertical_offset=&#8221;116px&#8221; vertical_offset_tablet=&#8221;0px&#8221; vertical_offset_phone=&#8221;0px&#8221; vertical_offset_last_edited=&#8221;on|desktop&#8221; animation_style=&#8221;slide&#8221; animation_direction=&#8221;top&#8221; global_colors_info=&#8221;{}&#8221;][\/et_pb_image][\/et_pb_column][et_pb_column type=&#8221;1_2&#8243; _builder_version=&#8221;4.16&#8243; global_colors_info=&#8221;{}&#8221;][et_pb_text _builder_version=&#8221;4.16&#8243; header_font=&#8221;Baskervville||||||||&#8221; header_text_align=&#8221;right&#8221; header_font_size=&#8221;48px&#8221; header_2_font=&#8221;Baskervville||||||||&#8221; header_2_text_align=&#8221;left&#8221; header_2_font_size=&#8221;48px&#8221; header_font_size_tablet=&#8221;&#8221; header_font_size_phone=&#8221;40px&#8221; header_font_size_last_edited=&#8221;on|phone&#8221; header_2_font_size_tablet=&#8221;&#8221; header_2_font_size_phone=&#8221;40px&#8221; header_2_font_size_last_edited=&#8221;on|tablet&#8221; global_colors_info=&#8221;{}&#8221;]<\/p>\n<h1 style=\"text-align: left;\">Grozdne pe\u0161ke<\/h1>\n<p>[\/et_pb_text][et_pb_divider color=&#8221;#000000&#8243; divider_position=&#8221;center&#8221; disabled_on=&#8221;on|on|off&#8221; _builder_version=&#8221;4.16&#8243; min_height=&#8221;23px&#8221; custom_padding=&#8221;1px||1px|||&#8221; locked=&#8221;off&#8221; global_colors_info=&#8221;{}&#8221;][\/et_pb_divider][et_pb_text _builder_version=&#8221;4.16&#8243; custom_padding=&#8221;||3px|||&#8221; global_colors_info=&#8221;{}&#8221;]<\/p>\n<p>Grozdne pe\u0161ke so znane po tem, da vsebujejo ogromno dragocenih hranilnih snovi, ki so visoko koncentrirane. Spadajo v skupino \u017eivil z najbogatej\u0161im <span style=\"color: #993366;\"><strong>naravnim virom oligomineralov<\/strong><\/span>. Veliko ljudi, ki se zdravo prehranjuje in vzdru\u017euje <strong><span style=\"color: #993366;\">zdrav na\u010din \u017eivljenja<\/span><\/strong>, v svojo prehrano dnevno vklju\u010duje olje in moko grozdnih pe\u0161k.<\/p>\n<p>[\/et_pb_text][\/et_pb_column][\/et_pb_row][\/et_pb_section][et_pb_section fb_built=&#8221;1&#8243; module_id=&#8221;oljeinmoka&#8221; _builder_version=&#8221;4.16&#8243; background_color=&#8221;#e5c7d8&#8243; locked=&#8221;off&#8221; global_colors_info=&#8221;{}&#8221;][et_pb_row column_structure=&#8221;1_2,1_2&#8243; _builder_version=&#8221;4.16&#8243; min_height=&#8221;579px&#8221; global_colors_info=&#8221;{}&#8221;][et_pb_column type=&#8221;1_2&#8243; _builder_version=&#8221;4.16&#8243; global_colors_info=&#8221;{}&#8221;][et_pb_text _builder_version=&#8221;4.16&#8243; header_font=&#8221;Baskervville||||||||&#8221; header_text_align=&#8221;left&#8221; header_font_size=&#8221;48px&#8221; header_2_font=&#8221;Baskervville||||||||&#8221; header_2_text_align=&#8221;left&#8221; header_2_font_size=&#8221;48px&#8221; header_font_size_tablet=&#8221;&#8221; header_font_size_phone=&#8221;40px&#8221; header_font_size_last_edited=&#8221;on|phone&#8221; header_2_font_size_tablet=&#8221;&#8221; header_2_font_size_phone=&#8221;40px&#8221; header_2_font_size_last_edited=&#8221;on|tablet&#8221; global_colors_info=&#8221;{}&#8221;]<\/p>\n<h1>Olje in moka\u00a0grozdnih pe\u0161k<\/h1>\n<p>[\/et_pb_text][et_pb_divider color=&#8221;#000000&#8243; divider_position=&#8221;center&#8221; disabled_on=&#8221;on|on|off&#8221; _builder_version=&#8221;4.16&#8243; min_height=&#8221;23px&#8221; custom_padding=&#8221;1px||1px|||&#8221; global_colors_info=&#8221;{}&#8221;][\/et_pb_divider][et_pb_text quote_border_weight=&#8221;0px&#8221; quote_border_color=&#8221;rgba(0,0,0,0)&#8221; _builder_version=&#8221;4.16&#8243; quote_font=&#8221;sofia PRO||||||||&#8221; quote_text_align=&#8221;left&#8221; quote_text_color=&#8221;#000000&#8243; quote_font_size=&#8221;19px&#8221; quote_line_height=&#8221;1.3em&#8221; custom_padding=&#8221;|||0px||&#8221; global_colors_info=&#8221;{}&#8221;]<\/p>\n<p>Na\u0161e <span style=\"color: #993366;\"><strong>ekolo\u0161ko olje<\/strong><\/span> grozdnih pe\u0161k je plod pazljivega ro\u010dnega obiranja grozdja. Olje grozdnih pe\u0161k je pridelano iz grozdnih pe\u0161k, ki so bile v dolgi maceraciji in skladno s Hado znanostjo ter starodavnimi tradicionalnimi praksami. Glede na vremenske razmere so grozdne pe\u0161ke su\u0161ene na prostem, na soncu, za tem pa hladno stisnjene tako, da pridobimo \u010dudovito olje grozdnih pe\u0161k.<\/p>\n<p>Dragocena <span style=\"color: #993366;\"><strong>moka grozdnih pe\u0161k<\/strong><\/span>, ki jo pridelujemo na Posestvu Poli\u010d v Tru\u0161kah, je <strong><span style=\"color: #993366;\">100% naravni izdelek<\/span><\/strong>, ki se pridobiva le iz posu\u0161enih grozdnih pe\u0161k. Grozdne pe\u0161ke vsebujejo tudi veliko vitamina E, linolske kisline in flavonoidov. Zaradi tega med drugim delujejo tudi kot <strong>antioksidanti<\/strong>. Izdelek je narejen s <span style=\"color: #993366;\"><strong>hladnim stiskanjem pe\u0161k grozdja ekolo\u0161ke pridelave<\/strong><\/span>, vsebuje veliko vlaknin, mineralov, kalcija, magnezija in \u017eeleza.<\/p>\n<p>V kuhinji je vsestransko uporabna, saj jo lahko dodajamo kot sestavino k pecivu vseh vrst, kruhu, pala\u010dinkam, pici, tortam, juhi, jogurtu, \u017eitaricam. Lahko pa jo uporabimo tudi kot dodatek za razne napitke.<\/p>\n<blockquote><\/blockquote>\n<p>[\/et_pb_text][\/et_pb_column][et_pb_column type=&#8221;1_2&#8243; _builder_version=&#8221;4.16&#8243; global_colors_info=&#8221;{}&#8221;][et_pb_image src=&#8221;https:\/\/www.polic.si\/wp-content\/uploads\/2020\/04\/foody.jpg&#8221; _builder_version=&#8221;4.16&#8243; positioning=&#8221;relative&#8221; position_origin_r=&#8221;bottom_right&#8221; vertical_offset=&#8221;170px&#8221; vertical_offset_tablet=&#8221;20px&#8221; vertical_offset_phone=&#8221;20px&#8221; vertical_offset_last_edited=&#8221;on|desktop&#8221; animation_style=&#8221;slide&#8221; animation_direction=&#8221;top&#8221; global_colors_info=&#8221;{}&#8221;][\/et_pb_image][et_pb_text _builder_version=&#8221;4.16&#8243; background_color=&#8221;#e61a79&#8243; custom_margin=&#8221;-98px||||false|false&#8221; custom_margin_tablet=&#8221;&#8221; custom_margin_phone=&#8221;-100px||||false|false&#8221; custom_margin_last_edited=&#8221;on|desktop&#8221; custom_padding=&#8221;24px|24px|24px|24px|true|true&#8221; animation_style=&#8221;slide&#8221; animation_direction=&#8221;top&#8221; global_colors_info=&#8221;{}&#8221; link_font_size__hover_enabled=&#8221;on|hover&#8221; link_font_size__hover=&#8221;32px&#8221;]<\/p>\n<h2>Na posestvu, lahko ob <span style=\"text-decoration: underline;\"><a href=\"https:\/\/www.polic.si\/obiscite-nas\/\">degustaciji<\/a><\/span> na\u0161ih vin poizkusite tudi na\u0161 prepoznaven <span style=\"color: #ffffff;\">kruh iz grozdnih pe\u0161k<\/span>.<\/h2>\n<h2>Nekateri ljudje uporabljajo kafetjero in v njej namesto kave uporabijo moko grozdnih pe\u0161k. Napitek naj bi bil zelo <span style=\"color: #ffffff;\">antioxidant in okusen<\/span>.<\/h2>\n<p>[\/et_pb_text][\/et_pb_column][\/et_pb_row][\/et_pb_section]<\/p>\n","protected":false},"excerpt":{"rendered":"<p>Vina&amp;Co Na\u0161a vina Grozdne pe\u0161ke Olje in moka grozdnih pe\u0161k Samo najbolj\u0161e, kar narava daje. Luna, Starodavne tradicionalne navade, Vrhunska tehnologija in na\u0161e Invencije\u2026Na\u0161a vinaGrozdne pe\u0161keGrozdne pe\u0161ke so znane po tem, da vsebujejo ogromno dragocenih hranilnih snovi, ki so visoko koncentrirane. Spadajo v skupino \u017eivil z najbogatej\u0161im naravnim virom oligomineralov. Veliko ljudi, ki se zdravo [&hellip;]<\/p>\n","protected":false},"author":2,"featured_media":0,"parent":0,"menu_order":0,"comment_status":"closed","ping_status":"closed","template":"","meta":{"_et_pb_use_builder":"on","_et_pb_old_content":"","_et_gb_content_width":"","footnotes":""},"class_list":["post-30","page","type-page","status-publish","hentry"],"_links":{"self":[{"href":"https:\/\/www.polic.si\/it\/wp-json\/wp\/v2\/pages\/30","targetHints":{"allow":["GET"]}}],"collection":[{"href":"https:\/\/www.polic.si\/it\/wp-json\/wp\/v2\/pages"}],"about":[{"href":"https:\/\/www.polic.si\/it\/wp-json\/wp\/v2\/types\/page"}],"author":[{"embeddable":true,"href":"https:\/\/www.polic.si\/it\/wp-json\/wp\/v2\/users\/2"}],"replies":[{"embeddable":true,"href":"https:\/\/www.polic.si\/it\/wp-json\/wp\/v2\/comments?post=30"}],"version-history":[{"count":60,"href":"https:\/\/www.polic.si\/it\/wp-json\/wp\/v2\/pages\/30\/revisions"}],"predecessor-version":[{"id":2215,"href":"https:\/\/www.polic.si\/it\/wp-json\/wp\/v2\/pages\/30\/revisions\/2215"}],"wp:attachment":[{"href":"https:\/\/www.polic.si\/it\/wp-json\/wp\/v2\/media?parent=30"}],"curies":[{"name":"wp","href":"https:\/\/api.w.org\/{rel}","templated":true}]}}