{"id":27,"date":"2020-03-17T16:59:48","date_gmt":"2020-03-17T14:59:48","guid":{"rendered":"https:\/\/www.polic.si\/?page_id=27"},"modified":"2020-06-26T22:56:38","modified_gmt":"2020-06-26T20:56:38","slug":"v-kaj-verjamemo","status":"publish","type":"page","link":"https:\/\/www.polic.si\/it\/v-kaj-verjamemo\/","title":{"rendered":"in che cosa crediamo"},"content":{"rendered":"<p>[et_pb_section fb_built=&#8221;1&#8243; _builder_version=&#8221;4.4.3&#8243; background_color=&#8221;#c8d300&#8243; background_enable_color=&#8221;off&#8221; background_enable_image=&#8221;off&#8221; custom_margin=&#8221;||0px||false|false&#8221; custom_margin_tablet=&#8221;150px||||false|false&#8221; custom_margin_phone=&#8221;&#8221; custom_margin_last_edited=&#8221;on|desktop&#8221;][et_pb_row column_structure=&#8221;1_2,1_2&#8243; _builder_version=&#8221;4.4.3&#8243; width=&#8221;100%&#8221; width_tablet=&#8221;&#8221; width_phone=&#8221;&#8221; width_last_edited=&#8221;on|tablet&#8221; custom_margin=&#8221;0px||0px||true|false&#8221; custom_margin_tablet=&#8221;-140px||||false|false&#8221; custom_margin_phone=&#8221;&#8221; custom_margin_last_edited=&#8221;on|desktop&#8221; custom_padding=&#8221;0px||0px||true|false&#8221;][et_pb_column type=&#8221;1_2&#8243; _builder_version=&#8221;4.4.3&#8243; background_enable_color=&#8221;off&#8221; position_origin_r=&#8221;bottom_left&#8221; z_index=&#8221;500&#8243;][et_pb_text _builder_version=&#8221;4.4.5&#8243; text_line_height=&#8221;1.6em&#8221; header_font=&#8221;Baskervville||||||||&#8221; header_text_align=&#8221;right&#8221; header_text_color=&#8221;#000000&#8243; header_font_size=&#8221;48px&#8221; header_2_font=&#8221;Baskervville||||||||&#8221; header_2_text_align=&#8221;left&#8221; header_2_text_color=&#8221;#000000&#8243; header_2_font_size=&#8221;48px&#8221; header_3_font=&#8221;sofia PRO||||||||&#8221; header_3_font_size=&#8221;17px&#8221; header_3_line_height=&#8221;1.5em&#8221; background_color=&#8221;#ffffff&#8221; custom_padding=&#8221;20px|20px|20px|20px|false|true&#8221; custom_padding_tablet=&#8221;&#8221; custom_padding_phone=&#8221;&#8221; custom_padding_last_edited=&#8221;on|phone&#8221; header_font_size_tablet=&#8221;&#8221; header_font_size_phone=&#8221;40px&#8221; header_font_size_last_edited=&#8221;on|desktop&#8221; header_2_font_size_tablet=&#8221;&#8221; header_2_font_size_phone=&#8221;40px&#8221; header_2_font_size_last_edited=&#8221;on|tablet&#8221;]<\/p>\n<h1 style=\"text-align: right;\">V kaj verjamemo \u2026<\/h1>\n<h3 style=\"text-align: right;\">Kot prave zgodbe, se tudi ta za\u010denja z ljubeznijo na prvi pogled. Na\u0161a se za\u010denja s trgatvijo leta 2013, ko smo prvi\u010d pobrali grozdje in kupili posestvo.<\/h3>\n<p>[\/et_pb_text][\/et_pb_column][et_pb_column type=&#8221;1_2&#8243; _builder_version=&#8221;4.4.3&#8243; positioning=&#8221;none&#8221;][et_pb_image src=&#8221;https:\/\/www.polic.si\/wp-content\/uploads\/2020\/03\/1.jpeg&#8221; _builder_version=&#8221;4.4.3&#8243; transform_scale=&#8221;145%|145%&#8221; transform_scale_tablet=&#8221;&#8221; transform_scale_phone=&#8221;&#8221; transform_scale_last_edited=&#8221;on|desktop&#8221; transform_translate_tablet=&#8221;&#8221; transform_translate_phone=&#8221;&#8221; transform_translate_last_edited=&#8221;on|desktop&#8221; transform_rotate_tablet=&#8221;&#8221; transform_rotate_phone=&#8221;&#8221; transform_rotate_last_edited=&#8221;on|desktop&#8221; transform_skew_tablet=&#8221;&#8221; transform_skew_phone=&#8221;&#8221; transform_skew_last_edited=&#8221;on|desktop&#8221; transform_origin_tablet=&#8221;&#8221; transform_origin_phone=&#8221;&#8221; transform_origin_last_edited=&#8221;on|desktop&#8221; transform_styles_last_edited=&#8221;on|desktop&#8221; width=&#8221;100%&#8221; transform_styles_tablet=&#8221;&#8221; transform_styles_phone=&#8221;&#8221;][\/et_pb_image][\/et_pb_column][\/et_pb_row][\/et_pb_section][et_pb_section fb_built=&#8221;1&#8243; _builder_version=&#8221;4.4.3&#8243; background_color=&#8221;rgba(142,0,61,0.1)&#8221; custom_margin=&#8221;8px|||||&#8221;][et_pb_row column_structure=&#8221;1_2,1_2&#8243; _builder_version=&#8221;4.4.2&#8243;][et_pb_column type=&#8221;1_2&#8243; _builder_version=&#8221;4.4.2&#8243;][et_pb_image src=&#8221;https:\/\/www.polic.si\/wp-content\/uploads\/2020\/04\/peter.jpg&#8221; _builder_version=&#8221;4.4.3&#8243; positioning=&#8221;relative&#8221; position_origin_r=&#8221;bottom_right&#8221; vertical_offset=&#8221;150px&#8221; vertical_offset_tablet=&#8221;&#8221; vertical_offset_phone=&#8221;80px&#8221; vertical_offset_last_edited=&#8221;on|phone&#8221; animation_style=&#8221;slide&#8221; animation_direction=&#8221;top&#8221;][\/et_pb_image][et_pb_text _builder_version=&#8221;4.4.8&#8243; background_color=&#8221;#e61a79&#8243; custom_margin_tablet=&#8221;&#8221; custom_margin_phone=&#8221;&#8221; custom_margin_last_edited=&#8221;on|tablet&#8221; custom_padding=&#8221;24px|24px|24px|24px|true|true&#8221; animation_style=&#8221;slide&#8221; animation_direction=&#8221;top&#8221; hover_enabled=&#8221;0&#8243; link_font_size__hover_enabled=&#8221;on|desktop&#8221; link_font_size__hover=&#8221;32px&#8221;]<\/p>\n<h2>V sedmih letih razvoja posestva se pribli\u017eujemo <span style=\"text-decoration: underline;\"><a href=\"https:\/\/www.polic.si\/institucija\/\">instituciji<\/a><\/span>, v konstantnemu <span style=\"color: #ffffff;\">raziskovanju in razvoju novih tehnologij<\/span>, ki jih tudi sami testiramo.<\/h2>\n<p>[\/et_pb_text][\/et_pb_column][et_pb_column type=&#8221;1_2&#8243; _builder_version=&#8221;4.4.2&#8243;][et_pb_divider color=&#8221;#000000&#8243; divider_position=&#8221;center&#8221; disabled_on=&#8221;on|on|off&#8221; _builder_version=&#8221;4.4.3&#8243;][\/et_pb_divider][et_pb_text quote_border_weight=&#8221;0px&#8221; quote_border_color=&#8221;rgba(0,0,0,0)&#8221; _builder_version=&#8221;4.4.5&#8243; quote_font=&#8221;sofia PRO||||||||&#8221; quote_text_align=&#8221;left&#8221; quote_text_color=&#8221;#000000&#8243; quote_font_size=&#8221;19px&#8221; quote_line_height=&#8221;1.3em&#8221;]<\/p>\n<p>Sledimo vodilu; ponudi ljudem najbolj\u0161e, tisto kar bi tudi ti sam rad pil in ne ponujaj ni\u010desar, kar sam ne bi. Ekolo\u0161ki proizvodi po biodinami\u010dnih metodah so rezultat sodelovanja \u010dloveka z naravo.<\/p>\n<p>Grozdje negujemo in ga popeljemo skozi zgodbo, od sadike do trte, od trte do grozda, od grozda do vina in od vina do ljudi.<\/p>\n<p>Obi\u010dajno se zemlja in vinogradi prena\u0161ajo iz roda v rod, pa vendar je bilo nekje treba za\u010deti. Posestvo Poli\u010d Tru\u0161ke je mlado posestvo, mlada zgodba, mladih ljudi, ki skrbijo, da bo del na\u0161e zgodbe dosegel tudi vas.<\/p>\n<blockquote>\n<p>V <span style=\"color: #993366;\">sedmih letih<\/span> razvoja posestva se pribli\u017eujemo instituciji v nenehnem <span style=\"color: #993366;\">raziskovanju in razvoju novih tehnologij<\/span>, ki jih tudi sami testiramo.<\/p>\n<\/blockquote>\n<p>Ideje o \u00bbavtonomnemu traktorju\u00ab, ki ga bo poganjala Umetna Inteligenca, samozadostnem vinogradu, ki bo generiral zeleno energijo, so se rodile \u017ee v letu 2014. Danes na\u0161 prototip \u00bbavtonomnega traktorja\u00ab postaja realnost, ne samo, da poganjamo razvoj, smo tudi njegov testni poligon. Ker izdelki, ki si jih \u017eelimo, ne obstajajo, se velikokrat zgodi, da so pravila in zakonodaja lahko nekompatibilni z novostmi. Raziskujemo in delamo na tem, da bomo kmalu imeli prvi del vinograda za\u0161\u010ditenega z protito\u010dno za\u0161\u010dito, ki bo generirala zeleno elektri\u010dno energijo iz sonca. Predstavljajte si romanti\u010dno no\u010dno trgatev, z brezpla\u010dno osvetlitvijo vinogradov \u2026<\/p>\n<p>[\/et_pb_text][\/et_pb_column][\/et_pb_row][\/et_pb_section][et_pb_section fb_built=&#8221;1&#8243; _builder_version=&#8221;4.4.1&#8243;][et_pb_row column_structure=&#8221;1_5,3_5,1_5&#8243; use_custom_gutter=&#8221;on&#8221; gutter_width=&#8221;1&#8243; make_equal=&#8221;on&#8221; _builder_version=&#8221;4.4.5&#8243; width=&#8221;90%&#8221;][et_pb_column type=&#8221;1_5&#8243; _builder_version=&#8221;4.4.5&#8243; background_enable_color=&#8221;off&#8221; background_image=&#8221;https:\/\/www.polic.si\/wp-content\/uploads\/2020\/04\/olive-2.jpg&#8221;][et_pb_text _builder_version=&#8221;4.4.5&#8243; link_font=&#8221;||||||||&#8221; link_text_align=&#8221;left&#8221; background_color=&#8221;#c8d300&#8243; custom_padding=&#8221;30px|20px|30px|20px|true|true&#8221; link_font_size_tablet=&#8221;&#8221; link_font_size_phone=&#8221;&#8221; link_font_size_last_edited=&#8221;on|desktop&#8221; link_font_size__hover_enabled=&#8221;on|hover&#8221; link_font_size__hover=&#8221;32px&#8221;]<\/p>\n<h1><a href=\"https:\/\/www.polic.si\/oljcno-olje\/\">olj\u010dno olje\u00a0<span style=\"text-decoration: line-through;\"> \u00a0 \u00a0 \u00a0<\/span><\/a><\/h1>\n<p>Tudi v olj\u010dniku se tako kot v vinogradu dr\u017eimo biodinami\u010dnih na\u010del, ter pridelujemo ekolo\u0161ko olj\u010dno olje.<\/p>\n<p>[\/et_pb_text][\/et_pb_column][et_pb_column type=&#8221;3_5&#8243; _builder_version=&#8221;4.4.1&#8243;][et_pb_image src=&#8221;https:\/\/www.polic.si\/wp-content\/uploads\/2020\/04\/vine-bottle-2.jpg&#8221; _builder_version=&#8221;4.4.2&#8243;][\/et_pb_image][\/et_pb_column][et_pb_column type=&#8221;1_5&#8243; _builder_version=&#8221;4.4.5&#8243; background_color=&#8221;#8e1a4c&#8221; background_enable_image=&#8221;off&#8221;][et_pb_text _builder_version=&#8221;4.4.5&#8243; link_font=&#8221;||||||||&#8221; link_text_align=&#8221;left&#8221; background_color=&#8221;rgba(0,0,0,0)&#8221; custom_padding=&#8221;30px|20px|30px|20px|true|true&#8221; link_font_size_tablet=&#8221;&#8221; link_font_size_phone=&#8221;&#8221; link_font_size_last_edited=&#8221;on|desktop&#8221; link_font_size__hover=&#8221;32px&#8221; link_font_size__hover_enabled=&#8221;on|hover&#8221;]<\/p>\n<h1><span style=\"color: #ffffff;\"><a href=\"https:\/\/www.polic.si\/vinaco\/\" style=\"color: #ffffff;\">vina&amp;Co\u00a0<span style=\"text-decoration: line-through;\">\u00a0 \u00a0 \u00a0 \u00a0\u00a0<\/span><\/a><\/span><\/h1>\n<p><span style=\"color: #ffffff;\">izjemno nekonvencionalna<\/span><\/p>\n<p>[\/et_pb_text][\/et_pb_column][\/et_pb_row][\/et_pb_section]<\/p>\n","protected":false},"excerpt":{"rendered":"<p>V kaj verjamemo \u2026 Kot prave zgodbe, se tudi ta za\u010denja z ljubeznijo na prvi pogled. Na\u0161a se za\u010denja s trgatvijo leta 2013, ko smo prvi\u010d pobrali grozdje in kupili posestvo.V sedmih letih razvoja posestva se pribli\u017eujemo instituciji, v konstantnemu raziskovanju in razvoju novih tehnologij, ki jih tudi sami testiramo.Sledimo vodilu; ponudi ljudem najbolj\u0161e, tisto [&hellip;]<\/p>\n","protected":false},"author":2,"featured_media":0,"parent":0,"menu_order":0,"comment_status":"closed","ping_status":"closed","template":"","meta":{"_et_pb_use_builder":"on","_et_pb_old_content":"","_et_gb_content_width":"","footnotes":""},"class_list":["post-27","page","type-page","status-publish","hentry"],"_links":{"self":[{"href":"https:\/\/www.polic.si\/it\/wp-json\/wp\/v2\/pages\/27","targetHints":{"allow":["GET"]}}],"collection":[{"href":"https:\/\/www.polic.si\/it\/wp-json\/wp\/v2\/pages"}],"about":[{"href":"https:\/\/www.polic.si\/it\/wp-json\/wp\/v2\/types\/page"}],"author":[{"embeddable":true,"href":"https:\/\/www.polic.si\/it\/wp-json\/wp\/v2\/users\/2"}],"replies":[{"embeddable":true,"href":"https:\/\/www.polic.si\/it\/wp-json\/wp\/v2\/comments?post=27"}],"version-history":[{"count":64,"href":"https:\/\/www.polic.si\/it\/wp-json\/wp\/v2\/pages\/27\/revisions"}],"predecessor-version":[{"id":2076,"href":"https:\/\/www.polic.si\/it\/wp-json\/wp\/v2\/pages\/27\/revisions\/2076"}],"wp:attachment":[{"href":"https:\/\/www.polic.si\/it\/wp-json\/wp\/v2\/media?parent=27"}],"curies":[{"name":"wp","href":"https:\/\/api.w.org\/{rel}","templated":true}]}}