{"id":23,"date":"2020-03-17T16:59:07","date_gmt":"2020-03-17T14:59:07","guid":{"rendered":"https:\/\/www.polic.si\/?page_id=23"},"modified":"2025-11-14T13:46:52","modified_gmt":"2025-11-14T11:46:52","slug":"main","status":"publish","type":"page","link":"https:\/\/www.polic.si\/it\/","title":{"rendered":"vstopna"},"content":{"rendered":"<p>[et_pb_section fb_built=&#8221;1&#8243; _builder_version=&#8221;4.16&#8243; background_color=&#8221;#c8d300&#8243; background_enable_color=&#8221;off&#8221; background_enable_image=&#8221;off&#8221; custom_margin=&#8221;-26px||-10px||false|false&#8221; custom_margin_tablet=&#8221;150px||0px||false|false&#8221; custom_margin_phone=&#8221;&#8221; custom_margin_last_edited=&#8221;on|desktop&#8221; global_colors_info=&#8221;{}&#8221;][et_pb_row column_structure=&#8221;1_2,1_2&#8243; use_custom_gutter=&#8221;on&#8221; gutter_width=&#8221;1&#8243; make_equal=&#8221;on&#8221; _builder_version=&#8221;4.16&#8243; width=&#8221;100%&#8221; width_tablet=&#8221;100%&#8221; width_phone=&#8221;100%&#8221; width_last_edited=&#8221;on|phone&#8221; custom_margin=&#8221;0px||0px||true|false&#8221; custom_margin_tablet=&#8221;-140px||||false|false&#8221; custom_margin_phone=&#8221;&#8221; custom_margin_last_edited=&#8221;on|desktop&#8221; custom_padding=&#8221;0px||0px||true|false&#8221; global_colors_info=&#8221;{}&#8221;][et_pb_column type=&#8221;1_2&#8243; _builder_version=&#8221;4.16&#8243; background_enable_color=&#8221;off&#8221; position_origin_r=&#8221;bottom_left&#8221; z_index=&#8221;500&#8243; global_colors_info=&#8221;{}&#8221;][et_pb_text _builder_version=&#8221;4.27.4&#8243; text_line_height=&#8221;1.6em&#8221; header_font=&#8221;Baskervville||||||||&#8221; header_text_align=&#8221;right&#8221; header_text_color=&#8221;#000000&#8243; header_font_size=&#8221;48px&#8221; header_2_font=&#8221;Baskervville||||||||&#8221; header_2_text_align=&#8221;left&#8221; header_2_text_color=&#8221;#000000&#8243; header_2_font_size=&#8221;48px&#8221; header_3_font=&#8221;Poppins||||||||&#8221; header_3_font_size=&#8221;17px&#8221; header_3_line_height=&#8221;1.5em&#8221; background_color=&#8221;#ffffff&#8221; width=&#8221;90%&#8221; module_alignment=&#8221;center&#8221; custom_padding=&#8221;20px|20px|20px|20px|false|true&#8221; custom_padding_tablet=&#8221;&#8221; custom_padding_phone=&#8221;&#8221; custom_padding_last_edited=&#8221;on|phone&#8221; animation_style=&#8221;slide&#8221; animation_direction=&#8221;left&#8221; hover_enabled=&#8221;0&#8243; header_font_size_tablet=&#8221;&#8221; header_font_size_phone=&#8221;40px&#8221; header_font_size_last_edited=&#8221;on|phone&#8221; header_2_font_size_tablet=&#8221;&#8221; header_2_font_size_phone=&#8221;40px&#8221; header_2_font_size_last_edited=&#8221;on|tablet&#8221; global_colors_info=&#8221;{}&#8221; sticky_enabled=&#8221;0&#8243;]<\/p>\n<h1 style=\"text-align: right;\"><em>Samo najbolj\u0161e, kar narava daje.<\/em><\/h1>\n<h3 style=\"text-align: right;\">Luna, Starodavne tradicionalne navade, Vrhunska tehnologija in na\u0161e Invencije&#8230;\u00a0Ekolo\u0161ki proizvodi Poli\u010d so skrbno pridelani v najbolj ob\u010dutljivih pogojih, z neskon\u010dnim spo\u0161tovanjem okolja in z enakima dela potrpe\u017eljivosti in modrosti.<\/h3>\n<p>[\/et_pb_text][et_pb_button button_url=&#8221;https:\/\/www.polic.si\/v-kaj-verjamemo\/&#8221; button_text=&#8221;v kaj verjamemo&#8221; button_alignment=&#8221;right&#8221; _builder_version=&#8221;4.16&#8243; custom_margin=&#8221;21px|25px|0px||false|false&#8221; custom_margin_tablet=&#8221;|37px|||false|false&#8221; custom_margin_phone=&#8221;|24px|||false|false&#8221; custom_margin_last_edited=&#8221;on|phone&#8221; animation_style=&#8221;slide&#8221; animation_direction=&#8221;left&#8221; animation_duration=&#8221;1150ms&#8221; global_colors_info=&#8221;{}&#8221;][\/et_pb_button][\/et_pb_column][et_pb_column type=&#8221;1_2&#8243; _builder_version=&#8221;4.16&#8243; positioning=&#8221;none&#8221; global_colors_info=&#8221;{}&#8221;][et_pb_image src=&#8221;https:\/\/www.polic.si\/wp-content\/uploads\/2020\/04\/MAIN-1-CUT.jpg&#8221; align=&#8221;center&#8221; _builder_version=&#8221;4.16&#8243; transform_scale=&#8221;140%|140%&#8221; transform_scale_tablet=&#8221;100%|100%&#8221; transform_scale_phone=&#8221;&#8221; transform_scale_last_edited=&#8221;on|desktop&#8221; transform_translate=&#8221;0px|21px&#8221; transform_translate_tablet=&#8221;0px|-5px&#8221; transform_translate_phone=&#8221;0px|-28px&#8221; transform_translate_last_edited=&#8221;on|tablet&#8221; transform_translate_linked=&#8221;off&#8221; transform_rotate_tablet=&#8221;&#8221; transform_rotate_phone=&#8221;&#8221; transform_rotate_last_edited=&#8221;on|desktop&#8221; transform_skew_tablet=&#8221;&#8221; transform_skew_phone=&#8221;&#8221; transform_skew_last_edited=&#8221;on|desktop&#8221; transform_origin_tablet=&#8221;&#8221; transform_origin_phone=&#8221;&#8221; transform_origin_last_edited=&#8221;on|desktop&#8221; transform_styles_last_edited=&#8221;on|tablet&#8221; transform_styles_tablet=&#8221;&#8221; transform_styles_phone=&#8221;&#8221; global_colors_info=&#8221;{}&#8221;][\/et_pb_image][\/et_pb_column][\/et_pb_row][\/et_pb_section][et_pb_section fb_built=&#8221;1&#8243; _builder_version=&#8221;4.16&#8243; custom_margin=&#8221;0px||0px||true|false&#8221; custom_padding=&#8221;0px||0px||true|false&#8221; global_colors_info=&#8221;{}&#8221;][et_pb_row _builder_version=&#8221;4.16&#8243; width=&#8221;90%&#8221; custom_padding=&#8221;0px||0px||true|false&#8221; global_colors_info=&#8221;{}&#8221;][et_pb_column type=&#8221;4_4&#8243; _builder_version=&#8221;4.16&#8243; global_colors_info=&#8221;{}&#8221;][et_pb_divider color=&#8221;#000000&#8243; divider_position=&#8221;center&#8221; _builder_version=&#8221;4.16&#8243; custom_padding=&#8221;||0px|||&#8221; global_colors_info=&#8221;{}&#8221;][\/et_pb_divider][\/et_pb_column][\/et_pb_row][\/et_pb_section][et_pb_section fb_built=&#8221;1&#8243; _builder_version=&#8221;4.16&#8243; custom_margin=&#8221;0px||0px||true|false&#8221; custom_padding=&#8221;0px||0px||true|false&#8221; global_colors_info=&#8221;{}&#8221;][et_pb_row column_structure=&#8221;1_5,3_5,1_5&#8243; use_custom_gutter=&#8221;on&#8221; gutter_width=&#8221;1&#8243; make_equal=&#8221;on&#8221; _builder_version=&#8221;4.16&#8243; width=&#8221;90%&#8221; global_colors_info=&#8221;{}&#8221;][et_pb_column type=&#8221;1_5&#8243; _builder_version=&#8221;4.16&#8243; background_color=&#8221;#e61a79&#8243; global_colors_info=&#8221;{}&#8221;][et_pb_text _builder_version=&#8221;4.16&#8243; link_font=&#8221;||||||||&#8221; link_text_align=&#8221;left&#8221; link_font_size=&#8221;26px&#8221; background_color=&#8221;rgba(0,0,0,0)&#8221; custom_margin=&#8221;0px|0px|0px|0px|false|true&#8221; custom_padding=&#8221;30px|20px|30px|20px|false|true&#8221; link_font_size_tablet=&#8221;&#8221; link_font_size_phone=&#8221;&#8221; link_font_size_last_edited=&#8221;on|desktop&#8221; global_colors_info=&#8221;{}&#8221; link_font_size__hover=&#8221;32px&#8221; link_font_size__hover_enabled=&#8221;on|hover&#8221;]<\/p>\n<h2><a href=\"https:\/\/www.polic.si\/vinaco\/\">vina&amp;Co\u00a0<span style=\"text-decoration: line-through;\">\u00a0 \u00a0 \u00a0 \u00a0\u00a0<\/span><\/a><\/h2>\n<p>izjemno nekonvencionalna<\/p>\n<p>[\/et_pb_text][\/et_pb_column][et_pb_column type=&#8221;3_5&#8243; _builder_version=&#8221;4.16&#8243; global_colors_info=&#8221;{}&#8221;][et_pb_image src=&#8221;https:\/\/www.polic.si\/wp-content\/uploads\/2020\/03\/vine-bottle-3.jpg&#8221; _builder_version=&#8221;4.16&#8243; global_colors_info=&#8221;{}&#8221;][\/et_pb_image][\/et_pb_column][et_pb_column type=&#8221;1_5&#8243; _builder_version=&#8221;4.16&#8243; background_enable_color=&#8221;off&#8221; background_image=&#8221;https:\/\/www.polic.si\/wp-content\/uploads\/2020\/04\/olive-2.jpg&#8221; global_colors_info=&#8221;{}&#8221;][et_pb_text _builder_version=&#8221;4.16&#8243; link_font=&#8221;||||||||&#8221; link_text_align=&#8221;left&#8221; link_font_size=&#8221;26px&#8221; background_color=&#8221;#c8d300&#8243; custom_margin=&#8221;0px|0px|0px|0px|false|true&#8221; custom_padding=&#8221;30px|20px|30px|20px|false|true&#8221; link_font_size_tablet=&#8221;&#8221; link_font_size_phone=&#8221;&#8221; link_font_size_last_edited=&#8221;on|desktop&#8221; global_colors_info=&#8221;{}&#8221; link_font_size__hover_enabled=&#8221;on|hover&#8221; link_font_size__hover=&#8221;32px&#8221;]<\/p>\n<h2><a href=\"https:\/\/www.polic.si\/oljcno-olje\/\">olj\u010dno olje\u00a0<span style=\"text-decoration: line-through;\"> \u00a0 \u00a0 \u00a0<\/span><\/a><\/h2>\n<p>Tudi v olj\u010dniku se tako kot v vinogradu dr\u017eimo biodinami\u010dnih na\u010del, ter pridelujemo ekolo\u0161ko olj\u010dno olje.<\/p>\n<p>[\/et_pb_text][\/et_pb_column][\/et_pb_row][\/et_pb_section][et_pb_section fb_built=&#8221;1&#8243; _builder_version=&#8221;4.16&#8243; custom_padding=&#8221;10px||10px||true|false&#8221; animation_style=&#8221;slide&#8221; animation_direction=&#8221;top&#8221; global_colors_info=&#8221;{}&#8221;][et_pb_row _builder_version=&#8221;4.16&#8243; background_enable_color=&#8221;off&#8221; background_image=&#8221;https:\/\/www.polic.si\/wp-content\/uploads\/2020\/04\/grape-pink.jpg&#8221; width=&#8221;90%&#8221; global_colors_info=&#8221;{}&#8221;][et_pb_column type=&#8221;4_4&#8243; _builder_version=&#8221;4.16&#8243; global_colors_info=&#8221;{}&#8221;][et_pb_text _builder_version=&#8221;4.16&#8243; header_2_font=&#8221;Baskervville||on||||||&#8221; header_2_text_color=&#8221;#ffffff&#8221; header_2_font_size=&#8221;31px&#8221; header_2_line_height=&#8221;1.5em&#8221; custom_margin=&#8221;|82px|||false|false&#8221; custom_margin_tablet=&#8221;&#8221; custom_margin_phone=&#8221;|0px|||false|false&#8221; custom_margin_last_edited=&#8221;on|desktop&#8221; custom_padding=&#8221;20px|52px|20px|52px|true|true&#8221; header_2_font_size_tablet=&#8221;&#8221; header_2_font_size_phone=&#8221;25px&#8221; header_2_font_size_last_edited=&#8221;on|phone&#8221; global_colors_info=&#8221;{}&#8221;]<\/p>\n<h2>Luna, Starodavne tradicionalne navade in Hado znanost = brez kemikalij in z veliko lepe glasbe<\/h2>\n<p>[\/et_pb_text][\/et_pb_column][\/et_pb_row][\/et_pb_section][et_pb_section fb_built=&#8221;1&#8243; _builder_version=&#8221;4.16&#8243; custom_margin=&#8221;0px||||false|false&#8221; custom_padding=&#8221;0px||0px||true|false&#8221; global_colors_info=&#8221;{}&#8221;][et_pb_row column_structure=&#8221;1_4,1_4,1_2&#8243; use_custom_gutter=&#8221;on&#8221; make_equal=&#8221;on&#8221; custom_padding_last_edited=&#8221;on|desktop&#8221; _builder_version=&#8221;4.16&#8243; width=&#8221;90%&#8221; custom_margin=&#8221;0px||0px||true|false&#8221; custom_padding=&#8221;20px||20px||false|false&#8221; custom_padding_tablet=&#8221;&#8221; custom_padding_phone=&#8221;&#8221; global_colors_info=&#8221;{}&#8221;][et_pb_column type=&#8221;1_4&#8243; _builder_version=&#8221;4.16&#8243; background_color=&#8221;#5fc4e1&#8243; global_colors_info=&#8221;{}&#8221;][et_pb_image src=&#8221;https:\/\/www.polic.si\/wp-content\/uploads\/2020\/04\/cosmo-2.jpg&#8221; disabled_on=&#8221;off|off|off&#8221; _builder_version=&#8221;4.16&#8243; custom_margin=&#8221;0px||-25px||false|false&#8221; custom_margin_tablet=&#8221;&#8221; custom_margin_phone=&#8221;&#8221; custom_margin_last_edited=&#8221;on|desktop&#8221; global_colors_info=&#8221;{}&#8221;][\/et_pb_image][et_pb_text _builder_version=&#8221;4.16&#8243; link_font_size=&#8221;26px&#8221; background_enable_color=&#8221;off&#8221; min_height=&#8221;117px&#8221; custom_margin=&#8221;24px|0px||0px|false|true&#8221; custom_padding=&#8221;30px|30px|30px|30px|true|true&#8221; global_colors_info=&#8221;{}&#8221; link_font_size__hover_enabled=&#8221;on|hover&#8221; link_font_size__hover=&#8221;32px&#8221;]<\/p>\n<h2><a href=\"https:\/\/www.polic.si\/kozmetika\/\">kozmetika\u00a0<span style=\"text-decoration: line-through;\">\u00a0 \u00a0 \u00a0 \u00a0<\/span><\/a><\/h2>\n<p>\u017diveti naravno ne pomeni samo zdravo prehranjevanje in lo\u010devanje odpadkov.<\/p>\n<p>[\/et_pb_text][\/et_pb_column][et_pb_column type=&#8221;1_4&#8243; _builder_version=&#8221;4.16&#8243; background_color=&#8221;#e84e24&#8243; custom_padding=&#8221;0px|0px|0px|0px|true|true&#8221; global_colors_info=&#8221;{}&#8221;][et_pb_text _builder_version=&#8221;4.16&#8243; link_font_size=&#8221;26px&#8221; background_enable_color=&#8221;off&#8221; min_height=&#8221;117px&#8221; custom_margin=&#8221;0px|0px||0px|false|true&#8221; custom_padding=&#8221;30px|30px|54px|30px|false|true&#8221; custom_padding_tablet=&#8221;&#8221; custom_padding_phone=&#8221;30px||30px||true|true&#8221; custom_padding_last_edited=&#8221;on|desktop&#8221; global_colors_info=&#8221;{}&#8221; link_font_size__hover_enabled=&#8221;on|hover&#8221; link_font_size__hover=&#8221;32px&#8221;]<\/p>\n<h2><a href=\"https:\/\/www.polic.si\/obiscite-nas\/\">obi\u0161\u010dite nas\u00a0<span style=\"text-decoration: line-through;\"> \u00a0 \u00a0 \u00a0\u00a0<\/span><\/a><\/h2>\n<p>Veliko zanimivega je pri nas in veliko lahko ponudimo.<\/p>\n<p>[\/et_pb_text][et_pb_image src=&#8221;https:\/\/www.polic.si\/wp-content\/uploads\/2020\/04\/foody-top.jpg&#8221; align=&#8221;center&#8221; force_fullwidth=&#8221;on&#8221; _builder_version=&#8221;4.16&#8243; custom_margin=&#8221;18px||0px||false|false&#8221; custom_margin_tablet=&#8221;&#8221; custom_margin_phone=&#8221;&#8221; custom_margin_last_edited=&#8221;on|desktop&#8221; global_colors_info=&#8221;{}&#8221;][\/et_pb_image][\/et_pb_column][et_pb_column type=&#8221;1_2&#8243; _builder_version=&#8221;4.16&#8243; background_color=&#8221;#f6ca21&#8243; global_colors_info=&#8221;{}&#8221;][et_pb_image src=&#8221;https:\/\/www.polic.si\/wp-content\/uploads\/2020\/04\/vine-1-h.jpg&#8221; _builder_version=&#8221;4.16&#8243; custom_margin=&#8221;0px||-39px||false|false&#8221; custom_padding=&#8221;0px||0px||false|false&#8221; global_colors_info=&#8221;{}&#8221;][\/et_pb_image][et_pb_text _builder_version=&#8221;4.16&#8243; link_font_size=&#8221;26px&#8221; background_enable_color=&#8221;off&#8221; min_height=&#8221;117px&#8221; custom_margin=&#8221;34px|0px||0px|false|true&#8221; custom_margin_tablet=&#8221;&#8221; custom_margin_phone=&#8221;&#8221; custom_margin_last_edited=&#8221;on|phone&#8221; custom_padding=&#8221;30px|30px|30px|30px|true|true&#8221; link_font_size_last_edited=&#8221;off|desktop&#8221; global_colors_info=&#8221;{}&#8221; link_font_size__hover_enabled=&#8221;on|hover&#8221; link_font_size__hover=&#8221;32px&#8221;]<\/p>\n<h2><a href=\"https:\/\/www.polic.si\/institucija\/\">institucija\u00a0<span style=\"text-decoration: line-through;\"> \u00a0 \u00a0 \u00a0 \u00a0<\/span><\/a><\/h2>\n<p>Vse ve\u010d prijateljev in obiskovalcev pravi, da so obiskali institucijo in ne preprosto vinsko posestvo.<\/p>\n<p>[\/et_pb_text][\/et_pb_column][\/et_pb_row][\/et_pb_section][et_pb_section fb_built=&#8221;1&#8243; disabled_on=&#8221;on|off|off&#8221; _builder_version=&#8221;4.16&#8243; custom_padding=&#8221;0px||0px||true|false&#8221; global_colors_info=&#8221;{}&#8221;][et_pb_row _builder_version=&#8221;4.16&#8243; width=&#8221;90%&#8221; custom_padding=&#8221;0px||0px||true|false&#8221; global_colors_info=&#8221;{}&#8221;][et_pb_column type=&#8221;4_4&#8243; _builder_version=&#8221;4.16&#8243; global_colors_info=&#8221;{}&#8221;][et_pb_divider color=&#8221;#000000&#8243; divider_position=&#8221;center&#8221; _builder_version=&#8221;4.16&#8243; global_colors_info=&#8221;{}&#8221;][\/et_pb_divider][et_pb_text _builder_version=&#8221;4.16&#8243; custom_margin=&#8221;||-3px|||&#8221; global_colors_info=&#8221;{}&#8221;]<\/p>\n<h1 style=\"text-align: center;\">instagram<\/h1>\n<p>[\/et_pb_text][et_pb_text _builder_version=&#8221;4.16&#8243; custom_margin=&#8221;0px||0px||true|false&#8221; custom_padding=&#8221;0px||0px||true|false&#8221; global_colors_info=&#8221;{}&#8221;]<\/p>\n\n<div id=\"sb_instagram\"  class=\"sbi sbi_mob_col_1 sbi_tab_col_2 sbi_col_6\" style=\"padding-bottom: 6px; width: 100%; height: 100%;\"\t data-feedid=\"*1\"  data-res=\"auto\" data-cols=\"6\" data-colsmobile=\"1\" data-colstablet=\"2\" data-num=\"6\" data-nummobile=\"\" data-item-padding=\"3\"\t data-shortcode-atts=\"{&quot;feed&quot;:&quot;1&quot;}\"  data-postid=\"23\" data-locatornonce=\"b85d839967\" data-imageaspectratio=\"1:1\" data-sbi-flags=\"favorLocal,gdpr\">\n\t\n\t<div id=\"sbi_images\"  style=\"gap: 6px;\">\n\t\t\t<\/div>\n\n\t<div id=\"sbi_load\" >\n\n\t\n\t\n<\/div>\n\t\t<span class=\"sbi_resized_image_data\" data-feed-id=\"*1\"\n\t\t  data-resized=\"[]\">\n\t<\/span>\n\t<\/div>\n\n\n<p>[\/et_pb_text][\/et_pb_column][\/et_pb_row][\/et_pb_section][et_pb_section fb_built=&#8221;1&#8243; _builder_version=&#8221;4.16&#8243; custom_padding=&#8221;0px|||||&#8221; global_colors_info=&#8221;{}&#8221;][et_pb_row _builder_version=&#8221;4.16&#8243; width=&#8221;90%&#8221; min_height=&#8221;15px&#8221; custom_margin=&#8221;||-39px||false|false&#8221; global_colors_info=&#8221;{}&#8221; custom_margin__hover_enabled=&#8221;on|desktop&#8221; custom_margin__hover=&#8221;||-39px||false|false&#8221;][et_pb_column type=&#8221;4_4&#8243; _builder_version=&#8221;4.16&#8243; global_colors_info=&#8221;{}&#8221;][et_pb_divider color=&#8221;#000000&#8243; _builder_version=&#8221;4.16&#8243; custom_padding=&#8221;||1px|||&#8221; global_colors_info=&#8221;{}&#8221;][\/et_pb_divider][\/et_pb_column][\/et_pb_row][et_pb_row column_structure=&#8221;1_2,1_2&#8243; use_custom_gutter=&#8221;on&#8221; make_equal=&#8221;on&#8221; _builder_version=&#8221;4.16&#8243; width=&#8221;90%&#8221; min_height=&#8221;175px&#8221; custom_padding=&#8221;0px|||||&#8221; global_colors_info=&#8221;{}&#8221;][et_pb_column type=&#8221;1_2&#8243; _builder_version=&#8221;4.16&#8243; background_color=&#8221;#c9d300&#8243; global_colors_info=&#8221;{}&#8221; background__hover_enabled=&#8221;on|desktop&#8221;][et_pb_text _builder_version=&#8221;4.16&#8243; header_2_font=&#8221;Baskervville||on||||||&#8221; header_2_text_align=&#8221;left&#8221; custom_margin=&#8221;25px|25px|25px|25px|true|true&#8221; custom_padding=&#8221;0px||||false|false&#8221; global_colors_info=&#8221;{}&#8221;]<\/p>\n<h2 style=\"text-align: left;\">sledite nam &#8230;<\/h2>\n<p>[\/et_pb_text][et_pb_social_media_follow icon_color=&#8221;#000000&#8243; use_icon_font_size=&#8221;on&#8221; icon_font_size=&#8221;33px&#8221; _builder_version=&#8221;4.16&#8243; text_orientation=&#8221;left&#8221; custom_margin=&#8221;32px|22px|32px|22px|true|true&#8221; border_radii=&#8221;on|305px|305px|305px|305px&#8221; border_width_all=&#8221;3px&#8221; border_color_all=&#8221;#000000&#8243; global_colors_info=&#8221;{}&#8221; icon_color__hover_enabled=&#8221;on|hover&#8221; icon_color__hover=&#8221;#c8d300&#8243; border_color_all__hover_enabled=&#8221;on|desktop&#8221; border_color_all__hover=&#8221;#ffffff&#8221;][et_pb_social_media_follow_network social_network=&#8221;facebook&#8221; url=&#8221;https:\/\/www.facebook.com\/policestatetruske&#8221; icon_color=&#8221;#c8d300&#8243; use_icon_font_size=&#8221;on&#8221; icon_font_size=&#8221;25px&#8221; _builder_version=&#8221;4.16&#8243; background_color=&#8221;#000000&#8243; background_enable_color=&#8221;on&#8221; border_width_all=&#8221;0px&#8221; global_colors_info=&#8221;{}&#8221; background__hover_enabled=&#8221;on|hover&#8221; background_color__hover=&#8221;#ffffff&#8221; background_enable_color__hover=&#8221;on&#8221; icon_color__hover_enabled=&#8221;on|desktop&#8221; icon_color__hover=&#8221;#c8d300&#8243; follow_button=&#8221;off&#8221; url_new_window=&#8221;on&#8221;]facebook[\/et_pb_social_media_follow_network][et_pb_social_media_follow_network social_network=&#8221;instagram&#8221; url=&#8221;https:\/\/www.instagram.com\/polic_estate_truske\/&#8221; icon_color=&#8221;#c8d300&#8243; use_icon_font_size=&#8221;on&#8221; icon_font_size=&#8221;25px&#8221; _builder_version=&#8221;4.16&#8243; background_color=&#8221;#000000&#8243; background_enable_color=&#8221;on&#8221; border_width_all=&#8221;0px&#8221; global_colors_info=&#8221;{}&#8221; background_color__hover=&#8221;#ffffff&#8221; background__hover_enabled=&#8221;on|hover&#8221; background_enable_color__hover=&#8221;on&#8221; icon_color__hover=&#8221;#c8d300&#8243; icon_color__hover_enabled=&#8221;on|desktop&#8221; follow_button=&#8221;off&#8221; url_new_window=&#8221;on&#8221;]instagram[\/et_pb_social_media_follow_network][\/et_pb_social_media_follow][\/et_pb_column][et_pb_column type=&#8221;1_2&#8243; _builder_version=&#8221;4.16&#8243; background_color=&#8221;#fced9c&#8221; global_colors_info=&#8221;{}&#8221; transform_styles__hover_enabled=&#8221;on|hover&#8221; transform_scale__hover_enabled=&#8221;on|hover&#8221; transform_translate__hover_enabled=&#8221;on|desktop&#8221; transform_rotate__hover_enabled=&#8221;on|desktop&#8221; transform_skew__hover_enabled=&#8221;on|desktop&#8221; transform_origin__hover_enabled=&#8221;on|desktop&#8221; transform_scale__hover=&#8221;120%|120%&#8221;][et_pb_text _builder_version=&#8221;4.16&#8243; header_2_font=&#8221;Baskervville||on||||||&#8221; header_2_text_align=&#8221;left&#8221; custom_margin=&#8221;25px|25px|25px|25px|true|true&#8221; custom_padding=&#8221;0px||||false|false&#8221; global_colors_info=&#8221;{}&#8221;]<\/p>\n<h2 style=\"text-align: left;\">razvoj pode\u017eelja &#8230;<\/h2>\n<p>[\/et_pb_text][et_pb_image src=&#8221;https:\/\/www.polic.si\/wp-content\/uploads\/2020\/03\/razvoj-podezelja.jpg&#8221; url=&#8221;https:\/\/www.polic.si\/sofinanciranje\/&#8221; _builder_version=&#8221;4.16&#8243; transform_scale=&#8221;88%|88%&#8221; custom_margin=&#8221;-36px||||false|false&#8221; global_colors_info=&#8221;{}&#8221;][\/et_pb_image][\/et_pb_column][\/et_pb_row][\/et_pb_section]<\/p>\n","protected":false},"excerpt":{"rendered":"<p>Samo najbolj\u0161e, kar narava daje. Luna, Starodavne tradicionalne navade, Vrhunska tehnologija in na\u0161e Invencije&#8230;\u00a0Ekolo\u0161ki proizvodi Poli\u010d so skrbno pridelani v najbolj ob\u010dutljivih pogojih, z neskon\u010dnim spo\u0161tovanjem okolja in z enakima dela potrpe\u017eljivosti in modrosti.vina&amp;Co\u00a0\u00a0 \u00a0 \u00a0 \u00a0\u00a0 izjemno nekonvencionalnaolj\u010dno olje\u00a0 \u00a0 \u00a0 \u00a0 Tudi v olj\u010dniku se tako kot v vinogradu dr\u017eimo biodinami\u010dnih na\u010del, ter [&hellip;]<\/p>\n","protected":false},"author":2,"featured_media":0,"parent":0,"menu_order":0,"comment_status":"closed","ping_status":"closed","template":"","meta":{"_et_pb_use_builder":"on","_et_pb_old_content":"","_et_gb_content_width":"","footnotes":""},"class_list":["post-23","page","type-page","status-publish","hentry"],"_links":{"self":[{"href":"https:\/\/www.polic.si\/it\/wp-json\/wp\/v2\/pages\/23","targetHints":{"allow":["GET"]}}],"collection":[{"href":"https:\/\/www.polic.si\/it\/wp-json\/wp\/v2\/pages"}],"about":[{"href":"https:\/\/www.polic.si\/it\/wp-json\/wp\/v2\/types\/page"}],"author":[{"embeddable":true,"href":"https:\/\/www.polic.si\/it\/wp-json\/wp\/v2\/users\/2"}],"replies":[{"embeddable":true,"href":"https:\/\/www.polic.si\/it\/wp-json\/wp\/v2\/comments?post=23"}],"version-history":[{"count":244,"href":"https:\/\/www.polic.si\/it\/wp-json\/wp\/v2\/pages\/23\/revisions"}],"predecessor-version":[{"id":2253,"href":"https:\/\/www.polic.si\/it\/wp-json\/wp\/v2\/pages\/23\/revisions\/2253"}],"wp:attachment":[{"href":"https:\/\/www.polic.si\/it\/wp-json\/wp\/v2\/media?parent=23"}],"curies":[{"name":"wp","href":"https:\/\/api.w.org\/{rel}","templated":true}]}}