{"id":1106,"date":"2020-04-16T13:08:52","date_gmt":"2020-04-16T11:08:52","guid":{"rendered":"https:\/\/www.polic.si\/?post_type=product&#038;p=1106"},"modified":"2020-05-06T21:31:13","modified_gmt":"2020-05-06T19:31:13","slug":"malavita-2014","status":"publish","type":"product","link":"https:\/\/www.polic.si\/en\/product\/malavita-2014\/","title":{"rendered":"Malavita 2014"},"content":{"rendered":"<p>[et_pb_section fb_built=&#8221;1&#8243; _builder_version=&#8221;4.4.3&#8243; custom_padding=&#8221;0px||0px||false|false&#8221;][et_pb_row column_structure=&#8221;1_2,1_2&#8243; custom_padding_last_edited=&#8221;on|desktop&#8221; _builder_version=&#8221;4.4.3&#8243; background_size=&#8221;initial&#8221; background_position=&#8221;top_left&#8221; background_repeat=&#8221;repeat&#8221; width=&#8221;100%&#8221; custom_padding_tablet=&#8221;&#8221; custom_padding_phone=&#8221;&#8221;][et_pb_column type=&#8221;1_2&#8243; _builder_version=&#8221;3.25&#8243; custom_padding=&#8221;|||&#8221; custom_padding__hover=&#8221;|||&#8221;][et_pb_wc_images _builder_version=&#8221;3.0.47&#8243;][\/et_pb_wc_images][\/et_pb_column][et_pb_column type=&#8221;1_2&#8243; _builder_version=&#8221;3.25&#8243; custom_padding=&#8221;|||&#8221; custom_padding__hover=&#8221;|||&#8221;][et_pb_wc_title admin_label=&#8221;Woo Title&#8221; _builder_version=&#8221;3.0.47&#8243;][\/et_pb_wc_title][et_pb_wc_description description_type=&#8221;description&#8221; admin_label=&#8221;opis&#8221; _builder_version=&#8221;4.4.3&#8243;][\/et_pb_wc_description][et_pb_divider color=&#8221;#000000&#8243; divider_position=&#8221;center&#8221; _builder_version=&#8221;4.4.3&#8243;][\/et_pb_divider][et_pb_wc_description admin_label=&#8221;kolicine&#8221; _builder_version=&#8221;4.4.3&#8243;][\/et_pb_wc_description][et_pb_divider color=&#8221;#000000&#8243; divider_position=&#8221;center&#8221; admin_label=&#8221;Divider&#8221; _builder_version=&#8221;4.4.3&#8243;][\/et_pb_divider][et_pb_button button_url=&#8221;https:\/\/www.polic.si\/kontakt\/&#8221; button_text=&#8221;Glede nakupa nas prosim kontaktirajte&#8221; _builder_version=&#8221;4.4.3&#8243;][\/et_pb_button][\/et_pb_column][\/et_pb_row][\/et_pb_section][et_pb_section fb_built=&#8221;1&#8243; _builder_version=&#8221;4.4.3&#8243; custom_margin=&#8221;-1px|||||&#8221; custom_padding=&#8221;0px||0px||true|false&#8221;][et_pb_row make_equal=&#8221;on&#8221; _builder_version=&#8221;4.4.3&#8243; width=&#8221;100%&#8221;][et_pb_column type=&#8221;4_4&#8243; _builder_version=&#8221;4.4.3&#8243;][et_pb_divider color=&#8221;#000000&#8243; divider_position=&#8221;center&#8221; _builder_version=&#8221;4.4.3&#8243;][\/et_pb_divider][et_pb_text _builder_version=&#8221;4.4.3&#8243; text_font=&#8221;sofia PRO|500|||||||&#8221; text_font_size=&#8221;31px&#8221; text_orientation=&#8221;center&#8221; custom_margin=&#8221;30px||30px||false|false&#8221;]na\u0161a ostala vina[\/et_pb_text][et_pb_shop posts_number=&#8221;4&#8243; columns_number=&#8221;4&#8243; icon_hover_color=&#8221;#e61a79&#8243; hover_overlay_color=&#8221;rgba(230,26,121,0.13)&#8221; _builder_version=&#8221;4.4.3&#8243; title_font_size=&#8221;17px&#8221; text_orientation=&#8221;center&#8221; width=&#8221;100%&#8221; custom_margin=&#8221;0px|0px|0px|0px|true|true&#8221; custom_padding=&#8221;0px||0px||true|false&#8221; child_filter_brightness=&#8221;110%&#8221; box_shadow_style_image=&#8221;preset3&#8243; box_shadow_color_image=&#8221;rgba(0,0,0,0.24)&#8221;][\/et_pb_shop][\/et_pb_column][\/et_pb_row][\/et_pb_section][et_pb_section fb_built=&#8221;1&#8243; _builder_version=&#8221;4.4.1&#8243;][et_pb_row column_structure=&#8221;1_5,3_5,1_5&#8243; use_custom_gutter=&#8221;on&#8221; gutter_width=&#8221;1&#8243; make_equal=&#8221;on&#8221; _builder_version=&#8221;4.4.3&#8243; width=&#8221;100%&#8221;][et_pb_column type=&#8221;1_5&#8243; _builder_version=&#8221;4.4.2&#8243; background_color=&#8221;#e84e24&#8243;][et_pb_text _builder_version=&#8221;4.4.5&#8243; link_font=&#8221;||||||||&#8221; link_text_align=&#8221;left&#8221; background_color=&#8221;rgba(0,0,0,0)&#8221; custom_padding=&#8221;16px|16px|16px|16px|true|true&#8221; link_font_size_tablet=&#8221;&#8221; link_font_size_phone=&#8221;&#8221; link_font_size_last_edited=&#8221;on|desktop&#8221; link_font_size__hover=&#8221;32px&#8221; link_font_size__hover_enabled=&#8221;on|hover&#8221;]<\/p>\n<h1><a href=\"https:\/\/www.polic.si\/obiscite-nas\/\">degustiraj \/ jej \/ poro\u010di se \/ \u017euraj \/ \u0161tudiraj \/ u\u010di se \/ jadraj \/ u\u017eivaj\u00a0<span style=\"text-decoration: line-through;\"> \u00a0 \u00a0 \u00a0 \u00a0<\/span><\/a><\/h1>\n<p>Veliko zanimivega je pri nas in veliko lahko ponudimo.<\/p>\n<p>[\/et_pb_text][\/et_pb_column][et_pb_column type=&#8221;3_5&#8243; _builder_version=&#8221;4.4.3&#8243; background_color=&#8221;#c8d300&#8243;][et_pb_image src=&#8221;https:\/\/www.polic.si\/wp-content\/uploads\/2020\/04\/food-IN.jpg&#8221; _builder_version=&#8221;4.4.2&#8243;][\/et_pb_image][\/et_pb_column][et_pb_column type=&#8221;1_5&#8243; _builder_version=&#8221;4.4.2&#8243; background_color=&#8221;#c5d6e0&#8243; background_image=&#8221;https:\/\/www.polic.si\/wp-content\/uploads\/2020\/04\/cosmo-POLIC_logo.png&#8221; background_size=&#8221;contain&#8221; background_position=&#8221;bottom_center&#8221;][et_pb_text _builder_version=&#8221;4.4.5&#8243; link_font=&#8221;||||||||&#8221; link_text_align=&#8221;left&#8221; background_color=&#8221;#5fc4e1&#8243; custom_padding=&#8221;16px|16px|16px|16px|true|true&#8221; link_font_size_tablet=&#8221;&#8221; link_font_size_phone=&#8221;&#8221; link_font_size_last_edited=&#8221;on|desktop&#8221; link_font_size__hover_enabled=&#8221;on|hover&#8221; link_font_size__hover=&#8221;32px&#8221;]<\/p>\n<h1><a href=\"https:\/\/www.polic.si\/kozmetika\/\">kozmetika\u00a0<span style=\"text-decoration: line-through;\"> \u00a0 \u00a0 \u00a0<\/span><\/a><\/h1>\n<p><span>\u017diveti naravno ne pomeni samo zdravo prehranjevanje in lo\u010devanje odpadkov.<\/span><\/p>\n<p>[\/et_pb_text][\/et_pb_column][\/et_pb_row][\/et_pb_section]<\/p>\n","protected":false},"excerpt":{"rendered":"<p>Produced in limited quantity of: <strong>4400 bottles<\/strong><br \/>\nSort: <strong>Dry<\/strong><br \/>\nAlcohol content: <strong>Alc 13.0% vol.<\/strong><br \/>\nQuantity: <strong>750 ml<\/strong><\/p>","protected":false},"featured_media":1119,"template":"","meta":{"_et_pb_use_builder":"on","_et_pb_old_content":"Ekolo\u0161ki Refo\u0161k je harmoni\u010dnega okusa z izrazito so\u010dnostjo in zaokro\u017eenimi tanini, intenzivno temno rde\u010do barvo in vi\u0161njevo aromo, kar je plod pazljivega ro\u010dnega obiranja te avtohtone Istrske sorte grozdja. Vino je fermentiralo s pomo\u010djo lastnih kvasovk ter zorelo v hrastovih barrique sodih. Donegovano je skladno s HADO znanostjo ter starodavnimi tradicionalnimi praksami.","_et_gb_content_width":""},"product_brand":[],"product_cat":[22],"product_tag":[],"class_list":{"0":"post-1106","1":"product","2":"type-product","3":"status-publish","4":"has-post-thumbnail","6":"product_cat-vina","8":"first","9":"instock","10":"shipping-taxable","11":"product-type-simple"},"_links":{"self":[{"href":"https:\/\/www.polic.si\/en\/wp-json\/wp\/v2\/product\/1106","targetHints":{"allow":["GET"]}}],"collection":[{"href":"https:\/\/www.polic.si\/en\/wp-json\/wp\/v2\/product"}],"about":[{"href":"https:\/\/www.polic.si\/en\/wp-json\/wp\/v2\/types\/product"}],"wp:featuredmedia":[{"embeddable":true,"href":"https:\/\/www.polic.si\/en\/wp-json\/wp\/v2\/media\/1119"}],"wp:attachment":[{"href":"https:\/\/www.polic.si\/en\/wp-json\/wp\/v2\/media?parent=1106"}],"wp:term":[{"taxonomy":"product_brand","embeddable":true,"href":"https:\/\/www.polic.si\/en\/wp-json\/wp\/v2\/product_brand?post=1106"},{"taxonomy":"product_cat","embeddable":true,"href":"https:\/\/www.polic.si\/en\/wp-json\/wp\/v2\/product_cat?post=1106"},{"taxonomy":"product_tag","embeddable":true,"href":"https:\/\/www.polic.si\/en\/wp-json\/wp\/v2\/product_tag?post=1106"}],"curies":[{"name":"wp","href":"https:\/\/api.w.org\/{rel}","templated":true}]}}