{"id":844,"date":"2020-04-06T14:32:37","date_gmt":"2020-04-06T12:32:37","guid":{"rendered":"https:\/\/www.polic.si\/?page_id=844"},"modified":"2020-05-07T14:45:40","modified_gmt":"2020-05-07T12:45:40","slug":"sofinanciranje","status":"publish","type":"page","link":"https:\/\/www.polic.si\/en\/sofinanciranje\/","title":{"rendered":"co-financing"},"content":{"rendered":"<p>[et_pb_section fb_built=&#8221;1&#8243; _builder_version=&#8221;4.4.3&#8243; background_color=&#8221;#c8d300&#8243; background_enable_color=&#8221;off&#8221; background_enable_image=&#8221;off&#8221; custom_margin=&#8221;||0px||false|false&#8221; custom_margin_tablet=&#8221;150px||||false|false&#8221; custom_margin_phone=&#8221;&#8221; custom_margin_last_edited=&#8221;on|desktop&#8221;][et_pb_row column_structure=&#8221;1_2,1_2&#8243; _builder_version=&#8221;4.4.3&#8243; width=&#8221;100%&#8221; width_tablet=&#8221;&#8221; width_phone=&#8221;&#8221; width_last_edited=&#8221;on|tablet&#8221; custom_margin=&#8221;0px||0px||true|false&#8221; custom_margin_tablet=&#8221;-140px||||false|false&#8221; custom_margin_phone=&#8221;&#8221; custom_margin_last_edited=&#8221;on|desktop&#8221; custom_padding=&#8221;0px||0px||true|false&#8221;][et_pb_column type=&#8221;1_2&#8243; _builder_version=&#8221;4.4.3&#8243; background_enable_color=&#8221;off&#8221; position_origin_r=&#8221;bottom_left&#8221; z_index=&#8221;500&#8243;][et_pb_text _builder_version=&#8221;4.4.3&#8243; text_line_height=&#8221;1.6em&#8221; header_font=&#8221;Baskervville||||||||&#8221; header_text_align=&#8221;right&#8221; header_text_color=&#8221;#000000&#8243; header_font_size=&#8221;48px&#8221; header_2_font=&#8221;Baskervville||||||||&#8221; header_2_text_align=&#8221;left&#8221; header_2_text_color=&#8221;#000000&#8243; header_2_font_size=&#8221;48px&#8221; header_3_font=&#8221;sofia PRO||||||||&#8221; header_3_font_size=&#8221;17px&#8221; header_3_line_height=&#8221;1.5em&#8221; background_color=&#8221;#ffffff&#8221; custom_margin=&#8221;33px||||false|false&#8221; custom_padding=&#8221;20px|20px|20px|20px|false|true&#8221; custom_padding_tablet=&#8221;&#8221; custom_padding_phone=&#8221;&#8221; custom_padding_last_edited=&#8221;on|phone&#8221; header_font_size_tablet=&#8221;&#8221; header_font_size_phone=&#8221;40px&#8221; header_font_size_last_edited=&#8221;on|phone&#8221; header_2_font_size_tablet=&#8221;&#8221; header_2_font_size_phone=&#8221;40px&#8221; header_2_font_size_last_edited=&#8221;on|tablet&#8221;]<\/p>\n<h1 style=\"text-align: right;\">Sofinanciranje<\/h1>\n<p>[\/et_pb_text][\/et_pb_column][et_pb_column type=&#8221;1_2&#8243; _builder_version=&#8221;4.4.3&#8243; positioning=&#8221;none&#8221;][et_pb_image src=&#8221;https:\/\/www.polic.si\/wp-content\/uploads\/2020\/03\/1.jpeg&#8221; _builder_version=&#8221;4.4.3&#8243; transform_scale=&#8221;145%|145%&#8221; transform_scale_tablet=&#8221;&#8221; transform_scale_phone=&#8221;&#8221; transform_scale_last_edited=&#8221;on|desktop&#8221; transform_translate_tablet=&#8221;&#8221; transform_translate_phone=&#8221;&#8221; transform_translate_last_edited=&#8221;on|desktop&#8221; transform_rotate_tablet=&#8221;&#8221; transform_rotate_phone=&#8221;&#8221; transform_rotate_last_edited=&#8221;on|desktop&#8221; transform_skew_tablet=&#8221;&#8221; transform_skew_phone=&#8221;&#8221; transform_skew_last_edited=&#8221;on|desktop&#8221; transform_origin_tablet=&#8221;&#8221; transform_origin_phone=&#8221;&#8221; transform_origin_last_edited=&#8221;on|desktop&#8221; transform_styles_last_edited=&#8221;on|desktop&#8221; width=&#8221;100%&#8221; transform_styles_tablet=&#8221;&#8221; transform_styles_phone=&#8221;&#8221;][\/et_pb_image][\/et_pb_column][\/et_pb_row][\/et_pb_section][et_pb_section fb_built=&#8221;1&#8243; _builder_version=&#8221;4.4.2&#8243;][et_pb_row _builder_version=&#8221;4.4.2&#8243;][et_pb_column type=&#8221;4_4&#8243; _builder_version=&#8221;4.4.2&#8243;][et_pb_text _builder_version=&#8221;4.4.5&#8243; link_font=&#8221;sofia PRO||||||||&#8221; link_text_color=&#8221;#000000&#8243; hover_enabled=&#8221;0&#8243; link_font_size__hover_enabled=&#8221;on|hover&#8221; link_font_size__hover=&#8221;32px&#8221;]<\/p>\n<h3>Nalo\u017eba v nabavo opreme za predelavo grozdja in skladi\u0161\u010denje vina na kmetiji Poli\u010d<\/h3>\n<p>Javni razpis:<strong> 5. JAVNI RAZPIS ZA PODUKREP 4.2 Podpora za nalo\u017ebe v predelavo, tr\u017eenje oziroma razvoj kmetijskih proizvodov za leto 2019<\/strong><\/p>\n<p><strong>Opis aktivnosti:<\/strong> Aktivnost \u00bbNalo\u017eba v nabavo opreme za predelavo grozdja in skladi\u0161\u010denje vina na kmetiji Poli\u010d\u00ab se nana\u0161a na nakup nove opreme za vinsko klet na posestvu Poli\u010d. Nabava opreme za vinsko klet bo vklju\u010duje inox posode, lesene sode 225 l, lesene sode 2.000 l, prelivni vinifikator in avtomatsko pnevmatsko stiskalnico. Nalo\u017eba je sofinancirana s finan\u010dno podporo Evropske unije.<\/p>\n<p>Cilj aktivnosti in izvedene nalo\u017ebe je posodobiti proizvodne zmogljivosti in izbolj\u0161ati produktivnost v vinski kleti kmetijskega gospodarstva. Nalo\u017eba se izvaja zaradi dotrajanosti opreme in z namenom raz\u0161iritve in modernizacije proizvodnje. Rezultati aktivnosti so: sodobna oprema vinske kleti.<\/p>\n<p>&nbsp;<\/p>\n<h3><\/h3>\n<h3>Ekolo\u0161ko kmetovanje (ukrep 11)<\/h3>\n<p><strong>Cilji:<\/strong> Spodbuditi kmetijska gospodarstva za izvajanje ekolo\u0161kega na\u010dina kmetovanja<\/p>\n<p><strong>Pri\u010dakovani rezultati:<\/strong> Prispevek k zagotavljanju javnih dobrin, predvsem k ohranjanju oziroma izbolj\u0161evanju biotske raznovrstnosti, ohranjanju virov pitne vode, rodovitnosti tal, kulturne kmetijske krajine, varovanju okolja nasploh.<\/p>\n<p><strong>OPERACIJA VINOGRADNI\u0160TVO<\/strong><\/p>\n<p>Operacija \u00bbVinogradni\u0161tvo\u00ab pomeni spremembo obstoje\u010dih kmetijskih praks.<\/p>\n<p>Namenjena je ohranjanju in izbolj\u0161anju lastnosti in rodovitnosti tal z nadzorovano uporabo gnojil in fitofarmacevtskih sredstev, prispeva pa tudi k zmanj\u0161evanju erozije in izpiranja hranil.<\/p>\n<p>&nbsp;<\/p>\n<p>&nbsp;<\/p>\n<h3>Kmetijsko-okoljska-podnebna pla\u010dila (ukrep 10)<\/h3>\n<p><strong>Cilji:<\/strong> Zmanj\u0161ati vplive kmetovanja na okolje<\/p>\n<p><strong>Pri\u010dakovani rezultati:<\/strong> Ohranjanje biotske raznovrstnosti in krajine, ustrezno gospodarjenje z vodami in upravljanje s tlemi ter bla\u017eenje in prilagajanje kmetovanja podnebnim spremembam. Kmetija je vklju\u010dena v operacijo vinogradni\u0161tvo in operacijo sadjarstvo (olj\u010dniki)<\/p>\n<p>&nbsp;<\/p>\n<p>&nbsp;<\/p>\n<h3>Pla\u010dila obmo\u010djem z naravnimi ali drugimi posebnimi omejitvami (ukrep 13)<\/h3>\n<p><strong>Cilji:<\/strong> Ohraniti obdelanost kmetijskih zemlji\u0161\u010d, ohraniti poseljenosti pode\u017eelskih obmo\u010dij in zagotavljati javne koristi na obmo\u010djih z naravnimi ali drugimi posebnimi omejitvami (OMD).<\/p>\n<p><strong>Pri\u010dakovani rezultati:<\/strong> Pla\u010dila OMD bodo prispevala k ohranjanju in spodbujanju sonaravnih sistemov kmetovanja, ohranjanju kulturne krajine pode\u017eelskih obmo\u010dij ter trajnostni rabi kmetijskih zemlji\u0161\u010d.<\/p>\n<p>&nbsp;<\/p>\n<p>&nbsp;<\/p>\n<h3>Povezave<\/h3>\n<p><a href=\"https:\/\/ec.europa.eu\/info\/food-farming-fisheries\/key-policies\/common-agricultural-policy\/rural-development_sl\" target=\"_blank\" rel=\"noopener noreferrer\">Europa: Razvoj pode\u017eelja in podpora<\/a><\/p>\n<p><a href=\"https:\/\/www.program-podezelja.si\/\" target=\"_blank\" rel=\"noopener noreferrer\">Program Pode\u017eelja<\/a><\/p>\n<p>[\/et_pb_text][\/et_pb_column][\/et_pb_row][\/et_pb_section][et_pb_section fb_built=&#8221;1&#8243; _builder_version=&#8221;4.4.2&#8243; transform_scale=&#8221;75%|75%&#8221; custom_margin=&#8221;0px||0px||true|false&#8221; custom_padding=&#8221;0px||0px||true|false&#8221;][et_pb_row _builder_version=&#8221;4.4.2&#8243; custom_margin=&#8221;0px||0px||true|false&#8221; custom_padding=&#8221;0px||0px||true|false&#8221; link_option_url=&#8221;https:\/\/www.program-podezelja.si\/&#8221; link_option_url_new_window=&#8221;on&#8221;][et_pb_column type=&#8221;4_4&#8243; _builder_version=&#8221;4.4.2&#8243;][et_pb_image src=&#8221;https:\/\/www.polic.si\/wp-content\/uploads\/2020\/04\/razvoj-podezelja.jpg&#8221; align=&#8221;center&#8221; _builder_version=&#8221;4.4.2&#8243; width=&#8221;75%&#8221; width_tablet=&#8221;100%&#8221; width_phone=&#8221;100%&#8221; width_last_edited=&#8221;on|desktop&#8221;][\/et_pb_image][\/et_pb_column][\/et_pb_row][et_pb_row column_structure=&#8221;1_2,1_2&#8243; use_custom_gutter=&#8221;on&#8221; gutter_width=&#8221;1&#8243; make_equal=&#8221;on&#8221; _builder_version=&#8221;4.4.2&#8243; transform_scale=&#8221;67%|67%&#8221; custom_margin=&#8221;0px||0px||true|false&#8221; custom_padding=&#8221;0px||0px||true|false&#8221;][et_pb_column type=&#8221;1_2&#8243; _builder_version=&#8221;4.4.2&#8243;][et_pb_image src=&#8221;https:\/\/www.polic.si\/wp-content\/uploads\/2020\/04\/SI_eco_001-logo.jpg&#8221; align=&#8221;center&#8221; _builder_version=&#8221;4.4.2&#8243;][\/et_pb_image][\/et_pb_column][et_pb_column type=&#8221;1_2&#8243; _builder_version=&#8221;4.4.2&#8243;][et_pb_image src=&#8221;https:\/\/www.polic.si\/wp-content\/uploads\/2020\/04\/BIO_logo.png&#8221; align=&#8221;center&#8221; _builder_version=&#8221;4.4.2&#8243; custom_margin=&#8221;46px||||false|false&#8221; custom_margin_tablet=&#8221;&#8221; custom_margin_phone=&#8221;&#8221; custom_margin_last_edited=&#8221;on|desktop&#8221;][\/et_pb_image][\/et_pb_column][\/et_pb_row][\/et_pb_section]<\/p>\n","protected":false},"excerpt":{"rendered":"<p>SofinanciranjeNalo\u017eba v nabavo opreme za predelavo grozdja in skladi\u0161\u010denje vina na kmetiji Poli\u010d Javni razpis: 5. JAVNI RAZPIS ZA PODUKREP 4.2 Podpora za nalo\u017ebe v predelavo, tr\u017eenje oziroma razvoj kmetijskih proizvodov za leto 2019 Opis aktivnosti: Aktivnost \u00bbNalo\u017eba v nabavo opreme za predelavo grozdja in skladi\u0161\u010denje vina na kmetiji Poli\u010d\u00ab se nana\u0161a na nakup nove [&hellip;]<\/p>\n","protected":false},"author":2,"featured_media":0,"parent":0,"menu_order":0,"comment_status":"closed","ping_status":"closed","template":"","meta":{"_et_pb_use_builder":"on","_et_pb_old_content":"","_et_gb_content_width":"","footnotes":""},"class_list":["post-844","page","type-page","status-publish","hentry"],"_links":{"self":[{"href":"https:\/\/www.polic.si\/en\/wp-json\/wp\/v2\/pages\/844","targetHints":{"allow":["GET"]}}],"collection":[{"href":"https:\/\/www.polic.si\/en\/wp-json\/wp\/v2\/pages"}],"about":[{"href":"https:\/\/www.polic.si\/en\/wp-json\/wp\/v2\/types\/page"}],"author":[{"embeddable":true,"href":"https:\/\/www.polic.si\/en\/wp-json\/wp\/v2\/users\/2"}],"replies":[{"embeddable":true,"href":"https:\/\/www.polic.si\/en\/wp-json\/wp\/v2\/comments?post=844"}],"version-history":[{"count":18,"href":"https:\/\/www.polic.si\/en\/wp-json\/wp\/v2\/pages\/844\/revisions"}],"predecessor-version":[{"id":1982,"href":"https:\/\/www.polic.si\/en\/wp-json\/wp\/v2\/pages\/844\/revisions\/1982"}],"wp:attachment":[{"href":"https:\/\/www.polic.si\/en\/wp-json\/wp\/v2\/media?parent=844"}],"curies":[{"name":"wp","href":"https:\/\/api.w.org\/{rel}","templated":true}]}}