{"id":43,"date":"2020-03-17T17:08:35","date_gmt":"2020-03-17T15:08:35","guid":{"rendered":"https:\/\/www.polic.si\/?page_id=43"},"modified":"2021-11-15T11:39:03","modified_gmt":"2021-11-15T09:39:03","slug":"obiscite-nas","status":"publish","type":"page","link":"https:\/\/www.polic.si\/en\/obiscite-nas\/","title":{"rendered":"visit us"},"content":{"rendered":"<p>[et_pb_section fb_built=&#8221;1&#8243; _builder_version=&#8221;4.4.3&#8243; background_color=&#8221;#c8d300&#8243; background_enable_color=&#8221;off&#8221; background_enable_image=&#8221;off&#8221; min_height=&#8221;408px&#8221; custom_margin=&#8221;||0px||false|false&#8221; custom_margin_tablet=&#8221;150px||||false|false&#8221; custom_margin_phone=&#8221;&#8221; custom_margin_last_edited=&#8221;on|desktop&#8221; global_colors_info=&#8221;{}&#8221;][et_pb_row column_structure=&#8221;1_2,1_2&#8243; make_equal=&#8221;on&#8221; _builder_version=&#8221;4.4.3&#8243; width=&#8221;100%&#8221; width_tablet=&#8221;&#8221; width_phone=&#8221;&#8221; width_last_edited=&#8221;on|desktop&#8221; custom_margin=&#8221;0px||0px||true|false&#8221; custom_margin_tablet=&#8221;-140px||||false|false&#8221; custom_margin_phone=&#8221;&#8221; custom_margin_last_edited=&#8221;on|desktop&#8221; custom_padding=&#8221;0px||0px||true|false&#8221; global_colors_info=&#8221;{}&#8221;][et_pb_column type=&#8221;1_2&#8243; _builder_version=&#8221;4.4.3&#8243; background_enable_color=&#8221;off&#8221; positioning=&#8221;none&#8221; position_origin_r=&#8221;bottom_left&#8221; global_colors_info=&#8221;{}&#8221;][et_pb_image src=&#8221;https:\/\/www.polic.si\/wp-content\/uploads\/2020\/04\/MAIN-1-CUT.jpg&#8221; title_text=&#8221;MAIN-1-CUT&#8221; _builder_version=&#8221;4.4.5&#8243; transform_scale=&#8221;145%|145%&#8221; transform_scale_tablet=&#8221;&#8221; transform_scale_phone=&#8221;&#8221; transform_scale_last_edited=&#8221;on|desktop&#8221; transform_translate_tablet=&#8221;&#8221; transform_translate_phone=&#8221;&#8221; transform_translate_last_edited=&#8221;on|desktop&#8221; transform_rotate_tablet=&#8221;&#8221; transform_rotate_phone=&#8221;&#8221; transform_rotate_last_edited=&#8221;on|desktop&#8221; transform_skew_tablet=&#8221;&#8221; transform_skew_phone=&#8221;&#8221; transform_skew_last_edited=&#8221;on|desktop&#8221; transform_origin_tablet=&#8221;&#8221; transform_origin_phone=&#8221;&#8221; transform_origin_last_edited=&#8221;on|desktop&#8221; transform_styles_last_edited=&#8221;on|desktop&#8221; width=&#8221;100%&#8221; transform_styles_tablet=&#8221;&#8221; transform_styles_phone=&#8221;&#8221; global_colors_info=&#8221;{}&#8221;][\/et_pb_image][\/et_pb_column][et_pb_column type=&#8221;1_2&#8243; _builder_version=&#8221;4.4.3&#8243; positioning=&#8221;none&#8221; global_colors_info=&#8221;{}&#8221;][et_pb_text _builder_version=&#8221;4.4.3&#8243; text_line_height=&#8221;1.6em&#8221; header_font=&#8221;Baskervville||||||||&#8221; header_text_align=&#8221;right&#8221; header_text_color=&#8221;#000000&#8243; header_font_size=&#8221;48px&#8221; header_2_font=&#8221;sofia PRO||||on||||&#8221; header_2_text_align=&#8221;left&#8221; header_2_text_color=&#8221;#000000&#8243; header_3_font=&#8221;sofia PRO||||||||&#8221; header_3_font_size=&#8221;17px&#8221; header_3_line_height=&#8221;1.5em&#8221; background_color=&#8221;#ffffff&#8221; custom_padding=&#8221;20px|20px|20px|20px|false|true&#8221; custom_padding_tablet=&#8221;&#8221; custom_padding_phone=&#8221;&#8221; custom_padding_last_edited=&#8221;on|phone&#8221; header_font_size_tablet=&#8221;&#8221; header_font_size_phone=&#8221;40px&#8221; header_font_size_last_edited=&#8221;on|phone&#8221; header_2_font_size_tablet=&#8221;&#8221; header_2_font_size_phone=&#8221;26px&#8221; header_2_font_size_last_edited=&#8221;on|phone&#8221; global_colors_info=&#8221;{}&#8221; header_2_font_size__hover_enabled=&#8221;on|desktop&#8221; header_2_font_size__hover=&#8221;30px&#8221;]<\/p>\n<h1 style=\"text-align: left;\">Obi\u0161\u010dite nas<\/h1>\n<h2 style=\"text-align: left;\"><a href=\"https:\/\/www.polic.si\/obiscite-nas\/#kulinari\u010dna%20presene\u010denja\">Kulinari\u010dna presene\u010denja<\/a><\/h2>\n<h2 style=\"text-align: left;\"><a href=\"https:\/\/www.polic.si\/obiscite-nas\/#nastanitve\">Nastanitve<\/a><\/h2>\n<h3>Veliko zanimivega je pri nas in veliko lahko ponudimo. Spo\u0161tujemo va\u0161o zasebnost, va\u0161o komoditeto in varnost.<\/h3>\n<p>[\/et_pb_text][\/et_pb_column][\/et_pb_row][\/et_pb_section][et_pb_section fb_built=&#8221;1&#8243; module_id=&#8221;obiscitenas&#8221; _builder_version=&#8221;4.4.3&#8243; background_color=&#8221;rgba(232,102,67,0.27)&#8221; custom_margin=&#8221;-2px||||false|false&#8221; custom_margin_tablet=&#8221;0px||||false|false&#8221; custom_margin_phone=&#8221;&#8221; custom_margin_last_edited=&#8221;on|desktop&#8221; custom_padding=&#8221;50px||||false|false&#8221; global_colors_info=&#8221;{}&#8221;][et_pb_row column_structure=&#8221;1_2,1_2&#8243; _builder_version=&#8221;4.4.2&#8243; global_colors_info=&#8221;{}&#8221;][et_pb_column type=&#8221;1_2&#8243; _builder_version=&#8221;4.4.2&#8243; global_colors_info=&#8221;{}&#8221;][et_pb_divider color=&#8221;#000000&#8243; divider_position=&#8221;center&#8221; disabled_on=&#8221;on|on|off&#8221; _builder_version=&#8221;4.4.3&#8243; global_colors_info=&#8221;{}&#8221;][\/et_pb_divider][et_pb_text quote_border_weight=&#8221;0px&#8221; quote_border_color=&#8221;rgba(0,0,0,0)&#8221; _builder_version=&#8221;4.4.5&#8243; quote_font=&#8221;sofia PRO||||||||&#8221; quote_text_align=&#8221;left&#8221; quote_text_color=&#8221;#000000&#8243; quote_font_size=&#8221;19px&#8221; quote_line_height=&#8221;1.3em&#8221; custom_padding=&#8221;|||0px||&#8221; global_colors_info=&#8221;{}&#8221;]<\/p>\n<p>Veliko zanimivega je pri nas in veliko lahko ponudimo. Spo\u0161tujemo va\u0161o zasebnost, va\u0161o komoditeto in varnost. Trenutno so vsi obiski mo\u017eni le po predhodnem dogovoru.<\/p>\n<blockquote>\n<p>Prosimo vas, da nas kontaktirate preko e-po\u0161te: <span style=\"text-decoration: underline;\"><span style=\"color: #ff6600;\"><a href=\"mailto:posestvo@polic.si\" style=\"color: #ff6600; text-decoration: underline;\">posestvo@polic.si<\/a><\/span><\/span> ali na telefon <span style=\"color: #ff6600;\">+386 51 666 777<\/span> ali preko katerega od socialnih omre\u017eij.<\/p>\n<\/blockquote>\n<p>Poleg klasi\u010dnih degustacij vina in olj, ponujamo vrhunsko kulinari\u010dno do\u017eivetje, obisk vinske kleti, obisk vinogradov in olj\u010dnikov, veliko izku\u0161enj, ki jih z veseljem delimo z vami glede gojenja vinogradov, oljk, vinarstva, mikorize in ostalih znanj, ki smo si jih nabrali.<\/p>\n<p>Kar po\u010dnemo, po\u010dnemo s strastjo. Tako lahko ponujamo tudi nekaj sezonskih luksuznih aran\u017emajev na katere smo ponosni:<\/p>\n<p>Enodnevna degustacija vina na 22 m jadrnici ali degustacijski teden jadranja, kjer se oku\u0161ajo vina razli\u010dnih regij skozi katere bomo pluli.<\/p>\n<p>[\/et_pb_text][\/et_pb_column][et_pb_column type=&#8221;1_2&#8243; _builder_version=&#8221;4.4.2&#8243; global_colors_info=&#8221;{}&#8221;][et_pb_image src=&#8221;https:\/\/www.polic.si\/wp-content\/uploads\/2020\/04\/foody-3.jpg&#8221; _builder_version=&#8221;4.4.3&#8243; positioning=&#8221;relative&#8221; position_origin_r=&#8221;bottom_right&#8221; vertical_offset=&#8221;150px&#8221; vertical_offset_tablet=&#8221;20px&#8221; vertical_offset_phone=&#8221;20px&#8221; vertical_offset_last_edited=&#8221;on|tablet&#8221; animation_style=&#8221;slide&#8221; animation_direction=&#8221;top&#8221; global_colors_info=&#8221;{}&#8221;][\/et_pb_image][et_pb_text _builder_version=&#8221;4.4.5&#8243; background_color=&#8221;#e84e24&#8243; custom_margin=&#8221;-98px||||false|false&#8221; custom_margin_tablet=&#8221;&#8221; custom_margin_phone=&#8221;-100px||||false|false&#8221; custom_margin_last_edited=&#8221;on|desktop&#8221; custom_padding=&#8221;24px|24px|24px|24px|true|true&#8221; animation_style=&#8221;slide&#8221; animation_direction=&#8221;top&#8221; global_colors_info=&#8221;{}&#8221; link_font_size__hover_enabled=&#8221;on|hover&#8221; link_font_size__hover=&#8221;32px&#8221;]<\/p>\n<h2>degustiraj \/ jej \/ poro\u010di se \/ \u017euraj \/ \u0161tudiraj \/ u\u010di se \/ jadraj \/ u\u017eivaj<\/h2>\n<p>[\/et_pb_text][\/et_pb_column][\/et_pb_row][\/et_pb_section][et_pb_section fb_built=&#8221;1&#8243; module_id=&#8221;kulinari\u010dna presene\u010denja&#8221; _builder_version=&#8221;4.4.2&#8243; global_colors_info=&#8221;{}&#8221;][et_pb_row custom_padding_last_edited=&#8221;on|phone&#8221; _builder_version=&#8221;4.4.2&#8243; custom_margin=&#8221;2px|auto|2px|auto|true|false&#8221; custom_padding=&#8221;0px||0px||false|false&#8221; custom_padding_tablet=&#8221;&#8221; custom_padding_phone=&#8221;30px||||false|false&#8221; global_colors_info=&#8221;{}&#8221;][et_pb_column type=&#8221;4_4&#8243; _builder_version=&#8221;4.4.2&#8243; global_colors_info=&#8221;{}&#8221;][et_pb_text _builder_version=&#8221;4.4.3&#8243; header_font=&#8221;Baskervville||||||||&#8221; header_text_align=&#8221;left&#8221; header_font_size=&#8221;48px&#8221; header_2_font=&#8221;Baskervville||||||||&#8221; header_2_text_align=&#8221;left&#8221; header_2_font_size=&#8221;48px&#8221; header_font_size_tablet=&#8221;&#8221; header_font_size_phone=&#8221;40px&#8221; header_font_size_last_edited=&#8221;on|phone&#8221; header_2_font_size_tablet=&#8221;&#8221; header_2_font_size_phone=&#8221;40px&#8221; header_2_font_size_last_edited=&#8221;on|tablet&#8221; global_colors_info=&#8221;{}&#8221;]<\/p>\n<h1>Kulinari\u010dna presene\u010denja<\/h1>\n<p>[\/et_pb_text][\/et_pb_column][\/et_pb_row][et_pb_row column_structure=&#8221;1_2,1_2&#8243; _builder_version=&#8221;4.4.2&#8243; global_colors_info=&#8221;{}&#8221;][et_pb_column type=&#8221;1_2&#8243; _builder_version=&#8221;4.4.2&#8243; global_colors_info=&#8221;{}&#8221;][et_pb_image src=&#8221;https:\/\/www.polic.si\/wp-content\/uploads\/2020\/05\/POLIC-interior.jpg&#8221; title_text=&#8221;POLIC-interior&#8221; _builder_version=&#8221;4.4.4&#8243; global_colors_info=&#8221;{}&#8221;][\/et_pb_image][\/et_pb_column][et_pb_column type=&#8221;1_2&#8243; _builder_version=&#8221;4.4.2&#8243; global_colors_info=&#8221;{}&#8221;][et_pb_divider color=&#8221;#000000&#8243; divider_position=&#8221;center&#8221; disabled_on=&#8221;on|on|off&#8221; _builder_version=&#8221;4.4.3&#8243; locked=&#8221;off&#8221; global_colors_info=&#8221;{}&#8221;][\/et_pb_divider][et_pb_text _builder_version=&#8221;4.4.5&#8243; custom_padding=&#8221;||3px|||&#8221; global_colors_info=&#8221;{}&#8221;]<\/p>\n<p>Ker strastno pridelujemo izjemno nekonvencionalna vina, si \u017eelimo, da postanete del na\u0161ega vrhunskega kulinari\u010dnega do\u017eivetja. Obi\u010dajno parimo vina s hrano, ki jo pripravljamo z \u017eeljo, da se posku\u0161amo \u010dimbolj presenetljivo razlikovati. Uporabljamo<span style=\"color: #ff6600;\"><strong> lastno pridelano zelenjavo<\/strong><\/span> in ostale<strong><span style=\"color: #ff6600;\"> lokalne sestavine<\/span><\/strong>.<\/p>\n<p>V degustacijskem prostoru imamo <strong><span style=\"color: #ff6600;\">5 okroglih miz<\/span><\/strong>, in lahko sprejmemo do <span style=\"color: #ff6600;\"><strong>32 ljudi<\/strong><\/span>. Z dodatnimi manj\u0161imi kvadratnimi mizami pa lahko dose\u017eemo najve\u010d 40 ljudi. Podobno \u0161tevilo ljudi je mogo\u010de namestiti v toplih letnih \u010dasih zunaj.<\/p>\n<p>[\/et_pb_text][\/et_pb_column][\/et_pb_row][\/et_pb_section][et_pb_section fb_built=&#8221;1&#8243; module_id=&#8221;nastanitve&#8221; _builder_version=&#8221;4.4.2&#8243; background_color=&#8221;rgba(232,102,67,0.27)&#8221; custom_margin=&#8221;||-50px||false|false&#8221; custom_margin_tablet=&#8221;||0px||false|false&#8221; custom_margin_phone=&#8221;&#8221; custom_margin_last_edited=&#8221;on|desktop&#8221; custom_padding=&#8221;||0px||false|false&#8221; locked=&#8221;off&#8221; global_colors_info=&#8221;{}&#8221;][et_pb_row custom_padding_last_edited=&#8221;on|phone&#8221; _builder_version=&#8221;4.4.2&#8243; custom_margin=&#8221;0px||0px||true|false&#8221; custom_padding=&#8221;0px||0px||false|false&#8221; custom_padding_tablet=&#8221;&#8221; custom_padding_phone=&#8221;30px||||false|false&#8221; locked=&#8221;off&#8221; global_colors_info=&#8221;{}&#8221;][et_pb_column type=&#8221;4_4&#8243; _builder_version=&#8221;4.4.2&#8243; global_colors_info=&#8221;{}&#8221;][et_pb_text _builder_version=&#8221;4.4.3&#8243; header_font=&#8221;Baskervville||||||||&#8221; header_text_align=&#8221;left&#8221; header_font_size=&#8221;48px&#8221; header_2_font=&#8221;Baskervville||||||||&#8221; header_2_text_align=&#8221;left&#8221; header_2_font_size=&#8221;48px&#8221; header_font_size_tablet=&#8221;&#8221; header_font_size_phone=&#8221;40px&#8221; header_font_size_last_edited=&#8221;on|phone&#8221; header_2_font_size_tablet=&#8221;&#8221; header_2_font_size_phone=&#8221;40px&#8221; header_2_font_size_last_edited=&#8221;on|tablet&#8221; global_colors_info=&#8221;{}&#8221;]<\/p>\n<h1>Nastanitve<\/h1>\n<p>[\/et_pb_text][\/et_pb_column][\/et_pb_row][et_pb_row column_structure=&#8221;1_2,1_2&#8243; _builder_version=&#8221;4.4.2&#8243; min_height=&#8221;579px&#8221; global_colors_info=&#8221;{}&#8221;][et_pb_column type=&#8221;1_2&#8243; _builder_version=&#8221;4.4.2&#8243; global_colors_info=&#8221;{}&#8221;][et_pb_divider color=&#8221;#000000&#8243; divider_position=&#8221;center&#8221; disabled_on=&#8221;on|on|off&#8221; _builder_version=&#8221;4.4.3&#8243; global_colors_info=&#8221;{}&#8221;][\/et_pb_divider][et_pb_text quote_border_weight=&#8221;0px&#8221; quote_border_color=&#8221;rgba(0,0,0,0)&#8221; _builder_version=&#8221;4.13.1&#8243; quote_font=&#8221;sofia PRO||||||||&#8221; quote_text_align=&#8221;left&#8221; quote_text_color=&#8221;#000000&#8243; quote_font_size=&#8221;19px&#8221; quote_line_height=&#8221;1.3em&#8221; hover_enabled=&#8221;0&#8243; global_colors_info=&#8221;{}&#8221; min_height=&#8221;195px&#8221; custom_margin_last_edited=&#8221;on|desktop&#8221; sticky_enabled=&#8221;0&#8243; custom_margin_tablet=&#8221;||-88px||false|false&#8221; custom_margin_phone=&#8221;||-37px||false|false&#8221; custom_margin=&#8221;||-50px||false|false&#8221;]<\/p>\n<p>Del na\u0161ega posestva je \u0161e vedno v gradnji. Kakor koli \u017ee, ponujamo preno\u010di\u0161\u010da.<\/p>\n<blockquote>\n<p>Prosimo vas, da nas kontaktirate preko e-po\u0161te: <span style=\"text-decoration: underline;\"><span style=\"color: #ff6600;\"><a href=\"mailto:posestvo@polic.si\" style=\"color: #ff6600; text-decoration: underline;\">posestvo@polic.si<\/a><\/span><\/span> ali na telefon<span style=\"color: #ff6600;\"> +386 51 666 777<\/span> ali preko katerega od socialnih omre\u017eij.<\/p>\n<\/blockquote>\n<p>[\/et_pb_text][et_pb_image src=&#8221;https:\/\/www.polic.si\/wp-content\/uploads\/2021\/11\/winetourism-badge.png&#8221; _builder_version=&#8221;4.13.1&#8243; _module_preset=&#8221;default&#8221; title_text=&#8221;winetourism badge&#8221; src_last_edited=&#8221;on|phone&#8221; hover_enabled=&#8221;0&#8243; sticky_enabled=&#8221;0&#8243; width=&#8221;50%&#8221; width_last_edited=&#8221;on|tablet&#8221; url=&#8221;https:\/\/www.winetourism.com&#8221; width_phone=&#8221;72%&#8221; url_new_window=&#8221;on&#8221; src_tablet=&#8221;https:\/\/www.polic.si\/wp-content\/uploads\/2021\/11\/winetourism-badge.png&#8221; src_phone=&#8221;https:\/\/www.polic.si\/wp-content\/uploads\/2021\/11\/winetourism-badge.png&#8221; width_tablet=&#8221;50%&#8221;][\/et_pb_image][\/et_pb_column][et_pb_column type=&#8221;1_2&#8243; _builder_version=&#8221;4.4.2&#8243; global_colors_info=&#8221;{}&#8221;][et_pb_image src=&#8221;https:\/\/www.polic.si\/wp-content\/uploads\/2020\/04\/interior.jpg&#8221; _builder_version=&#8221;4.4.2&#8243; positioning=&#8221;relative&#8221; position_origin_r=&#8221;bottom_right&#8221; vertical_offset=&#8221;200px&#8221; vertical_offset_tablet=&#8221;20px&#8221; vertical_offset_phone=&#8221;20px&#8221; vertical_offset_last_edited=&#8221;on|phone&#8221; animation_style=&#8221;slide&#8221; animation_direction=&#8221;top&#8221; global_colors_info=&#8221;{}&#8221;][\/et_pb_image][\/et_pb_column][\/et_pb_row][\/et_pb_section][et_pb_section fb_built=&#8221;1&#8243; _builder_version=&#8221;4.4.1&#8243; global_colors_info=&#8221;{}&#8221;][et_pb_row column_structure=&#8221;1_5,3_5,1_5&#8243; use_custom_gutter=&#8221;on&#8221; gutter_width=&#8221;1&#8243; make_equal=&#8221;on&#8221; _builder_version=&#8221;4.4.5&#8243; width=&#8221;90%&#8221; custom_margin=&#8221;0px|auto||auto|false|false&#8221; global_colors_info=&#8221;{}&#8221;][et_pb_column type=&#8221;1_5&#8243; _builder_version=&#8221;4.4.1&#8243; background_color=&#8221;#e61a79&#8243; global_colors_info=&#8221;{}&#8221;][et_pb_text _builder_version=&#8221;4.4.5&#8243; link_font=&#8221;||||||||&#8221; link_text_align=&#8221;left&#8221; background_color=&#8221;rgba(0,0,0,0)&#8221; custom_padding=&#8221;30px|20px|30px|20px|true|true&#8221; link_font_size_tablet=&#8221;&#8221; link_font_size_phone=&#8221;&#8221; link_font_size_last_edited=&#8221;on|desktop&#8221; global_colors_info=&#8221;{}&#8221; link_font_size__hover=&#8221;32px&#8221; link_font_size__hover_enabled=&#8221;on|hover&#8221;]<\/p>\n<h1><a href=\"https:\/\/www.polic.si\/vinaco\/\">vina&amp;Co\u00a0<span style=\"text-decoration: line-through;\">\u00a0 \u00a0 \u00a0 \u00a0\u00a0<\/span><\/a><\/h1>\n<p>izjemno nekonvencionalna<\/p>\n<p>[\/et_pb_text][\/et_pb_column][et_pb_column type=&#8221;3_5&#8243; _builder_version=&#8221;4.4.1&#8243; global_colors_info=&#8221;{}&#8221;][et_pb_image src=&#8221;https:\/\/www.polic.si\/wp-content\/uploads\/2020\/03\/vine-bottle-3.jpg&#8221; _builder_version=&#8221;4.4.1&#8243; global_colors_info=&#8221;{}&#8221;][\/et_pb_image][\/et_pb_column][et_pb_column type=&#8221;1_5&#8243; _builder_version=&#8221;4.4.5&#8243; background_enable_color=&#8221;off&#8221; background_image=&#8221;https:\/\/www.polic.si\/wp-content\/uploads\/2020\/04\/olive-2.jpg&#8221; global_colors_info=&#8221;{}&#8221;][et_pb_text _builder_version=&#8221;4.4.5&#8243; link_font=&#8221;||||||||&#8221; link_text_align=&#8221;left&#8221; background_color=&#8221;#c8d300&#8243; custom_padding=&#8221;30px|20px|30px|20px|true|true&#8221; link_font_size_tablet=&#8221;&#8221; link_font_size_phone=&#8221;&#8221; link_font_size_last_edited=&#8221;on|desktop&#8221; global_colors_info=&#8221;{}&#8221; link_font_size__hover_enabled=&#8221;on|hover&#8221; link_font_size__hover=&#8221;32px&#8221;]<\/p>\n<h1><a href=\"https:\/\/www.polic.si\/oljcno-olje\/\">olj\u010dno olje\u00a0<span style=\"text-decoration: line-through;\"> \u00a0 \u00a0 \u00a0<\/span><\/a><\/h1>\n<p>Tudi v olj\u010dniku se tako kot v vinogradu dr\u017eimo biodinami\u010dnih na\u010del, ter pridelujemo ekolo\u0161ko olj\u010dno olje.<\/p>\n<p>[\/et_pb_text][\/et_pb_column][\/et_pb_row][\/et_pb_section][et_pb_section fb_built=&#8221;1&#8243; disabled_on=&#8221;on|off|off&#8221; _builder_version=&#8221;4.4.2&#8243; custom_padding=&#8221;0px||||false|false&#8221; global_colors_info=&#8221;{}&#8221;][et_pb_row _builder_version=&#8221;4.4.2&#8243; global_colors_info=&#8221;{}&#8221;][et_pb_column type=&#8221;4_4&#8243; _builder_version=&#8221;4.4.2&#8243; global_colors_info=&#8221;{}&#8221;][et_pb_divider color=&#8221;#000000&#8243; _builder_version=&#8221;4.4.2&#8243; global_colors_info=&#8221;{}&#8221;][\/et_pb_divider][et_pb_text _builder_version=&#8221;4.4.2&#8243; global_colors_info=&#8221;{}&#8221;]<\/p>\n<h1 style=\"text-align: center;\">instagram<\/h1>\n<p>[\/et_pb_text][et_pb_text _builder_version=&#8221;4.4.2&#8243; custom_margin=&#8221;0px||0px||true|false&#8221; custom_padding=&#8221;0px||0px||true|false&#8221; global_colors_info=&#8221;{}&#8221;]<\/p>\n<p><span>\n<div id=\"sb_instagram\"  class=\"sbi sbi_mob_col_1 sbi_tab_col_2 sbi_col_6\" style=\"padding-bottom: 6px; width: 100%; height: 100%;\"\t data-feedid=\"*1\"  data-res=\"auto\" data-cols=\"6\" data-colsmobile=\"1\" data-colstablet=\"2\" data-num=\"6\" data-nummobile=\"\" data-item-padding=\"3\"\t data-shortcode-atts=\"{}\"  data-postid=\"43\" data-locatornonce=\"ca67d82561\" data-imageaspectratio=\"1:1\" data-sbi-flags=\"favorLocal,gdpr\">\n\t\n\t<div id=\"sbi_images\"  style=\"gap: 6px;\">\n\t\t\t<\/div>\n\n\t<div id=\"sbi_load\" >\n\n\t\n\t\n<\/div>\n\t\t<span class=\"sbi_resized_image_data\" data-feed-id=\"*1\"\n\t\t  data-resized=\"[]\">\n\t<\/span>\n\t<\/div>\n\n<\/span><\/p>\n<p>[\/et_pb_text][\/et_pb_column][\/et_pb_row][\/et_pb_section]<\/p>\n","protected":false},"excerpt":{"rendered":"<p>Obi\u0161\u010dite nas Kulinari\u010dna presene\u010denja Nastanitve Veliko zanimivega je pri nas in veliko lahko ponudimo. Spo\u0161tujemo va\u0161o zasebnost, va\u0161o komoditeto in varnost.Veliko zanimivega je pri nas in veliko lahko ponudimo. Spo\u0161tujemo va\u0161o zasebnost, va\u0161o komoditeto in varnost. Trenutno so vsi obiski mo\u017eni le po predhodnem dogovoru. Prosimo vas, da nas kontaktirate preko e-po\u0161te: posestvo@polic.si ali na [&hellip;]<\/p>\n","protected":false},"author":2,"featured_media":0,"parent":0,"menu_order":0,"comment_status":"closed","ping_status":"closed","template":"","meta":{"_et_pb_use_builder":"on","_et_pb_old_content":"<!-- wp:divi\/placeholder \/-->","_et_gb_content_width":"","footnotes":""},"class_list":["post-43","page","type-page","status-publish","hentry"],"_links":{"self":[{"href":"https:\/\/www.polic.si\/en\/wp-json\/wp\/v2\/pages\/43","targetHints":{"allow":["GET"]}}],"collection":[{"href":"https:\/\/www.polic.si\/en\/wp-json\/wp\/v2\/pages"}],"about":[{"href":"https:\/\/www.polic.si\/en\/wp-json\/wp\/v2\/types\/page"}],"author":[{"embeddable":true,"href":"https:\/\/www.polic.si\/en\/wp-json\/wp\/v2\/users\/2"}],"replies":[{"embeddable":true,"href":"https:\/\/www.polic.si\/en\/wp-json\/wp\/v2\/comments?post=43"}],"version-history":[{"count":82,"href":"https:\/\/www.polic.si\/en\/wp-json\/wp\/v2\/pages\/43\/revisions"}],"predecessor-version":[{"id":2171,"href":"https:\/\/www.polic.si\/en\/wp-json\/wp\/v2\/pages\/43\/revisions\/2171"}],"wp:attachment":[{"href":"https:\/\/www.polic.si\/en\/wp-json\/wp\/v2\/media?parent=43"}],"curies":[{"name":"wp","href":"https:\/\/api.w.org\/{rel}","templated":true}]}}