{"id":1421,"date":"2020-04-17T21:22:15","date_gmt":"2020-04-17T19:22:15","guid":{"rendered":"https:\/\/www.polic.si\/?page_id=1421"},"modified":"2020-05-09T23:06:01","modified_gmt":"2020-05-09T21:06:01","slug":"piskotki-politika-zasebnosti","status":"publish","type":"page","link":"https:\/\/www.polic.si\/en\/piskotki-politika-zasebnosti\/","title":{"rendered":"Pi\u0161kotki &#038; Politika zasebnosti"},"content":{"rendered":"<p>[et_pb_section fb_built=&#8221;1&#8243; _builder_version=&#8221;4.4.3&#8243; background_color=&#8221;#c8d300&#8243; background_enable_color=&#8221;off&#8221; background_enable_image=&#8221;off&#8221; custom_margin=&#8221;||0px||false|false&#8221; custom_margin_tablet=&#8221;150px||||false|false&#8221; custom_margin_phone=&#8221;&#8221; custom_margin_last_edited=&#8221;on|desktop&#8221;][et_pb_row column_structure=&#8221;1_2,1_2&#8243; _builder_version=&#8221;4.4.3&#8243; width=&#8221;100%&#8221; width_tablet=&#8221;&#8221; width_phone=&#8221;&#8221; width_last_edited=&#8221;on|tablet&#8221; custom_margin=&#8221;0px||0px||true|false&#8221; custom_margin_tablet=&#8221;-140px||||false|false&#8221; custom_margin_phone=&#8221;&#8221; custom_margin_last_edited=&#8221;on|desktop&#8221; custom_padding=&#8221;0px||0px||true|false&#8221;][et_pb_column type=&#8221;1_2&#8243; _builder_version=&#8221;4.4.3&#8243; background_enable_color=&#8221;off&#8221; position_origin_r=&#8221;bottom_left&#8221; z_index=&#8221;500&#8243;][et_pb_text _builder_version=&#8221;4.4.5&#8243; text_line_height=&#8221;1.6em&#8221; header_font=&#8221;||||||||&#8221; header_text_align=&#8221;right&#8221; header_text_color=&#8221;#000000&#8243; header_font_size=&#8221;49px&#8221; header_2_font=&#8221;Baskervville||||||||&#8221; header_2_text_align=&#8221;left&#8221; header_2_text_color=&#8221;#000000&#8243; header_2_font_size=&#8221;48px&#8221; header_3_font=&#8221;sofia PRO||||||||&#8221; header_3_font_size=&#8221;17px&#8221; header_3_line_height=&#8221;1.5em&#8221; background_color=&#8221;#ffffff&#8221; custom_padding=&#8221;20px|20px|20px|20px|false|true&#8221; custom_padding_tablet=&#8221;&#8221; custom_padding_phone=&#8221;&#8221; custom_padding_last_edited=&#8221;on|phone&#8221; header_2_font_size_tablet=&#8221;&#8221; header_2_font_size_phone=&#8221;40px&#8221; header_2_font_size_last_edited=&#8221;on|tablet&#8221;]<\/p>\n<h2 style=\"text-align: right;\">Pi\u0161kotki &amp; Politika<span>\u00a0zasebnosti<\/span><\/h2>\n<p>[\/et_pb_text][\/et_pb_column][et_pb_column type=&#8221;1_2&#8243; _builder_version=&#8221;4.4.3&#8243; positioning=&#8221;none&#8221;][et_pb_image src=&#8221;https:\/\/www.polic.si\/wp-content\/uploads\/2020\/04\/vine-bottle-4.jpg&#8221; _builder_version=&#8221;4.4.3&#8243; transform_scale=&#8221;145%|145%&#8221; transform_scale_tablet=&#8221;&#8221; transform_scale_phone=&#8221;&#8221; transform_scale_last_edited=&#8221;on|desktop&#8221; transform_translate_tablet=&#8221;&#8221; transform_translate_phone=&#8221;&#8221; transform_translate_last_edited=&#8221;on|desktop&#8221; transform_rotate_tablet=&#8221;&#8221; transform_rotate_phone=&#8221;&#8221; transform_rotate_last_edited=&#8221;on|desktop&#8221; transform_skew_tablet=&#8221;&#8221; transform_skew_phone=&#8221;&#8221; transform_skew_last_edited=&#8221;on|desktop&#8221; transform_origin_tablet=&#8221;&#8221; transform_origin_phone=&#8221;&#8221; transform_origin_last_edited=&#8221;on|desktop&#8221; transform_styles_last_edited=&#8221;on|desktop&#8221; width=&#8221;100%&#8221; transform_styles_tablet=&#8221;&#8221; transform_styles_phone=&#8221;&#8221;][\/et_pb_image][\/et_pb_column][\/et_pb_row][\/et_pb_section][et_pb_section fb_built=&#8221;1&#8243; _builder_version=&#8221;4.4.3&#8243; custom_margin=&#8221;||0px||false|false&#8221; custom_padding=&#8221;||0px||false|false&#8221;][et_pb_row _builder_version=&#8221;4.4.3&#8243;][et_pb_column type=&#8221;4_4&#8243; _builder_version=&#8221;4.4.2&#8243;][et_pb_text _builder_version=&#8221;4.4.3&#8243; link_font=&#8221;sofia PRO||||||||&#8221; link_text_color=&#8221;#000000&#8243; custom_padding=&#8221;||0px|||&#8221; link_font_size__hover_enabled=&#8221;on|hover&#8221; link_font_size__hover=&#8221;32px&#8221;]<\/p>\n<h3>PI\u0160KOTKI<\/h3>\n<p>Spletna stran polic.si (e-po\u0161tna sporo\u010dila, spletne storitve, ogla\u0161evanje in interaktivne aplikacije za optimizacijo storitev itd.) uporablja pi\u0161kotke.<br \/> S pi\u0161kotki vas osebno ne identificiramo. Uporabljamo jih samo za bolj\u0161e delovanje spleti\u0161\u010da. Z uporabo tega spletnega mesta se strinjate, da spletno mesto www.polic.si nastavi pi\u0161kotke na va\u0161i napravi.<\/p>\n<h3>Kaj so pi\u0161kotki?<\/h3>\n<p>Pi\u0161kotki so manj\u0161e besedilne datoteke, obi\u010dajno iz \u010drk in \u0161tevilk, katere obiskano spletno mesto shrani v napravo (ra\u010dunalnik, mobilnik, tablica itd.) z namenom prepoznavanja teh naprav. Shranjevanje pi\u0161kotkov je pod nadzorom brskalnika \u2013 glejte spodaj: nadzor nad pi\u0161kotki.<\/p>\n<h3>Zakaj na\u0161a spletna stran potrebuje pi\u0161kotke?<\/h3>\n<p>Glavni namen pi\u0161kotka je, da (na\u0161emu) spletnemu stre\u017eniku omogo\u010di, da uporabniku predstavi prilagojene spletne strani, ki omogo\u010dajo, da je do\u017eivetje ob obisku (na\u0161e) spletne strani bolj osebno in da se bolje odziva na posamezne uporabnikove potrebe. Interakcija med uporabnikom in spletnim mestom je s pomo\u010djo pi\u0161kotkov hitrej\u0161a in enostavnej\u0161a. Z njihovo pomo\u010djo si spletna stran zapomni posameznikove preference in izku\u0161nje, s tem je uporabniku ob ponovnem obisku prihranjen \u010das, brskanje po spletnih straneh pa je tako bolj u\u010dinkovito in prijetno.<\/p>\n<h3>Zakaj na\u0161a spletna stran uporablja pi\u0161kotke?<\/h3>\n<p>Pi\u0161kotki so pomembno sredstvo za ohranjanje sve\u017ee in primerne vsebine, ki je v skladu z interesi in preferencami posameznega spletnega uporabnika. Razlogi za uporabo pi\u0161kotkov izhajajo iz njihovih lastnosti, ena izmed njih je shranjevanja podatkov o stanju posamezne spletne strani), pi\u0161kotki pomagajo pri izvajanju raznih spletnih storitev (spletne trgovine), pomagajo pri zbiranju raznih statistik, saj se le z njimi lahko spremlja pogostost obiskovanja dolo\u010dene spletne strani. S pomo\u010djo pi\u0161kotkov lahko upravljavec spletne strani oceni u\u010dinkovitost zasnove svoje spletne strani, kot tudi ustreznost vrste in \u0161tevila oglasov, ki jih ponujajo tretji uporabnikom na njegovi spletni strani.<\/p>\n<h3>Nadzor nad pi\u0161kotki ali kako lahko o(ne)mogo\u010dite pi\u0161kotke?<\/h3>\n<p>\u010ce \u017eelite spremeniti na\u010din uporabe pi\u0161kotkov v brskalniku, vklju\u010dno z blokiranjem ali izbrisom, lahko to storite z ustrezno spremembo nastavitev brskalnika.<\/p>\n<p><a href=\"https:\/\/support.google.com\/chrome\/answer\/95647?hl=en\" target=\"_blank\" rel=\"noopener noreferrer\">Google Chrome<\/a><br \/> <a href=\"https:\/\/support.mozilla.org\/en-US\/kb\/clear-cookies-and-site-data-firefox\" target=\"_blank\" rel=\"noopener noreferrer\">Firefox<\/a><br \/> <a href=\"https:\/\/support.microsoft.com\/en-us\/help\/17442\/windows-internet-explorer-delete-manage-cookies\" target=\"_blank\" rel=\"noopener noreferrer\">Internet Explorer 7, 8, 9<\/a><br \/> <a href=\"https:\/\/help.opera.com\/en\/latest\/web-preferences\/\" target=\"_blank\" rel=\"noopener noreferrer\">Opera<\/a><br \/> <a href=\"https:\/\/support.apple.com\/guide\/safari\/manage-cookies-and-website-data-sfri11471\/mac\" target=\"_blank\" rel=\"noopener noreferrer\">Safari<\/a><\/p>\n<p>[\/et_pb_text][et_pb_divider color=&#8221;#000000&#8243; divider_position=&#8221;center&#8221; _builder_version=&#8221;4.4.3&#8243;][\/et_pb_divider][\/et_pb_column][\/et_pb_row][\/et_pb_section][et_pb_section fb_built=&#8221;1&#8243; _builder_version=&#8221;4.4.3&#8243; custom_margin=&#8221;0px||0px||true|false&#8221; custom_padding=&#8221;0px||0px||true|false&#8221;][et_pb_row _builder_version=&#8221;4.4.3&#8243;][et_pb_column type=&#8221;4_4&#8243; _builder_version=&#8221;4.4.3&#8243;][et_pb_text _builder_version=&#8221;4.4.5&#8243; link_font=&#8221;sofia PRO||||||||&#8221; link_text_color=&#8221;#000000&#8243; custom_padding=&#8221;||0px|||&#8221; link_font_size__hover_enabled=&#8221;on|hover&#8221; link_font_size__hover=&#8221;32px&#8221;]<\/p>\n<h3>POLITIKA ZASEBNOSTI<\/h3>\n<p>Na\u0161e podjetje deluje preko spletne strani: polic.si. Ta stran vas obve\u0161\u010da o na\u0161ih pravilnikih glede zbiranja, uporabe in razkrivanja osebnih podatkov, ki jih prejmemo od uporabnikov spletnega mesta. Va\u0161e osebne podatke uporabljamo samo za zagotavljanje in izbolj\u0161anje spletnega mesta. Z uporabo spletnega mesta se strinjate z zbiranjem in uporabo informacij v skladu s tem pravilnikom.<\/p>\n<h3>Zbiranje in uporaba informacij<\/h3>\n<p>Med uporabo na\u0161e strani vas lahko prosimo, da nam posredujete nekatere osebne podatke, s katerimi lahko vzpostavimo stik ali vas identificiramo. Podatki, ki jih je mogo\u010de osebno prepoznati, lahko vklju\u010dujejo va\u0161e ime (vendar niso omejeno nanje) (\u201eOsebni podatki\u201c).<br \/>Podatki dnevnika. Tako kot mnogi operaterji spletnih mest zbiramo podatke, ki jih va\u0161 brskalnik po\u0161lje vsaki\u010d, ko obi\u0161\u010dete na\u0161o spletno stran (&#8220;Podatki dnevnika&#8221;).<\/p>\n<p>Ti dnevni\u0161ki podatki lahko vklju\u010dujejo podatke, kot so naslov internetnega protokola va\u0161ega ra\u010dunalnika (&#8220;IP&#8221;), vrsta brskalnika, razli\u010dica brskalnika, strani na\u0161ega spletnega mesta, ki jih obi\u0161\u010dete, \u010das in datum va\u0161ega obiska, \u010das, porabljen na teh straneh in druga statistika. Poleg tega lahko uporabljamo storitve tretjih oseb, kot je Google Analytics, ki to zbirajo, spremljajo in analizirajo.<\/p>\n<h3>Komunikacije<\/h3>\n<p>Va\u0161e osebne podatke bomo lahko uporabili, da vas bomo kontaktirali z novicami, tr\u017enimi ali promocijskimi materiali in drugimi informacijami.<\/p>\n<h3>Pi\u0161kotki<\/h3>\n<p>Pi\u0161kotki so datoteke z majhno koli\u010dino podatkov, ki lahko vklju\u010dujejo anonimni enoli\u010dni identifikator. Pi\u0161kotki se po\u0161ljejo v va\u0161 brskalnik s spletnega mesta in se shranijo na trdi disk va\u0161ega ra\u010dunalnika. Kot \u0161tevilna spletna mesta tudi za zbiranje informacij uporabljamo pi\u0161kotke. Brskalniku lahko naro\u010dite, da zavrne vse pi\u0161kotke ali navede, kdaj se pi\u0161kotek po\u0161ilja. \u010ce pa pi\u0161kotkov ne sprejmete, morda ne boste mogli uporabljati nekaterih delov na\u0161ega spletnega mesta.<\/p>\n<h3>Varnost<\/h3>\n<p>Varnost va\u0161ih osebnih podatkov nam je pomembna, vendar ne pozabite, da noben na\u010din prenosa po internetu ali na\u010din elektronskega shranjevanja ni stoodstotno varen. \u010ceprav si prizadevamo za za\u0161\u010dito va\u0161ih osebnih podatkov, z uporabo komercialno sprejemljivih sredstev, ne moremo zagotoviti njihove popolne varnosti.<\/p>\n<h3>Spremembe tega pravilnika o zasebnosti<\/h3>\n<p>Ta politika zasebnosti velja od aprila 2020 in bo ostala v veljavi, razen v zvezi s kakr\u0161nimi koli spremembami njenih dolo\u010db v prihodnosti, ki bodo veljale takoj po objavi na tej strani.<\/p>\n<p>Pridr\u017eujemo si pravico, da kadar koli posodobimo ali spremenimo na\u0161 pravilnik o zasebnosti, ki ga lahko redno preverjate. Va\u0161a nadaljnja uporaba storitve po tem, ko na tej strani objavimo kakr\u0161ne koli spremembe pravilnika o zasebnosti, bo predstavljala va\u0161o potrditev sprememb in va\u0161e soglasje, da boste upo\u0161tevali in sprejeli spremenjeni pravilnik o zasebnosti.<\/p>\n<p>\u010ce bomo v tem pravilniku o zasebnosti spremenili kakr\u0161ne koli pomembne spremembe, vas bomo obvestili bodisi prek e-po\u0161tnega naslova, ki ste nam ga posredovali, bodisi s pomembnim obvestilom na na\u0161em spletnem mestu.<\/p>\n<p>\u010ce imate kakr\u0161na koli vpra\u0161anja o tej politiki zasebnosti, nas <a href=\"https:\/\/www.polic.si\/kontakt\/\">kontaktirajte<\/a>.<\/p>\n<p><em>Nazadnje posodobljeno: maja 2020<\/em><\/p>\n<p>&nbsp;<\/p>\n<p>[\/et_pb_text][et_pb_divider color=&#8221;#000000&#8243; divider_position=&#8221;center&#8221; _builder_version=&#8221;4.4.3&#8243;][\/et_pb_divider][\/et_pb_column][\/et_pb_row][\/et_pb_section][et_pb_section fb_built=&#8221;1&#8243; _builder_version=&#8221;4.4.1&#8243;][et_pb_row column_structure=&#8221;1_5,3_5,1_5&#8243; use_custom_gutter=&#8221;on&#8221; gutter_width=&#8221;1&#8243; make_equal=&#8221;on&#8221; _builder_version=&#8221;4.4.5&#8243; width=&#8221;90%&#8221; hover_enabled=&#8221;0&#8243;][et_pb_column type=&#8221;1_5&#8243; _builder_version=&#8221;4.4.1&#8243; background_color=&#8221;#e61a79&#8243;][et_pb_text _builder_version=&#8221;4.4.5&#8243; link_font=&#8221;||||||||&#8221; link_text_align=&#8221;left&#8221; background_color=&#8221;rgba(0,0,0,0)&#8221; custom_padding=&#8221;30px|20px|30px|20px|true|true&#8221; hover_enabled=&#8221;0&#8243; link_font_size_tablet=&#8221;&#8221; link_font_size_phone=&#8221;&#8221; link_font_size_last_edited=&#8221;on|desktop&#8221; link_font_size__hover=&#8221;32px&#8221; link_font_size__hover_enabled=&#8221;on|hover&#8221;]<\/p>\n<h1><a href=\"https:\/\/www.polic.si\/vinaco\/\">Vino&amp;Co\u00a0<span style=\"text-decoration: line-through;\">\u00a0 \u00a0 \u00a0 \u00a0\u00a0<\/span><\/a><\/h1>\n<p>izjemno nekonvencionalna<\/p>\n<p>[\/et_pb_text][\/et_pb_column][et_pb_column type=&#8221;3_5&#8243; _builder_version=&#8221;4.4.1&#8243;][et_pb_image src=&#8221;https:\/\/www.polic.si\/wp-content\/uploads\/2020\/03\/vine-bottle-3.jpg&#8221; _builder_version=&#8221;4.4.1&#8243;][\/et_pb_image][\/et_pb_column][et_pb_column type=&#8221;1_5&#8243; _builder_version=&#8221;4.4.5&#8243; background_enable_color=&#8221;off&#8221; background_image=&#8221;https:\/\/www.polic.si\/wp-content\/uploads\/2020\/04\/olive-2.jpg&#8221; hover_enabled=&#8221;0&#8243; title_text=&#8221;olive&#8221;][et_pb_text _builder_version=&#8221;4.4.5&#8243; link_font=&#8221;||||||||&#8221; link_text_align=&#8221;left&#8221; background_color=&#8221;#c8d300&#8243; custom_padding=&#8221;30px|20px|30px|20px|true|true&#8221; hover_enabled=&#8221;0&#8243; link_font_size_tablet=&#8221;&#8221; link_font_size_phone=&#8221;&#8221; link_font_size_last_edited=&#8221;on|desktop&#8221; link_font_size__hover_enabled=&#8221;on|hover&#8221; link_font_size__hover=&#8221;32px&#8221;]<\/p>\n<h1><a href=\"https:\/\/www.polic.si\/oljcno-olje\/\">olj\u010dno olje\u00a0<span style=\"text-decoration: line-through;\"> \u00a0 \u00a0 \u00a0<\/span><\/a><\/h1>\n<p>Tudi v olj\u010dniku se tako kot v vinogradu dr\u017eimo biodinami\u010dnih na\u010del, ter pridelujemo ekolo\u0161ko olj\u010dno olje.<\/p>\n<p>[\/et_pb_text][\/et_pb_column][\/et_pb_row][\/et_pb_section]<\/p>\n","protected":false},"excerpt":{"rendered":"<p>Pi\u0161kotki &amp; Politika\u00a0zasebnostiPI\u0160KOTKI Spletna stran polic.si (e-po\u0161tna sporo\u010dila, spletne storitve, ogla\u0161evanje in interaktivne aplikacije za optimizacijo storitev itd.) uporablja pi\u0161kotke. S pi\u0161kotki vas osebno ne identificiramo. Uporabljamo jih samo za bolj\u0161e delovanje spleti\u0161\u010da. Z uporabo tega spletnega mesta se strinjate, da spletno mesto www.polic.si nastavi pi\u0161kotke na va\u0161i napravi. Kaj so pi\u0161kotki? Pi\u0161kotki so manj\u0161e [&hellip;]<\/p>\n","protected":false},"author":2,"featured_media":0,"parent":0,"menu_order":0,"comment_status":"closed","ping_status":"closed","template":"","meta":{"_et_pb_use_builder":"on","_et_pb_old_content":"<!-- wp:divi\/placeholder \/-->","_et_gb_content_width":"","footnotes":""},"class_list":["post-1421","page","type-page","status-publish","hentry"],"_links":{"self":[{"href":"https:\/\/www.polic.si\/en\/wp-json\/wp\/v2\/pages\/1421","targetHints":{"allow":["GET"]}}],"collection":[{"href":"https:\/\/www.polic.si\/en\/wp-json\/wp\/v2\/pages"}],"about":[{"href":"https:\/\/www.polic.si\/en\/wp-json\/wp\/v2\/types\/page"}],"author":[{"embeddable":true,"href":"https:\/\/www.polic.si\/en\/wp-json\/wp\/v2\/users\/2"}],"replies":[{"embeddable":true,"href":"https:\/\/www.polic.si\/en\/wp-json\/wp\/v2\/comments?post=1421"}],"version-history":[{"count":20,"href":"https:\/\/www.polic.si\/en\/wp-json\/wp\/v2\/pages\/1421\/revisions"}],"predecessor-version":[{"id":2017,"href":"https:\/\/www.polic.si\/en\/wp-json\/wp\/v2\/pages\/1421\/revisions\/2017"}],"wp:attachment":[{"href":"https:\/\/www.polic.si\/en\/wp-json\/wp\/v2\/media?parent=1421"}],"curies":[{"name":"wp","href":"https:\/\/api.w.org\/{rel}","templated":true}]}}